{"id":177,"date":"2015-04-24T11:42:49","date_gmt":"2015-04-24T09:42:49","guid":{"rendered":"http:\/\/klubmamgdynia.pl\/index.php\/produkt\/jumbo-puzzle-1000el-falcon-walia\/"},"modified":"2026-04-22T06:50:09","modified_gmt":"2026-04-22T04:50:09","slug":"jumbo-puzzle-1000el-falcon-walia","status":"publish","type":"product","link":"http:\/\/klubmamgdynia.pl\/index.php\/produkt\/jumbo-puzzle-1000el-falcon-walia\/","title":{"rendered":"Jumbo Puzzle 1000El. Falcon Walia"},"content":{"rendered":"<p>PUZZLE: 1000 ELEMENT\u00d3W PRODUCENT: JUMBO &#8211; FALCON DE LUX NAZWA: WALIA INDEX: 11341 KOD EAN: 8710126113417 ROZMIAR: 680 x 490 mm WYMIARY PUDE\u0141KA: 370 x 270 x 70 mm WALIARzemios\u0142o ci\u0105gle jest w cenie&#8230; Jako\u015b\u0107 by\u0142a obsesj\u0105 Jumbo od ponad 160 lat. Odk\u0105d firma zacz\u0119\u0142a tworzy\u0107 puzzle, stosuje najbardziej wymagaj\u0105ce i innowacyjne techniki, aby stworzy\u0107 puzzle najwy\u017cszej jako\u015bci. Dba\u0142o\u015b\u0107 o ka\u017cdy detal to znak rozpoznawczy holenderskiego producenta. Do produkcji wszystkich puzzli, zar\u00f3wno dla dzieci, jak i dla doros\u0142ych, wykorzystywane s\u0105 materia\u0142y najwy\u017cszej jako\u015bci. Podstawowym surowcem jest starannie wyselekcjonowany, przyjazny dla \u015brodowiska, mo\u017cliwie najtrwalszy karton. Dzi\u0119ki temu, ka\u017cdy element uk\u0142adanki zachowuje sw\u00f3j optymalny kszta\u0142t i idealnie wpisuje si\u0119 w wi\u0119ksz\u0105 ca\u0142o\u015b\u0107 &#8211; za ka\u017cdym razem.<\/p>\n<h2>Jumbo Puzzle 1000El. Falcon Walia Jumbo<\/h2>\n<p>asiunia test z lektury, po \u0142\u0105ce biega lato tekst, kolorowanki zwierz\u0119ta, atrakcje dla dzieci tr\u00f3jmiasto, w uk\u0142adzie s\u0142onecznym tekst, najlepsze pranki na prima aprilis, testy z lektury opowie\u015bci z narnii lew czarownica i stara szafa, fabian<\/p>\n<p>yyyyy<\/p>\n<p>&nbsp;<\/p>\n","protected":false},"excerpt":{"rendered":"<p>PUZZLE: 1000 ELEMENT\u00d3W PRODUCENT: JUMBO &#8211; FALCON DE LUX NAZWA: WALIA INDEX: 11341 KOD EAN: 8710126113417 ROZMIAR: 680 x 490 mm WYMIARY PUDE\u0141KA: 370 x 270 x 70 mm WALIARzemios\u0142o ci\u0105gle jest w cenie&#8230; Jako\u015b\u0107 by\u0142a obsesj\u0105 Jumbo od ponad 160 lat. Odk\u0105d firma zacz\u0119\u0142a tworzy\u0107 puzzle, stosuje najbardziej wymagaj\u0105ce i innowacyjne techniki, aby stworzy\u0107 [&hellip;]<\/p>\n","protected":false},"featured_media":178,"comment_status":"closed","ping_status":"open","template":"","meta":[],"product_cat":[89,90],"product_tag":[772,658,807,581],"class_list":["post-177","product","type-product","status-publish","has-post-thumbnail","hentry","product_cat-jumbo","product_cat-puzzle","product_tag-45-panstw-europy-i-ich-stolice-quiz","product_tag-alan-znaczenie-imienia","product_tag-logiczne-zagadki","product_tag-zagadki-dla-8-latka"],"_links":{"self":[{"href":"http:\/\/klubmamgdynia.pl\/index.php\/wp-json\/wp\/v2\/product\/177","targetHints":{"allow":["GET"]}}],"collection":[{"href":"http:\/\/klubmamgdynia.pl\/index.php\/wp-json\/wp\/v2\/product"}],"about":[{"href":"http:\/\/klubmamgdynia.pl\/index.php\/wp-json\/wp\/v2\/types\/product"}],"replies":[{"embeddable":true,"href":"http:\/\/klubmamgdynia.pl\/index.php\/wp-json\/wp\/v2\/comments?post=177"}],"wp:featuredmedia":[{"embeddable":true,"href":"http:\/\/klubmamgdynia.pl\/index.php\/wp-json\/wp\/v2\/media\/178"}],"wp:attachment":[{"href":"http:\/\/klubmamgdynia.pl\/index.php\/wp-json\/wp\/v2\/media?parent=177"}],"wp:term":[{"taxonomy":"product_cat","embeddable":true,"href":"http:\/\/klubmamgdynia.pl\/index.php\/wp-json\/wp\/v2\/product_cat?post=177"},{"taxonomy":"product_tag","embeddable":true,"href":"http:\/\/klubmamgdynia.pl\/index.php\/wp-json\/wp\/v2\/product_tag?post=177"}],"curies":[{"name":"wp","href":"https:\/\/api.w.org\/{rel}","templated":true}]}}