{"id":1770,"date":"2013-08-10T03:15:22","date_gmt":"2013-08-10T01:15:22","guid":{"rendered":"http:\/\/klubmamgdynia.pl\/index.php\/produkt\/cada-bialy-pojazd-samochod-wyscigowy-ae86-trueno\/"},"modified":"2026-04-07T12:44:46","modified_gmt":"2026-04-07T10:44:46","slug":"cada-bialy-pojazd-samochod-wyscigowy-ae86-trueno","status":"publish","type":"product","link":"http:\/\/klubmamgdynia.pl\/index.php\/produkt\/cada-bialy-pojazd-samochod-wyscigowy-ae86-trueno\/","title":{"rendered":"Cada Bia\u0142y Pojazd Samoch\u00f3d Wy\u015bcigowy Ae86 Trueno"},"content":{"rendered":"<p>Cada zestaw klock\u00f3w konstrukcyjnych bia\u0142y AE86 TruenoWyprodukowane przez mark\u0119 Double Eagle klocki do budowy zdalnie sterowanych pojazd\u00f3w.Pochodzi z serii zainspirowanej popularn\u0105 japo\u0144sk\u0105 mang\u0105 Initial-D.Jest to pe\u0142na detali replika pojazdu z mangi.Zestaw pozwala na samodzielne zbudowanie zdalnie sterowanego pojazdu.Elementy s\u0105 kompatybilne z innymi zestawami Cada oraz klockami lego, co pozwala na dowolne modyfikacje zabawki.Klocki s\u0105 wytrzyma\u0142e, a wiele element\u00f3w zestawu jest ruchomych.Ten zestaw sprawdzi si\u0119 dla tych, kt\u00f3rzy lubi\u0105 projekty manualne i ch\u0119tnie rozwijaj\u0105 swoj\u0105 wyobra\u017ani\u0119.Po z\u0142o\u017ceniu samochodu i do\u0142o\u017ceniu nap\u0119du (brak w zestawie) mo\u017cemy z \u0142atwo\u015bci\u0105 nim sterowa\u0107 za pomoc\u0105 pilota (brak w zestawie).Zabawka przeznaczona dla dzieci powy\u017cej 8 roku \u017cycia.Zestaw sk\u0142ada si\u0119 z 1324 element\u00f3w. Istnieje mo\u017cliwo\u015b\u0107 zamontowania nap\u0119du i zdalnego sterowania pojazdem.istnieje mo\u017cliwo\u015b\u0107 zamontowania nap\u0119du RC (brak w zestawie)otwierane drzwi, maska, baga\u017cnikpe\u0142ne detali wn\u0119trzezestaw przeznaczony dla dzieci od 8 roku \u017cyciailo\u015b\u0107 element\u00f3w: 1324produkt nowy; ze wzgl\u0119du na ryzyko uszkodzenia w niekt\u00f3rych miejscach producent zabezpieczy\u0142 opakowanie podw\u00f3jn\u0105 ta\u015bm\u0105wymiary opakowania: 46,5 x 38,5 x 10,5 cmkod producenta: C61024W<\/p>\n<h2>Cada Bia\u0142y Pojazd Samoch\u00f3d Wy\u015bcigowy Ae86 Trueno Cada<\/h2>\n<p>kolorowanka spiderman, jak narysowa\u0107 kr\u00f3lika, \u015bw przemys\u0142aw, liwia imi\u0119, sentencja rodzina, laurka dla babci, opisy do zdj\u0119\u0107 dziecka, narodziny dziecka cytat, prank na prima aprilis, jak narysowa\u0107 kr\u00f3lika<\/p>\n<p>yyyyy<\/p>\n<p>&nbsp;<\/p>\n","protected":false},"excerpt":{"rendered":"<p>Cada zestaw klock\u00f3w konstrukcyjnych bia\u0142y AE86 TruenoWyprodukowane przez mark\u0119 Double Eagle klocki do budowy zdalnie sterowanych pojazd\u00f3w.Pochodzi z serii zainspirowanej popularn\u0105 japo\u0144sk\u0105 mang\u0105 Initial-D.Jest to pe\u0142na detali replika pojazdu z mangi.Zestaw pozwala na samodzielne zbudowanie zdalnie sterowanego pojazdu.Elementy s\u0105 kompatybilne z innymi zestawami Cada oraz klockami lego, co pozwala na dowolne modyfikacje zabawki.Klocki s\u0105 wytrzyma\u0142e, [&hellip;]<\/p>\n","protected":false},"featured_media":1771,"comment_status":"closed","ping_status":"open","template":"","meta":[],"product_cat":[460,113],"product_tag":[859,661,608],"class_list":["post-1770","product","type-product","status-publish","has-post-thumbnail","hentry","product_cat-cada","product_cat-klocki","product_tag-dobranoc-pchly-na-noc","product_tag-swinka-peppa-kolorowanka","product_tag-zagadki-i-odpowiedzi"],"_links":{"self":[{"href":"http:\/\/klubmamgdynia.pl\/index.php\/wp-json\/wp\/v2\/product\/1770","targetHints":{"allow":["GET"]}}],"collection":[{"href":"http:\/\/klubmamgdynia.pl\/index.php\/wp-json\/wp\/v2\/product"}],"about":[{"href":"http:\/\/klubmamgdynia.pl\/index.php\/wp-json\/wp\/v2\/types\/product"}],"replies":[{"embeddable":true,"href":"http:\/\/klubmamgdynia.pl\/index.php\/wp-json\/wp\/v2\/comments?post=1770"}],"wp:featuredmedia":[{"embeddable":true,"href":"http:\/\/klubmamgdynia.pl\/index.php\/wp-json\/wp\/v2\/media\/1771"}],"wp:attachment":[{"href":"http:\/\/klubmamgdynia.pl\/index.php\/wp-json\/wp\/v2\/media?parent=1770"}],"wp:term":[{"taxonomy":"product_cat","embeddable":true,"href":"http:\/\/klubmamgdynia.pl\/index.php\/wp-json\/wp\/v2\/product_cat?post=1770"},{"taxonomy":"product_tag","embeddable":true,"href":"http:\/\/klubmamgdynia.pl\/index.php\/wp-json\/wp\/v2\/product_tag?post=1770"}],"curies":[{"name":"wp","href":"https:\/\/api.w.org\/{rel}","templated":true}]}}