{"id":1772,"date":"2025-07-14T16:18:29","date_gmt":"2025-07-14T14:18:29","guid":{"rendered":"http:\/\/klubmamgdynia.pl\/?post_type=product&#038;p=1772"},"modified":"2026-04-19T00:40:01","modified_gmt":"2026-04-18T22:40:01","slug":"gra-planszowa-tm-toys-rummikub-novo","status":"publish","type":"product","link":"http:\/\/klubmamgdynia.pl\/index.php\/produkt\/gra-planszowa-tm-toys-rummikub-novo\/","title":{"rendered":"Gra planszowa TM Toys Rummikub Novo"},"content":{"rendered":"<p>Rummikub Novo to znana i lubiana gra strategiczna, kt\u00f3ra przypadnie do gustu zar\u00f3wno dzieciom i doros\u0142ym. Optymalna liczba graczy wynosi dwie do czterech os\u00f3b, co sprawia, \u017ce gra stanowi \u015bwietny pomys\u0142 na sp\u0119dzenie czasu w rodzinnym gronie.\u00a0                            <\/p>\n<p>Rummikub Novo Celem gry liczbowej Novo jest uk\u0142adanie posiadanych kostek w ci\u0105gi liczb w taki spos\u00f3b, by jak najszybciej pozby\u0107 si\u0119 wszystkich kostek, jednocze\u015bnie zdobywaj\u0105c jak najwi\u0119ksz\u0105 liczb\u0119 punkt\u00f3w. Gra nie wymaga skomplikowanej wiedzy matematycznej, lecz jedynie znajomo\u015bci porz\u0105dku liczbowego i podstawowych umiej\u0119tno\u015bci dodawania, dzi\u0119ki czemu dzieci bez trudu odnajd\u0105 si\u0119 w rozgrywce. Now\u0105 wersj\u0119 gry Rummikub Novo cechuje wysoka odporno\u015b\u0107 na r\u00f3\u017cnego rodzaju uszkodzenia mechaniczne, a tak\u017ce ergonomiczne, zakrzywione p\u0142yki, u\u0142atwiaj\u0105ce ich uk\u0142adanie.<br \/>\n\u00a0Zabawa pozwoli na rozw\u00f3j my\u015blenia logicznego, sprytu i cierpliwo\u015bci, a tak\u017ce utrwalenie posiadanych umiej\u0119tno\u015bci matematycznych.                            <\/p>\n<p>Rummikub to jedna z najpopularniejszych gier na \u015bwiecie.<br \/>\nPosiada proste zasadySzybka i ciekawa akcja gryKa\u017cda rozgrywka jest inna<br \/>\n\u00a0Jako\u015b\u0107Now\u0105 wersje cechuje wysoka wytrzyma\u0142o\u015b\u0107 na uszkodzenia mechaniczne oraz wygodniejsze u\u017cytkowanie gry (zakrzywione p\u0142ytki, kt\u00f3re s\u0105 \u0142atwiejsze do uk\u0142adania jedna na drugiej oraz zakrzywione podstawki na p\u0142ytki).\u00a0EdukacjaGra Rummikub wspiera rozw\u00f3j logicznego my\u015blenia, nauk\u0119 liczenia oraz rozwija spostrzegawczo\u015b\u0107.\u00a0Zasady gryGra przeznaczona jest dla 2-4 graczy. Posiada przejrzyste i proste zasady a scenariusz gry jest dynamiczny.\u00a0                            <\/p>\n<p>Zawarto\u015b\u0107 zestawu:104 p\u0142ytki z liczbami (w czterech kolorach, o warto\u015bciach od 1 do 13),2 jokery,4 stojaki (tabliczki do umieszczenia p\u0142ytek),instrukcja.<\/p>\n<h2>Gra planszowa TM Toys Rummikub Novo TM Toys<\/h2>\n<p>kr\u00f3tkie bajki do czytania pdf, ma\u0142y ksi\u0105\u017ce test, adriana znaczenie imienia, afryka\u0144skie imiona, niech \u017cyj\u0105 wakacje tekst, prezenty na roczek, co na roczek dla dziewczynki, logiczne zagadki dla dzieci, \u015bmieszne zagadki z odpowiedziami, prezenty dla nastolatek, prezent dla dziecka na roczek<\/p>\n<p>yyyyy<\/p>\n<p>&nbsp;<\/p>\n","protected":false},"excerpt":{"rendered":"<p>Rummikub Novo to znana i lubiana gra strategiczna, kt\u00f3ra przypadnie do gustu zar\u00f3wno dzieciom i doros\u0142ym. Optymalna liczba graczy wynosi dwie do czterech os\u00f3b, co sprawia, \u017ce gra stanowi \u015bwietny pomys\u0142 na sp\u0119dzenie czasu w rodzinnym gronie.\u00a0 Rummikub Novo Celem gry liczbowej Novo jest uk\u0142adanie posiadanych kostek w ci\u0105gi liczb w taki spos\u00f3b, by jak [&hellip;]<\/p>\n","protected":false},"featured_media":1773,"comment_status":"closed","ping_status":"open","template":"","meta":[],"product_cat":[235,145],"product_tag":[871,681,704],"class_list":["post-1772","product","type-product","status-publish","has-post-thumbnail","hentry","product_cat-gry-planszowe","product_cat-tm-toys","product_tag-bajka-o-smoku-wawelskim","product_tag-flagi-europy-quiz","product_tag-prezent-dla-nastolatka"],"_links":{"self":[{"href":"http:\/\/klubmamgdynia.pl\/index.php\/wp-json\/wp\/v2\/product\/1772","targetHints":{"allow":["GET"]}}],"collection":[{"href":"http:\/\/klubmamgdynia.pl\/index.php\/wp-json\/wp\/v2\/product"}],"about":[{"href":"http:\/\/klubmamgdynia.pl\/index.php\/wp-json\/wp\/v2\/types\/product"}],"replies":[{"embeddable":true,"href":"http:\/\/klubmamgdynia.pl\/index.php\/wp-json\/wp\/v2\/comments?post=1772"}],"wp:featuredmedia":[{"embeddable":true,"href":"http:\/\/klubmamgdynia.pl\/index.php\/wp-json\/wp\/v2\/media\/1773"}],"wp:attachment":[{"href":"http:\/\/klubmamgdynia.pl\/index.php\/wp-json\/wp\/v2\/media?parent=1772"}],"wp:term":[{"taxonomy":"product_cat","embeddable":true,"href":"http:\/\/klubmamgdynia.pl\/index.php\/wp-json\/wp\/v2\/product_cat?post=1772"},{"taxonomy":"product_tag","embeddable":true,"href":"http:\/\/klubmamgdynia.pl\/index.php\/wp-json\/wp\/v2\/product_tag?post=1772"}],"curies":[{"name":"wp","href":"https:\/\/api.w.org\/{rel}","templated":true}]}}