{"id":1778,"date":"2025-07-29T14:12:38","date_gmt":"2025-07-29T12:12:38","guid":{"rendered":"http:\/\/klubmamgdynia.pl\/?post_type=product&#038;p=1778"},"modified":"2026-04-07T10:32:50","modified_gmt":"2026-04-07T08:32:50","slug":"carrera-carrera-260-s-08a-m9","status":"publish","type":"product","link":"http:\/\/klubmamgdynia.pl\/index.php\/produkt\/carrera-carrera-260-s-08a-m9\/","title":{"rendered":"Carrera Carrera 260\/S 08A\/M9"},"content":{"rendered":"<p>O CarreraChcesz wygl\u0105da\u0107 oryginalnie i niekonwencjonalnie? Niech twoje okulary m\u00f3wi\u0105 same za siebie i odwa\u017cnie wykonuj \u015bmia\u0142e projekty Carrery. S\u0142ynna w\u0142oska marka proponuje charakterystyczne okulary, prostok\u0105tne, okr\u0105g\u0142e i kwadratowe. O tych okularach Oprawki kwadratowe doskonale sprawdz\u0105 si\u0119 w przypadku os\u00f3b o diamentowych, owalnych i okr\u0105g\u0142ych twarzach.Te okulary s\u0105 wyposa\u017cone w elastyczne zawiasy zausznik\u00f3w, co jest doskona\u0142ym elementem dla tych, kt\u00f3rzy cz\u0119sto zdejmuj\u0105 okulary!Czarne oprawki s\u0105 doskona\u0142ym wyborem zar\u00f3wno na co dzie\u0144, jak i od \u015bwi\u0119ta. Gwarantuj\u0105 ponadczasowy, elegancki styl.Materia\u0142em jest lekkie i wytrzyma\u0142e tworzywo sztuczne.Szary kolor soczewek zmniejsza odblaski i poprawia postrzeganie kolor\u00f3w.Do tych okular\u00f3w przeciws\u0142onecznych dodano polaryzacj\u0119. Soczewki polaryzacyjne zawieraj\u0105 specjalny filtr, kt\u00f3ry blokuje intensywne \u015bwiat\u0142o odbite, co w efekcie zmniejsza odblaski i dodatkowo chroni oczy.Oprawki posiadaj\u0105 eleganckie, matowe wyko\u0144czenie. Oprawki posiadaj\u0105 eleganckie, l\u015bni\u0105ce wyko\u0144czenie. Te okulary s\u0105 odpowiednie do jazdy. S\u0105 wyposa\u017cone w filtr polaryzacyjny, kt\u00f3ry pomaga zredukowa\u0107 odblaski i odbicia \u015bwiat\u0142a.Chcesz sprawdzi\u0107, czy te okulary s\u0105 dla Ciebie idealne? Przyjrzyj si\u0119 bli\u017cej dzi\u0119ki naszemu wirtualnemu narz\u0119dziu do przymierzania!Dodaj soczewki korekcyjne do tych okular\u00f3wJe\u015bli te okulary przeciws\u0142oneczne wpad\u0142y Ci w oko, ale zastanawiasz si\u0119, czy m\u00f3g\u0142by\u015b wyposa\u017cy\u0107 je w soczewki korekcyjne, to masz szcz\u0119\u015bcie! Dla ka\u017cdej pary okular\u00f3w przeciws\u0142onecznych w tej kategorii mo\u017cesz klikn\u0105\u0107 opcj\u0119 dodania soczewek korekcyjnych. Przeniesie Ci\u0119 to do naszego formularza zam\u00f3wienia soczewek korekcyjnych, gdzie b\u0119dziesz musia\u0142 wpisa\u0107 swoje parametry i okre\u015bli\u0107 rodzaj potrzebnych soczewek. Aby soczewki pozosta\u0142y okularami przeciws\u0142onecznymi, upewnij si\u0119, \u017ce w zak\u0142adce &#8222;Specjalne dodatki do soczewek okularowych&#8221; zaznaczy\u0142e\u015b opcj\u0119 &#8222;szk\u0142a przeciws\u0142oneczne&#8221;. Mo\u017cesz dostosowa\u0107 soczewki do swoich potrzeb, wybieraj\u0105c r\u00f3\u017cne kolory, intensywno\u015b\u0107 zabarwienia i pow\u0142oki. Je\u015bli podobaj\u0105 Ci si\u0119 oprawki, ale wolisz inny rodzaj soczewek, mo\u017cesz wybra\u0107 soczewki przezroczyste, soczewki fotochromowe, soczewki blokuj\u0105ce \u015bwiat\u0142o niebieskie i wiele innych. Sprawd\u017a to i nie wahaj si\u0119 z nami skontaktowa\u0107, je\u015bli nie jeste\u015b pewien, jak post\u0119powa\u0107. Kiedy ju\u017c otrzymamy Twoje zam\u00f3wienie, nasi do\u015bwiadczeni optycy w ci\u0105gu kilku dni przygotuj\u0105 Twoje korekcyjne okulary przeciws\u0142oneczne. Zanim si\u0119 obejrzysz, zostan\u0105 one dostarczone do Twoich drzwi!<\/p>\n<h2>Carrera Carrera 260\/S 08A\/M9 Carrera<\/h2>\n<p>imi\u0119 dla dziewczynki 2019, kolorowanki dla ch\u0142opc\u00f3w, m\u00f3j przyjaciel mi\u015b scenariusz zaj\u0119\u0107 w przedszkolu, \u0142atwe laurki<\/p>\n<p>yyyyy<\/p>\n<p>&nbsp;<\/p>\n","protected":false},"excerpt":{"rendered":"<p>O CarreraChcesz wygl\u0105da\u0107 oryginalnie i niekonwencjonalnie? Niech twoje okulary m\u00f3wi\u0105 same za siebie i odwa\u017cnie wykonuj \u015bmia\u0142e projekty Carrery. S\u0142ynna w\u0142oska marka proponuje charakterystyczne okulary, prostok\u0105tne, okr\u0105g\u0142e i kwadratowe. O tych okularach Oprawki kwadratowe doskonale sprawdz\u0105 si\u0119 w przypadku os\u00f3b o diamentowych, owalnych i okr\u0105g\u0142ych twarzach.Te okulary s\u0105 wyposa\u017cone w elastyczne zawiasy zausznik\u00f3w, co jest [&hellip;]<\/p>\n","protected":false},"featured_media":1779,"comment_status":"closed","ping_status":"open","template":"","meta":[],"product_cat":[140,154],"product_tag":[789,651,794],"class_list":["post-1778","product","type-product","status-publish","has-post-thumbnail","hentry","product_cat-carrera","product_cat-okulary-przeciwsloneczne-damskie","product_tag-kaczuszka","product_tag-quizy-online","product_tag-test-opowiesci-z-narnii-lew-czarownica-i-stara-szafa-do-druku"],"_links":{"self":[{"href":"http:\/\/klubmamgdynia.pl\/index.php\/wp-json\/wp\/v2\/product\/1778","targetHints":{"allow":["GET"]}}],"collection":[{"href":"http:\/\/klubmamgdynia.pl\/index.php\/wp-json\/wp\/v2\/product"}],"about":[{"href":"http:\/\/klubmamgdynia.pl\/index.php\/wp-json\/wp\/v2\/types\/product"}],"replies":[{"embeddable":true,"href":"http:\/\/klubmamgdynia.pl\/index.php\/wp-json\/wp\/v2\/comments?post=1778"}],"wp:featuredmedia":[{"embeddable":true,"href":"http:\/\/klubmamgdynia.pl\/index.php\/wp-json\/wp\/v2\/media\/1779"}],"wp:attachment":[{"href":"http:\/\/klubmamgdynia.pl\/index.php\/wp-json\/wp\/v2\/media?parent=1778"}],"wp:term":[{"taxonomy":"product_cat","embeddable":true,"href":"http:\/\/klubmamgdynia.pl\/index.php\/wp-json\/wp\/v2\/product_cat?post=1778"},{"taxonomy":"product_tag","embeddable":true,"href":"http:\/\/klubmamgdynia.pl\/index.php\/wp-json\/wp\/v2\/product_tag?post=1778"}],"curies":[{"name":"wp","href":"https:\/\/api.w.org\/{rel}","templated":true}]}}