{"id":1780,"date":"2015-05-07T01:26:18","date_gmt":"2015-05-06T23:26:18","guid":{"rendered":"http:\/\/klubmamgdynia.pl\/index.php\/produkt\/rodenstock-r7136-a-54-21-145\/"},"modified":"2026-05-02T12:45:00","modified_gmt":"2026-05-02T10:45:00","slug":"rodenstock-r7136-a-54-21-145","status":"publish","type":"product","link":"http:\/\/klubmamgdynia.pl\/index.php\/produkt\/rodenstock-r7136-a-54-21-145\/","title":{"rendered":"Rodenstock R7136 A (54-21-145)"},"content":{"rendered":"<p>Oprawy okularowe Rodenstock<\/p>\n<h2>Rodenstock R7136 A (54-21-145) Rodenstock<\/h2>\n<p>konstancja imie, kr\u00f3tkie \u017cyczenia wielkanocne dla dzieci, quiz o zwierz\u0119tach domowych, quiz minecraft<\/p>\n<p>yyyyy<\/p>\n<p>&nbsp;<\/p>\n","protected":false},"excerpt":{"rendered":"<p>Oprawy okularowe Rodenstock Rodenstock R7136 A (54-21-145) Rodenstock konstancja imie, kr\u00f3tkie \u017cyczenia wielkanocne dla dzieci, quiz o zwierz\u0119tach domowych, quiz minecraft yyyyy &nbsp;<\/p>\n","protected":false},"featured_media":1781,"comment_status":"closed","ping_status":"open","template":"","meta":[],"product_cat":[149,148],"product_tag":[763,642,606],"class_list":["post-1780","product","type-product","status-publish","has-post-thumbnail","hentry","product_cat-okulary-oprawki-i-szkla","product_cat-rodenstock","product_tag-fabian","product_tag-mia-imie","product_tag-stala-pod-sniegiem"],"_links":{"self":[{"href":"http:\/\/klubmamgdynia.pl\/index.php\/wp-json\/wp\/v2\/product\/1780","targetHints":{"allow":["GET"]}}],"collection":[{"href":"http:\/\/klubmamgdynia.pl\/index.php\/wp-json\/wp\/v2\/product"}],"about":[{"href":"http:\/\/klubmamgdynia.pl\/index.php\/wp-json\/wp\/v2\/types\/product"}],"replies":[{"embeddable":true,"href":"http:\/\/klubmamgdynia.pl\/index.php\/wp-json\/wp\/v2\/comments?post=1780"}],"wp:featuredmedia":[{"embeddable":true,"href":"http:\/\/klubmamgdynia.pl\/index.php\/wp-json\/wp\/v2\/media\/1781"}],"wp:attachment":[{"href":"http:\/\/klubmamgdynia.pl\/index.php\/wp-json\/wp\/v2\/media?parent=1780"}],"wp:term":[{"taxonomy":"product_cat","embeddable":true,"href":"http:\/\/klubmamgdynia.pl\/index.php\/wp-json\/wp\/v2\/product_cat?post=1780"},{"taxonomy":"product_tag","embeddable":true,"href":"http:\/\/klubmamgdynia.pl\/index.php\/wp-json\/wp\/v2\/product_tag?post=1780"}],"curies":[{"name":"wp","href":"https:\/\/api.w.org\/{rel}","templated":true}]}}