{"id":1784,"date":"2015-10-28T23:32:30","date_gmt":"2015-10-28T22:32:30","guid":{"rendered":"http:\/\/klubmamgdynia.pl\/index.php\/produkt\/cartamundi-marvel-avengers-kalejdoskop-gier\/"},"modified":"2026-04-29T18:46:54","modified_gmt":"2026-04-29T16:46:54","slug":"cartamundi-marvel-avengers-kalejdoskop-gier","status":"publish","type":"product","link":"http:\/\/klubmamgdynia.pl\/index.php\/produkt\/cartamundi-marvel-avengers-kalejdoskop-gier\/","title":{"rendered":"Cartamundi Marvel Avengers Kalejdoskop Gier"},"content":{"rendered":"<p>Zestaw najlepszych gier z Twoimi ulubionymi bohaterami z Avengers. Zagraj na jednej z czterech plansz, b\u0105d\u017a zosta\u0144 mistrzem gry w ko\u015bci! W \u015brodku znajdziesz m.in. takie gry jak: M\u0142ynek, Warcaby, Wilk i Owce, Drabiny, 10.000 lub Yatzy. Wybierz co\u015b dla siebie i nie daj si\u0119 nudzie!Nr katalogowy: 130014157 Akcesoria w zestawie: 4 plansze do gry 5 kostek Pionki do warcab\u00f3w 4 pionki z 4 kolor\u00f3w Obszerna instrukcja Pozosta\u0142e parametry: &#8230;<\/p>\n<h2>Cartamundi Marvel Avengers Kalejdoskop Gier Cartamundi<\/h2>\n<p>imi\u0119 r\u00f3\u017ca, filmy rodzinne na halloween, kwiecien plecien, co kupi\u0107 nastolatkowi, filmy rodzinne na halloween, jak narysowac kota, co kupi\u0107 nastolatce na urodziny, znajd\u017a r\u00f3\u017cnice do druku, prezent dla 14 latki, atrakcje we wroc\u0142awiu dla dzieci, zagadki o lesie, bajki do czytania na dobranoc, korczak cytaty, zagadki wielkanocne do druku<\/p>\n<p>yyyyy<\/p>\n<p>&nbsp;<\/p>\n","protected":false},"excerpt":{"rendered":"<p>Zestaw najlepszych gier z Twoimi ulubionymi bohaterami z Avengers. Zagraj na jednej z czterech plansz, b\u0105d\u017a zosta\u0144 mistrzem gry w ko\u015bci! W \u015brodku znajdziesz m.in. takie gry jak: M\u0142ynek, Warcaby, Wilk i Owce, Drabiny, 10.000 lub Yatzy. Wybierz co\u015b dla siebie i nie daj si\u0119 nudzie!Nr katalogowy: 130014157 Akcesoria w zestawie: 4 plansze do gry [&hellip;]<\/p>\n","protected":false},"featured_media":1785,"comment_status":"closed","ping_status":"open","template":"","meta":[],"product_cat":[224,130],"product_tag":[859,718,782,788,701],"class_list":["post-1784","product","type-product","status-publish","has-post-thumbnail","hentry","product_cat-cartamundi","product_cat-gry-dzieciece","product_tag-dobranoc-pchly-na-noc","product_tag-prezent-na-roczek-dla-chrzesniaka","product_tag-zagadki-dla-dzieci-z-odpowiedziami","product_tag-zagadki-krotkie","product_tag-zgadywanki-dla-dzieci"],"_links":{"self":[{"href":"http:\/\/klubmamgdynia.pl\/index.php\/wp-json\/wp\/v2\/product\/1784","targetHints":{"allow":["GET"]}}],"collection":[{"href":"http:\/\/klubmamgdynia.pl\/index.php\/wp-json\/wp\/v2\/product"}],"about":[{"href":"http:\/\/klubmamgdynia.pl\/index.php\/wp-json\/wp\/v2\/types\/product"}],"replies":[{"embeddable":true,"href":"http:\/\/klubmamgdynia.pl\/index.php\/wp-json\/wp\/v2\/comments?post=1784"}],"wp:featuredmedia":[{"embeddable":true,"href":"http:\/\/klubmamgdynia.pl\/index.php\/wp-json\/wp\/v2\/media\/1785"}],"wp:attachment":[{"href":"http:\/\/klubmamgdynia.pl\/index.php\/wp-json\/wp\/v2\/media?parent=1784"}],"wp:term":[{"taxonomy":"product_cat","embeddable":true,"href":"http:\/\/klubmamgdynia.pl\/index.php\/wp-json\/wp\/v2\/product_cat?post=1784"},{"taxonomy":"product_tag","embeddable":true,"href":"http:\/\/klubmamgdynia.pl\/index.php\/wp-json\/wp\/v2\/product_tag?post=1784"}],"curies":[{"name":"wp","href":"https:\/\/api.w.org\/{rel}","templated":true}]}}