{"id":1788,"date":"2013-01-11T11:43:42","date_gmt":"2013-01-11T10:43:42","guid":{"rendered":"http:\/\/klubmamgdynia.pl\/index.php\/produkt\/ecotoys-namiot-dla-dzieci-duzy-domek-tipi-wigwam-drewniana-konstrukcja-8111\/"},"modified":"2026-05-01T23:26:34","modified_gmt":"2026-05-01T21:26:34","slug":"ecotoys-namiot-dla-dzieci-duzy-domek-tipi-wigwam-drewniana-konstrukcja-8111","status":"publish","type":"product","link":"http:\/\/klubmamgdynia.pl\/index.php\/produkt\/ecotoys-namiot-dla-dzieci-duzy-domek-tipi-wigwam-drewniana-konstrukcja-8111\/","title":{"rendered":"Ecotoys Namiot Dla Dzieci Du\u017cy Domek Tipi Wigwam Drewniana Konstrukcja 8111"},"content":{"rendered":"<p>DU\u017bY NAMIOT &#8211; DOMEK DLA DZIECIWymiary namiotu: 91 x 103,5 cm, wysoko\u015b\u0107: 92 cmNamiot idealny do pokoiku dzieci\u0119cego i salonuRozstawiony na ogrodzie chroni dziecko przed s\u0142o\u0144cemDrewniany wytrzyma\u0142y stela\u017cSzybki i prosty monta\u017c &#8211; ciesz si\u0119 namiotem na wyjazdach.Wspania\u0142a zabawa dla wszystkich dzieciNAMIOT KANADYJSKI DLA MALUCH\u00d3WNamiocik to \u015bwietny pomys\u0142 na prezent gwarantuj\u0105cy dobr\u0105 zabaw\u0119 dla wszystkich domownik\u00f3w. Wszystkie dzieci uwielbiaj\u0105 chowa\u0107 si\u0119, budowa\u0107 domki i inne konstrukcje, w kt\u00f3rych rozgrywa si\u0119 ich wielka przygoda. Dzi\u0119ki naszemu india\u0144skiemu TIPI b\u0119d\u0105 mia\u0142y okazj\u0119 wej\u015b\u0107 do \u015bwiata indian i kowboj\u00f3w a zabawa nie b\u0119dzie mia\u0142a ko\u0144ca.W DOMU I W OGRODZIENie ma nic lepszego ni\u017c dobra zabawa na \u015bwie\u017cym powietrzu, dzi\u0119ki du\u017cym rozmiarom domku w zabawie mog\u0105 wzi\u0105\u0107 udzia\u0142 inni domownicy lub koledzy i kole\u017canki.Namiocik szybko stanie si\u0119 ulubion\u0105 zabawk\u0105 i b\u0119dzie przyci\u0105ga\u0142 na d\u0142ugie godziny dobrej zabawy.DREWNIANA KONSTRUKCJASzkielet namiociku wykonany jest z drewna, dzi\u0119ki czemu jest on bardzo stabilny i wytrzyma\u0142y. Namiot mo\u017cna zabra\u0107 na ogr\u00f3dek, gdzie b\u0119dzie \u015bwietn\u0105 ochron\u0105 przed s\u0142o\u0144cem, a dla malucha \u015bwietn\u0105 kryj\u00f3wk\u0105 podczas zabaw.OKIENKO NA \u015aWIATW poszyciu namiocika znajdziemy prawdziwe okienko. Maluch dzi\u0119ki niemu b\u0119dzie m\u00f3g\u0142 wygl\u0105da\u0107 i bawi\u0107 si\u0119 na ca\u0142ego. Zapewnia te\u017c dodatkowe \u017ar\u00f3d\u0142o powietrza dzi\u0119ki czemu w domku nie jest duszno.SPECYFIKACJAWymiary: 92 x 91 x 103,5cm.Drewniana konstrukcja stela\u017cu.Podwijane wej\u015bcie + okno.Nadaje si\u0119 do zabawy zar\u00f3wno w domu, ogrodzie lub tarasie,Posiada certyfikat CE, EN71Wiek: 3+ , Kod produktu: 8111Tkanina: Poliester 100%, Stela\u017c: drewnianyInstrukcja monta\u017cu w j\u0119zyku polskim&#8230;<\/p>\n<h2>Ecotoys Namiot Dla Dzieci Du\u017cy Domek Tipi Wigwam Drewniana Konstrukcja 8111 EcoToys<\/h2>\n<p>szkic jak narysowa\u0107 kota, najpi\u0119kniejsze cytaty o przyja\u017ani, co kupic na roczek, na wyspach bergamutach tekst, quiz spos\u00f3b na alcybiadesa, prima aprilis zarty, rymowane zagadki, atrakcje dla dzieci wroc\u0142aw, mi\u0142osz imie, nela imi\u0119<\/p>\n<p>yyyyy<\/p>\n<p>&nbsp;<\/p>\n","protected":false},"excerpt":{"rendered":"<p>DU\u017bY NAMIOT &#8211; DOMEK DLA DZIECIWymiary namiotu: 91 x 103,5 cm, wysoko\u015b\u0107: 92 cmNamiot idealny do pokoiku dzieci\u0119cego i salonuRozstawiony na ogrodzie chroni dziecko przed s\u0142o\u0144cemDrewniany wytrzyma\u0142y stela\u017cSzybki i prosty monta\u017c &#8211; ciesz si\u0119 namiotem na wyjazdach.Wspania\u0142a zabawa dla wszystkich dzieciNAMIOT KANADYJSKI DLA MALUCH\u00d3WNamiocik to \u015bwietny pomys\u0142 na prezent gwarantuj\u0105cy dobr\u0105 zabaw\u0119 dla wszystkich domownik\u00f3w. [&hellip;]<\/p>\n","protected":false},"featured_media":1789,"comment_status":"closed","ping_status":"open","template":"","meta":[],"product_cat":[282,463],"product_tag":[645,638,793],"class_list":["post-1788","product","type-product","status-publish","has-post-thumbnail","hentry","product_cat-domki-i-namioty-dla-dzieci","product_cat-ecotoys","product_tag-latwe-zagadki","product_tag-miastodzieci","product_tag-zagadki-smieszne-podchwytliwe"],"_links":{"self":[{"href":"http:\/\/klubmamgdynia.pl\/index.php\/wp-json\/wp\/v2\/product\/1788","targetHints":{"allow":["GET"]}}],"collection":[{"href":"http:\/\/klubmamgdynia.pl\/index.php\/wp-json\/wp\/v2\/product"}],"about":[{"href":"http:\/\/klubmamgdynia.pl\/index.php\/wp-json\/wp\/v2\/types\/product"}],"replies":[{"embeddable":true,"href":"http:\/\/klubmamgdynia.pl\/index.php\/wp-json\/wp\/v2\/comments?post=1788"}],"wp:featuredmedia":[{"embeddable":true,"href":"http:\/\/klubmamgdynia.pl\/index.php\/wp-json\/wp\/v2\/media\/1789"}],"wp:attachment":[{"href":"http:\/\/klubmamgdynia.pl\/index.php\/wp-json\/wp\/v2\/media?parent=1788"}],"wp:term":[{"taxonomy":"product_cat","embeddable":true,"href":"http:\/\/klubmamgdynia.pl\/index.php\/wp-json\/wp\/v2\/product_cat?post=1788"},{"taxonomy":"product_tag","embeddable":true,"href":"http:\/\/klubmamgdynia.pl\/index.php\/wp-json\/wp\/v2\/product_tag?post=1788"}],"curies":[{"name":"wp","href":"https:\/\/api.w.org\/{rel}","templated":true}]}}