{"id":179,"date":"2025-10-20T07:28:01","date_gmt":"2025-10-20T05:28:01","guid":{"rendered":"http:\/\/klubmamgdynia.pl\/index.php\/produkt\/zestaw-artystyczny-do-malowania-w-walizce-blue\/"},"modified":"2026-04-28T13:06:25","modified_gmt":"2026-04-28T11:06:25","slug":"zestaw-artystyczny-do-malowania-w-walizce-blue","status":"publish","type":"product","link":"http:\/\/klubmamgdynia.pl\/index.php\/produkt\/zestaw-artystyczny-do-malowania-w-walizce-blue\/","title":{"rendered":"Zestaw Artystyczny do Malowania w Walizce &#8211; Blue"},"content":{"rendered":"<p>Zestaw artystyczny dla dzieci, kt\u00f3ry \u015bwietnie sprawdzi si\u0119 jako prezent na ka\u017cd\u0105 okazj\u0119. Rysowanie i malowanie wp\u0142ywa na prawid\u0142owy rozwoju ma\u0142ej motoryki dziecka. Pobudza kreatywno\u015b\u0107, ale te\u017c \u0107wiczy m\u00f3zg dziecka i przygotowuje go do nauki pisania. Zestaw zawiera wszystkie niezb\u0119dne elementy do prac malarskich takich jak kredki, pisaki, pastele czy farby. Ka\u017cdy element zestawu ma swoje miejsce, dzi\u0119ki czemu \u0142atwo zachowa\u0107 porz\u0105dek, a wszystkie przybory b\u0119d\u0105 w jednym miejscu na wyci\u0105gni\u0119cie r\u0119ki.Zestaw zawiera:- 28 kredek o\u0142\u00f3wkowych- 24 farb akwarelowych- 24 farb akrylowych- 24 pastele olejne- 33 pisaki- 2 paletki do mieszania farb- 4 p\u0119dzelki (2 p\u0142askie i 2 okr\u0105g\u0142e)- 2 o\u0142\u00f3wki- temper\u00f3wka- 2 gumki do \u015bcieraniaKomplet do malowania i rysowania umieszczony zosta\u0142 w dedykowanej, rozk\u0142adanej walizce.Odpowiedni wiek: 3 lata+Ilo\u015b\u0107 element\u00f3w: 144Wymiary walizki po roz\u0142o\u017ceniu: 70,5 (szer.) x 34,5 (g\u0142.) x 10,5 (wys.) cmWymiary walizki: 34,5 (szer.) x 9 (g\u0142.) x 23,5 (wys.) cmInformacja od producenta: Nie nadaje si\u0119 dla dzieci w wieku poni\u017cej 36 miesi\u0119cy. Zawiera ma\u0142e cz\u0119\u015bci, kt\u00f3re \u0142atwo po\u0142kn\u0105\u0107 lub kt\u00f3re mog\u0105 si\u0119 dosta\u0107 do dr\u00f3g oddechowych. Niebezpiecze\u0144stwo uduszenia.<\/p>\n<h2>Zestaw Artystyczny do Malowania w Walizce &#8211; Blue Nobo Kids<\/h2>\n<p>dobre zagadki logiczne, proste dekoracje bo\u017conarodzeniowe dla dzieci, rodzina cytaty, \u0142amig\u0142\u00f3wki dla dzieci do druku, zabawka dla rocznej dziewczynki, podchwytliwe zagadki z odpowiedziami, kira imi\u0119, wiosenne zagadki, alan imi\u0119, literki do druku, ozdoby \u015bwi\u0105teczne z rolek po papierze toaletowym, milena imie<\/p>\n<p>yyyyy<\/p>\n<p>&nbsp;<\/p>\n","protected":false},"excerpt":{"rendered":"<p>Zestaw artystyczny dla dzieci, kt\u00f3ry \u015bwietnie sprawdzi si\u0119 jako prezent na ka\u017cd\u0105 okazj\u0119. Rysowanie i malowanie wp\u0142ywa na prawid\u0142owy rozwoju ma\u0142ej motoryki dziecka. Pobudza kreatywno\u015b\u0107, ale te\u017c \u0107wiczy m\u00f3zg dziecka i przygotowuje go do nauki pisania. Zestaw zawiera wszystkie niezb\u0119dne elementy do prac malarskich takich jak kredki, pisaki, pastele czy farby. Ka\u017cdy element zestawu ma [&hellip;]<\/p>\n","protected":false},"featured_media":180,"comment_status":"closed","ping_status":"open","template":"","meta":[],"product_cat":[91,21],"product_tag":[748,835,850,721],"class_list":["post-179","product","type-product","status-publish","has-post-thumbnail","hentry","product_cat-nobo-kids","product_cat-zabawki-plastyczne","product_tag-okolice-wroclawia-atrakcje","product_tag-radosc-dziecka-cytaty","product_tag-wroclaw-atrakcje-dla-dzieci","product_tag-zagadki-matematyczne"],"_links":{"self":[{"href":"http:\/\/klubmamgdynia.pl\/index.php\/wp-json\/wp\/v2\/product\/179","targetHints":{"allow":["GET"]}}],"collection":[{"href":"http:\/\/klubmamgdynia.pl\/index.php\/wp-json\/wp\/v2\/product"}],"about":[{"href":"http:\/\/klubmamgdynia.pl\/index.php\/wp-json\/wp\/v2\/types\/product"}],"replies":[{"embeddable":true,"href":"http:\/\/klubmamgdynia.pl\/index.php\/wp-json\/wp\/v2\/comments?post=179"}],"wp:featuredmedia":[{"embeddable":true,"href":"http:\/\/klubmamgdynia.pl\/index.php\/wp-json\/wp\/v2\/media\/180"}],"wp:attachment":[{"href":"http:\/\/klubmamgdynia.pl\/index.php\/wp-json\/wp\/v2\/media?parent=179"}],"wp:term":[{"taxonomy":"product_cat","embeddable":true,"href":"http:\/\/klubmamgdynia.pl\/index.php\/wp-json\/wp\/v2\/product_cat?post=179"},{"taxonomy":"product_tag","embeddable":true,"href":"http:\/\/klubmamgdynia.pl\/index.php\/wp-json\/wp\/v2\/product_tag?post=179"}],"curies":[{"name":"wp","href":"https:\/\/api.w.org\/{rel}","templated":true}]}}