{"id":1792,"date":"2020-01-27T19:36:21","date_gmt":"2020-01-27T18:36:21","guid":{"rendered":"http:\/\/klubmamgdynia.pl\/index.php\/produkt\/pokemon-tcg-v-battle-deck-corviknight-v\/"},"modified":"2026-04-12T15:03:32","modified_gmt":"2026-04-12T13:03:32","slug":"pokemon-tcg-v-battle-deck-corviknight-v","status":"publish","type":"product","link":"http:\/\/klubmamgdynia.pl\/index.php\/produkt\/pokemon-tcg-v-battle-deck-corviknight-v\/","title":{"rendered":"Pokemon TCG V Battle Deck Corviknight V"},"content":{"rendered":"<p>Pot\u0119\u017cne Pok\u00e9mon V s\u0105 gotowe do walki na polu bitwy w nowych Pok\u00e9mon TCG: V Battle Decks!60-kartowa talia zawiera wszystko, co jest potrzebne do gry. Wybierz swojego pot\u0119\u017cnego sojusznika i niech bitwa si\u0119 rozpocznie!<\/p>\n<h2>Pokemon TCG V Battle Deck Corviknight V Pokemon Company International<\/h2>\n<p>kr\u00f3tkie zagadki matematyczne z odpowiedziami, pytania logiczne, ferie warszawa 2022, wiersz o wakacjach, w\u0142ochy, bajki do czytania dla 6 latka<\/p>\n<p>yyyyy<\/p>\n<p>&nbsp;<\/p>\n","protected":false},"excerpt":{"rendered":"<p>Pot\u0119\u017cne Pok\u00e9mon V s\u0105 gotowe do walki na polu bitwy w nowych Pok\u00e9mon TCG: V Battle Decks!60-kartowa talia zawiera wszystko, co jest potrzebne do gry. Wybierz swojego pot\u0119\u017cnego sojusznika i niech bitwa si\u0119 rozpocznie! Pokemon TCG V Battle Deck Corviknight V Pokemon Company International kr\u00f3tkie zagadki matematyczne z odpowiedziami, pytania logiczne, ferie warszawa 2022, wiersz [&hellip;]<\/p>\n","protected":false},"featured_media":1793,"comment_status":"closed","ping_status":"open","template":"","meta":[],"product_cat":[220,465],"product_tag":[626,599,711,770],"class_list":["post-1792","product","type-product","status-publish","has-post-thumbnail","hentry","product_cat-gry-karciane","product_cat-pokemon-company-international","product_tag-jacek","product_tag-prezent-dla-nastolatkow-2021","product_tag-prezenty-dla-nastolatkow","product_tag-samolot-z-papieru"],"_links":{"self":[{"href":"http:\/\/klubmamgdynia.pl\/index.php\/wp-json\/wp\/v2\/product\/1792","targetHints":{"allow":["GET"]}}],"collection":[{"href":"http:\/\/klubmamgdynia.pl\/index.php\/wp-json\/wp\/v2\/product"}],"about":[{"href":"http:\/\/klubmamgdynia.pl\/index.php\/wp-json\/wp\/v2\/types\/product"}],"replies":[{"embeddable":true,"href":"http:\/\/klubmamgdynia.pl\/index.php\/wp-json\/wp\/v2\/comments?post=1792"}],"wp:featuredmedia":[{"embeddable":true,"href":"http:\/\/klubmamgdynia.pl\/index.php\/wp-json\/wp\/v2\/media\/1793"}],"wp:attachment":[{"href":"http:\/\/klubmamgdynia.pl\/index.php\/wp-json\/wp\/v2\/media?parent=1792"}],"wp:term":[{"taxonomy":"product_cat","embeddable":true,"href":"http:\/\/klubmamgdynia.pl\/index.php\/wp-json\/wp\/v2\/product_cat?post=1792"},{"taxonomy":"product_tag","embeddable":true,"href":"http:\/\/klubmamgdynia.pl\/index.php\/wp-json\/wp\/v2\/product_tag?post=1792"}],"curies":[{"name":"wp","href":"https:\/\/api.w.org\/{rel}","templated":true}]}}