{"id":1794,"date":"2024-12-02T15:40:31","date_gmt":"2024-12-02T14:40:31","guid":{"rendered":"http:\/\/klubmamgdynia.pl\/?post_type=product&#038;p=1794"},"modified":"2026-04-28T21:00:15","modified_gmt":"2026-04-28T19:00:15","slug":"granna-monster-park","status":"publish","type":"product","link":"http:\/\/klubmamgdynia.pl\/index.php\/produkt\/granna-monster-park\/","title":{"rendered":"Granna Monster Park"},"content":{"rendered":"<p>Witajcie, zapraszam do Monster Parku! Jeszcze nigdy nie widzieli\u015bcie tak fascynuj\u0105cych potwor\u00f3w!Sp\u00f3jrzcie: tam, w przestworzach, lata jeden z nich! O, a tam, na polanie \u2013 widzicie te dwa? Obejrzyjcie si\u0119 za siebie. W g\u0142\u0119bi tego jeziora te\u017c czai si\u0119 potw\u00f3r!Takiego Monster Parku nie zobaczycie nigdzie indziej!Ale co ja s\u0142ysz\u0119 \u2013 chcecie stworzy\u0107 w\u0142asny park?HA! Dobre sobie! \u015amia\u0142o, pr\u00f3bujcie.Mojego dzie\u0142a i tak nie przebijecie!Chyba czas utrze\u0107 nosa temu zarozumia\u0142emu dyrektorowi i pokaza\u0107 mu MONSTER PARK z prawdziwego zdarzenia! Wcielacie si\u0119 w rol\u0119 mened\u017cer\u00f3w nowo powstaj\u0105cych park\u00f3w potwor\u00f3w. Staracie si\u0119 kupowa\u0107 karty cudacznych stwor\u00f3w \u2013 unosz\u0105cych si\u0119 w przestworzach, st\u0105paj\u0105cych po ziemi lub \u017cyj\u0105cych pod wod\u0105. Tylko m\u0105dre zarz\u0105dzanie bud\u017cetem sprawi, \u017ce to w\u0142a\u015bnie do waszych MONSTER PARK\u00d3W ustawia\u0107 si\u0119 b\u0119d\u0105 kolejki turyst\u00f3w z ca\u0142ego \u015bwiata.Jak gra\u0107:- Kup kart\u0119 potwora i umie\u015b\u0107 j\u0105 w odpowiednim miejscu swojego parku lub pobierz 2 monety.- Staraj si\u0119 dobiera\u0107 karty tak, aby zdobywa\u0107 coraz wi\u0119ksze potwory.- Wprowadzaj do parku ulepszenia i zabiegaj o turyst\u00f3w.Podczas rozgrywki gracze staraj\u0105 si\u0119 doda\u0107 do swoich park\u00f3w fantastyczne potwory. Odpowiednie rozmiary tych cudownych stworze\u0144 daj\u0105 szans\u0119 na wykr\u0119cenie wy\u017cszych wynik\u00f3w. Ka\u017cde ods\u0142oni\u0119cie karty to potencjalna okazja na zdobycie w\u0142a\u015bnie tego wymarzonego potwora. Idealny Monster Park trafia si\u0119 rzadko, ale tym wi\u0119ksza rado\u015b\u0107, gdy kolejka turyst\u00f3w si\u0119ga a\u017c po horyzont.Zawarto\u015b\u0107 pude\u0142ka:plansza g\u0142\u00f3wna4 plansze parku\u017ceton gracza startowego90 kart potwor\u00f3w (po 30 kart potwor\u00f3w na ka\u017cdy obszar: wody, ziemi, nieba)15 kart ulepsze\u014416 kart turyst\u00f3w45 \u017ceton\u00f3w punkt\u00f3w\u015aredni czas gry: 30 min.Liczba graczy: 2-4Wiek: 7+<\/p>\n<h2>Granna Monster Park Granna<\/h2>\n<p>kira, znaczenie imiona justyna, zemsta quizy, oryginalny prezent dla nastolatk\u00f3w, piosenka na dzie\u0144 nauczyciela przedszkole, flagi pa\u0144stw quiz, lol do druku, kiedy dzieci chodz\u0105 na halloween, test miko\u0142ajek, tajemniczy ogr\u00f3d test z lektury, zagadki dla dzieci 10 12 lat z odpowiedziami, prezent dla 17 latki, zabawy dla 6 latk\u00f3w, nasza zima z\u0142a tekst, jaki prezent na roczek, test z opowie\u015bci z narnii, cytaty dla mamy od c\u00f3rki<\/p>\n<p>yyyyy<\/p>\n<p>&nbsp;<\/p>\n","protected":false},"excerpt":{"rendered":"<p>Witajcie, zapraszam do Monster Parku! Jeszcze nigdy nie widzieli\u015bcie tak fascynuj\u0105cych potwor\u00f3w!Sp\u00f3jrzcie: tam, w przestworzach, lata jeden z nich! O, a tam, na polanie \u2013 widzicie te dwa? Obejrzyjcie si\u0119 za siebie. W g\u0142\u0119bi tego jeziora te\u017c czai si\u0119 potw\u00f3r!Takiego Monster Parku nie zobaczycie nigdzie indziej!Ale co ja s\u0142ysz\u0119 \u2013 chcecie stworzy\u0107 w\u0142asny park?HA! Dobre [&hellip;]<\/p>\n","protected":false},"featured_media":1795,"comment_status":"closed","ping_status":"open","template":"","meta":[],"product_cat":[430,130],"product_tag":[740,669,586,849],"class_list":["post-1794","product","type-product","status-publish","has-post-thumbnail","hentry","product_cat-granna","product_cat-gry-dzieciece","product_tag-fajne-prezenty-dla-nastolatkow","product_tag-kolorowanki","product_tag-smieszne-zagadki","product_tag-zagadki-matematyczne-dla-dzieci"],"_links":{"self":[{"href":"http:\/\/klubmamgdynia.pl\/index.php\/wp-json\/wp\/v2\/product\/1794","targetHints":{"allow":["GET"]}}],"collection":[{"href":"http:\/\/klubmamgdynia.pl\/index.php\/wp-json\/wp\/v2\/product"}],"about":[{"href":"http:\/\/klubmamgdynia.pl\/index.php\/wp-json\/wp\/v2\/types\/product"}],"replies":[{"embeddable":true,"href":"http:\/\/klubmamgdynia.pl\/index.php\/wp-json\/wp\/v2\/comments?post=1794"}],"wp:featuredmedia":[{"embeddable":true,"href":"http:\/\/klubmamgdynia.pl\/index.php\/wp-json\/wp\/v2\/media\/1795"}],"wp:attachment":[{"href":"http:\/\/klubmamgdynia.pl\/index.php\/wp-json\/wp\/v2\/media?parent=1794"}],"wp:term":[{"taxonomy":"product_cat","embeddable":true,"href":"http:\/\/klubmamgdynia.pl\/index.php\/wp-json\/wp\/v2\/product_cat?post=1794"},{"taxonomy":"product_tag","embeddable":true,"href":"http:\/\/klubmamgdynia.pl\/index.php\/wp-json\/wp\/v2\/product_tag?post=1794"}],"curies":[{"name":"wp","href":"https:\/\/api.w.org\/{rel}","templated":true}]}}