{"id":1798,"date":"2020-10-19T19:00:43","date_gmt":"2020-10-19T17:00:43","guid":{"rendered":"http:\/\/klubmamgdynia.pl\/index.php\/produkt\/playmobil-5681-amerykanska-karetka-usa-policja\/"},"modified":"2026-04-19T16:06:17","modified_gmt":"2026-04-19T14:06:17","slug":"playmobil-5681-amerykanska-karetka-usa-policja","status":"publish","type":"product","link":"http:\/\/klubmamgdynia.pl\/index.php\/produkt\/playmobil-5681-amerykanska-karetka-usa-policja\/","title":{"rendered":"Playmobil 5681 Ameryka\u0144ska Karetka Usa Policja"},"content":{"rendered":"<p>PLAYMOBIL 5681 AMERYKA\u0143SKA KARETKA ZE \u015aWIAT\u0141EM I D\u0179WI\u0118KIEM USAPlaymobil to marka zabawek, skierowana dla dzieci do 12 roku \u017cycia. Zabawki Playmobil s\u0105 projektowane w skali 1:24, a 7,5 centymetrowe figurki sta\u0142y si\u0119 ju\u017c kultowe.W zestawach Playmobil znajdziemy figurki oraz szerok\u0105 gam\u0119 akcesori\u00f3w, a tak\u017ce wiele rodzaj\u00f3w zwierz\u0105tek, kt\u00f3re s\u0105 wa\u017cn\u0105 cz\u0119\u015bci\u0105 linii Playmobil. W swojej ofercie Playmobil ma zestawy o r\u00f3\u017cnej tematyce skierowane do ch\u0142opc\u00f3w i dziewczynek, a poszczeg\u00f3lne zestawy mo\u017cna ze sob\u0105 \u0142\u0105czy\u0107.Pom\u00f3\u017c medykom przetransportowa\u0107 pacjenta do najbli\u017cszego szpitala karetk\u0105 ratunkow\u0105. \u015awiat\u0142a i syren\u0119 karetki ratunkowej mo\u017cna aktywowa\u0107, aby zasygnalizowa\u0107, \u017ce ratunek jest w toku. Zestaw zawiera trzy figurki, nosze i inne akcesoria.KLOCKI POCHODZ\u0104 ZE STAN\u00d3W ZJEDNOCZONYCH I NIE S\u0104 DOST\u0118PNE W POLSCEKUPUJ\u0104C NA KILKU AUKCJACH ZAWYSY\u0141K\u0118 P\u0141ACISZ TYLKO RAZZACH\u0118CAM DO ZAPOZNANIA SI\u0118 Z MOIMI POZOSTA\u0141YMI AUKCJAMIPLAYMOBIL 9502 WIELKI PLAYMOBIL 9116KAMPER PICKUP Z PRZYCZEP\u0104 AMERYKA\u0143SKA BETONIARKA<\/p>\n<h2>Playmobil 5681 Ameryka\u0144ska Karetka Usa Policja Playmobil<\/h2>\n<p>gry dla m\u0142odzie\u017cy, dobrej nocy, maski do druku, fajne rzeczy dla nastolatk\u00f3w<\/p>\n<p>yyyyy<\/p>\n<p>&nbsp;<\/p>\n","protected":false},"excerpt":{"rendered":"<p>PLAYMOBIL 5681 AMERYKA\u0143SKA KARETKA ZE \u015aWIAT\u0141EM I D\u0179WI\u0118KIEM USAPlaymobil to marka zabawek, skierowana dla dzieci do 12 roku \u017cycia. Zabawki Playmobil s\u0105 projektowane w skali 1:24, a 7,5 centymetrowe figurki sta\u0142y si\u0119 ju\u017c kultowe.W zestawach Playmobil znajdziemy figurki oraz szerok\u0105 gam\u0119 akcesori\u00f3w, a tak\u017ce wiele rodzaj\u00f3w zwierz\u0105tek, kt\u00f3re s\u0105 wa\u017cn\u0105 cz\u0119\u015bci\u0105 linii Playmobil. W swojej [&hellip;]<\/p>\n","protected":false},"featured_media":1799,"comment_status":"closed","ping_status":"open","template":"","meta":[],"product_cat":[113,466],"product_tag":[863,867,584,620,782],"class_list":["post-1798","product","type-product","status-publish","has-post-thumbnail","hentry","product_cat-klocki","product_cat-playmobil","product_tag-bajki-dla-dziewczynek","product_tag-kolorowanki-dla-dziewczynek","product_tag-liwia","product_tag-quiz-opowiesci-z-narnii","product_tag-zagadki-dla-dzieci-z-odpowiedziami"],"_links":{"self":[{"href":"http:\/\/klubmamgdynia.pl\/index.php\/wp-json\/wp\/v2\/product\/1798","targetHints":{"allow":["GET"]}}],"collection":[{"href":"http:\/\/klubmamgdynia.pl\/index.php\/wp-json\/wp\/v2\/product"}],"about":[{"href":"http:\/\/klubmamgdynia.pl\/index.php\/wp-json\/wp\/v2\/types\/product"}],"replies":[{"embeddable":true,"href":"http:\/\/klubmamgdynia.pl\/index.php\/wp-json\/wp\/v2\/comments?post=1798"}],"wp:featuredmedia":[{"embeddable":true,"href":"http:\/\/klubmamgdynia.pl\/index.php\/wp-json\/wp\/v2\/media\/1799"}],"wp:attachment":[{"href":"http:\/\/klubmamgdynia.pl\/index.php\/wp-json\/wp\/v2\/media?parent=1798"}],"wp:term":[{"taxonomy":"product_cat","embeddable":true,"href":"http:\/\/klubmamgdynia.pl\/index.php\/wp-json\/wp\/v2\/product_cat?post=1798"},{"taxonomy":"product_tag","embeddable":true,"href":"http:\/\/klubmamgdynia.pl\/index.php\/wp-json\/wp\/v2\/product_tag?post=1798"}],"curies":[{"name":"wp","href":"https:\/\/api.w.org\/{rel}","templated":true}]}}