{"id":18,"date":"2016-01-01T20:29:39","date_gmt":"2016-01-01T19:29:39","guid":{"rendered":"http:\/\/klubmamgdynia.pl\/?post_type=product&#038;p=18"},"modified":"2026-04-05T17:18:51","modified_gmt":"2026-04-05T15:18:51","slug":"kontext-piasek-magiczny-wodny-6-foremek","status":"publish","type":"product","link":"http:\/\/klubmamgdynia.pl\/index.php\/produkt\/kontext-piasek-magiczny-wodny-6-foremek\/","title":{"rendered":"Kontext Piasek Magiczny Wodny 6 Foremek"},"content":{"rendered":"<p>Piasek Magiczny Wodny Suchy Z Akcesoriami Zestaw<\/p>\n<h2>Kontext Piasek Magiczny Wodny 6 Foremek Kontext<\/h2>\n<p>proste zagadki, kwiatek kwiaty do druku szablony, bajki terapeutyczne o emocjach pdf, kwiecie\u0144 plecie\u0144 wiersz, imie gaja, prezent na roczek dla chrze\u015bniaka, atrakcje we wroc\u0142awiu dla dzieci, wierszyki na lany poniedzia\u0142ek, starodawne \u017cyczenia bo\u017conarodzeniowe, marianna imi\u0119, trudne zagadki logiczne z odpowiedziami, prezent na roczek dla chlopca, krzy\u017c\u00f3wki dla dzieci do druku, bajki dla niemowl\u0105t, pokemon kolorowanki, test narnia lew czarownica i stara szafa, basen warszawa, kolorowanki andrzejki do wydruku, ma\u0142y ksi\u0105\u017ce test<\/p>\n<p>yyyyy<\/p>\n<p>&nbsp;<\/p>\n","protected":false},"excerpt":{"rendered":"<p>Piasek Magiczny Wodny Suchy Z Akcesoriami Zestaw Kontext Piasek Magiczny Wodny 6 Foremek Kontext proste zagadki, kwiatek kwiaty do druku szablony, bajki terapeutyczne o emocjach pdf, kwiecie\u0144 plecie\u0144 wiersz, imie gaja, prezent na roczek dla chrze\u015bniaka, atrakcje we wroc\u0142awiu dla dzieci, wierszyki na lany poniedzia\u0142ek, starodawne \u017cyczenia bo\u017conarodzeniowe, marianna imi\u0119, trudne zagadki logiczne z odpowiedziami, [&hellip;]<\/p>\n","protected":false},"featured_media":19,"comment_status":"closed","ping_status":"open","template":"","meta":[],"product_cat":[20,21],"product_tag":[776,745,641],"class_list":["post-18","product","type-product","status-publish","has-post-thumbnail","hentry","product_cat-kontext","product_cat-zabawki-plastyczne","product_tag-dobrej-nocy","product_tag-prezent-dla-15-latki","product_tag-trudne-zagadki-logiczne"],"_links":{"self":[{"href":"http:\/\/klubmamgdynia.pl\/index.php\/wp-json\/wp\/v2\/product\/18","targetHints":{"allow":["GET"]}}],"collection":[{"href":"http:\/\/klubmamgdynia.pl\/index.php\/wp-json\/wp\/v2\/product"}],"about":[{"href":"http:\/\/klubmamgdynia.pl\/index.php\/wp-json\/wp\/v2\/types\/product"}],"replies":[{"embeddable":true,"href":"http:\/\/klubmamgdynia.pl\/index.php\/wp-json\/wp\/v2\/comments?post=18"}],"wp:featuredmedia":[{"embeddable":true,"href":"http:\/\/klubmamgdynia.pl\/index.php\/wp-json\/wp\/v2\/media\/19"}],"wp:attachment":[{"href":"http:\/\/klubmamgdynia.pl\/index.php\/wp-json\/wp\/v2\/media?parent=18"}],"wp:term":[{"taxonomy":"product_cat","embeddable":true,"href":"http:\/\/klubmamgdynia.pl\/index.php\/wp-json\/wp\/v2\/product_cat?post=18"},{"taxonomy":"product_tag","embeddable":true,"href":"http:\/\/klubmamgdynia.pl\/index.php\/wp-json\/wp\/v2\/product_tag?post=18"}],"curies":[{"name":"wp","href":"https:\/\/api.w.org\/{rel}","templated":true}]}}