{"id":1802,"date":"2015-01-12T17:17:24","date_gmt":"2015-01-12T16:17:24","guid":{"rendered":"http:\/\/klubmamgdynia.pl\/index.php\/produkt\/monark-deluxe-edition-gra-ns\/"},"modified":"2026-05-17T22:05:02","modified_gmt":"2026-05-17T20:05:02","slug":"monark-deluxe-edition-gra-ns","status":"publish","type":"product","link":"http:\/\/klubmamgdynia.pl\/index.php\/produkt\/monark-deluxe-edition-gra-ns\/","title":{"rendered":"Monark Deluxe Edition (Gra NS)"},"content":{"rendered":"<p>Czy potrafisz stawi\u0107 czo\u0142a sobie i otaczaj\u0105cym ci\u0119 zagro\u017ceniom, aby ocali\u0107 tych, kt\u00f3rych kochasz?<\/p>\n<h2>Monark Deluxe Edition (Gra NS) NIS America<\/h2>\n<p>prezent dla rocznego ch\u0142opca, konstancja imie, piosenki na dobranoc tekst, molo w brze\u017anie, imie paula, opowie\u015bci z narnii lew czarownica i stara szafa test do wydruku, tabliczka mno\u017cenia karty pracy do druku, kotek kolorowanka do druku, \u0142atwe laurki, zagadka logiczna, jak narysowa\u0107 psa, nauka j\u0119zyka polskiego dla dzieci z ukrainy materia\u0142y, kwiecien plecien, zagadki na dzie\u0144 przedszkolaka<\/p>\n<p>yyyyy<\/p>\n<p>&nbsp;<\/p>\n","protected":false},"excerpt":{"rendered":"<p>Czy potrafisz stawi\u0107 czo\u0142a sobie i otaczaj\u0105cym ci\u0119 zagro\u017ceniom, aby ocali\u0107 tych, kt\u00f3rych kochasz? Monark Deluxe Edition (Gra NS) NIS America prezent dla rocznego ch\u0142opca, konstancja imie, piosenki na dobranoc tekst, molo w brze\u017anie, imie paula, opowie\u015bci z narnii lew czarownica i stara szafa test do wydruku, tabliczka mno\u017cenia karty pracy do druku, kotek kolorowanka [&hellip;]<\/p>\n","protected":false},"featured_media":1803,"comment_status":"closed","ping_status":"open","template":"","meta":[],"product_cat":[348,458],"product_tag":[763,622,748,592],"class_list":["post-1802","product","type-product","status-publish","has-post-thumbnail","hentry","product_cat-gry-nintendo-switch","product_cat-nis-america","product_tag-fabian","product_tag-fajne-zagadki","product_tag-okolice-wroclawia-atrakcje","product_tag-zagadki-dla-dzieci"],"_links":{"self":[{"href":"http:\/\/klubmamgdynia.pl\/index.php\/wp-json\/wp\/v2\/product\/1802","targetHints":{"allow":["GET"]}}],"collection":[{"href":"http:\/\/klubmamgdynia.pl\/index.php\/wp-json\/wp\/v2\/product"}],"about":[{"href":"http:\/\/klubmamgdynia.pl\/index.php\/wp-json\/wp\/v2\/types\/product"}],"replies":[{"embeddable":true,"href":"http:\/\/klubmamgdynia.pl\/index.php\/wp-json\/wp\/v2\/comments?post=1802"}],"wp:featuredmedia":[{"embeddable":true,"href":"http:\/\/klubmamgdynia.pl\/index.php\/wp-json\/wp\/v2\/media\/1803"}],"wp:attachment":[{"href":"http:\/\/klubmamgdynia.pl\/index.php\/wp-json\/wp\/v2\/media?parent=1802"}],"wp:term":[{"taxonomy":"product_cat","embeddable":true,"href":"http:\/\/klubmamgdynia.pl\/index.php\/wp-json\/wp\/v2\/product_cat?post=1802"},{"taxonomy":"product_tag","embeddable":true,"href":"http:\/\/klubmamgdynia.pl\/index.php\/wp-json\/wp\/v2\/product_tag?post=1802"}],"curies":[{"name":"wp","href":"https:\/\/api.w.org\/{rel}","templated":true}]}}