{"id":1804,"date":"2017-10-31T11:32:52","date_gmt":"2017-10-31T10:32:52","guid":{"rendered":"http:\/\/klubmamgdynia.pl\/index.php\/produkt\/cada-klocki-czolg-zdalnie-sterowany-rc-obrotowy\/"},"modified":"2026-04-04T03:40:25","modified_gmt":"2026-04-04T01:40:25","slug":"cada-klocki-czolg-zdalnie-sterowany-rc-obrotowy","status":"publish","type":"product","link":"http:\/\/klubmamgdynia.pl\/index.php\/produkt\/cada-klocki-czolg-zdalnie-sterowany-rc-obrotowy\/","title":{"rendered":"Cada Klocki Czo\u0142g Zdalnie Sterowany Rc Obrotowy"},"content":{"rendered":"<p>Klocki Pojazd Storm Tank Dual Mode Control 501 element\u00f3wWyprodukowane przez mark\u0119 Double Eagle klocki do budowy zdalnie sterowanych pojazd\u00f3w.Zestaw sk\u0142ada si\u0119 z 501 element\u00f3w i umo\u017cliwia samodzielne z\u0142o\u017cenie robota do programowania &#8211; Storm Tank. Pojazdem mo\u017cna sterowa\u0107 za pomoc\u0105 aplikacji lub do\u0142\u0105czonego do zestawu pilota. Mo\u017ce skr\u0119ca\u0107 w ka\u017cd\u0105 stron\u0119 i potrafi obraca\u0107 si\u0119 w obr\u0119bie 360 stopni!Uk\u0142adanie klock\u00f3w pobudza wyobra\u017ani\u0119 i \u0107wiczy koordynacj\u0119 oko-r\u0119ka.wymiary z\u0142o\u017conego robota: 16,5 x 16 cmzestaw: 501 element\u00f3w,kod producenta: C71012Wwymiary opakowania: 42 x 34 x 9,5 cmprodukt odpowiedni dla dzieci powy\u017cej 6 roku \u017cycia.<\/p>\n<h2>Cada Klocki Czo\u0142g Zdalnie Sterowany Rc Obrotowy Cada<\/h2>\n<p>quizy online, mi\u0142osz imie, co oznacza jordan, milosz imie, prezent na 1 urodziny dla dziewczynki, zaproszenie na urodziny, halszka, kondrad imie, pomys\u0142y na prezent na roczek, chase kolorowanka, quiz flagi \u015bwiata, zagadki rymowane, zadania logiczne, bajka o sowie, teksty ko\u0142ysanek, prezent na 1 urodziny, sentencje o przyja\u017ani, proste zagadki logiczne<\/p>\n<p>yyyyy<\/p>\n<p>&nbsp;<\/p>\n","protected":false},"excerpt":{"rendered":"<p>Klocki Pojazd Storm Tank Dual Mode Control 501 element\u00f3wWyprodukowane przez mark\u0119 Double Eagle klocki do budowy zdalnie sterowanych pojazd\u00f3w.Zestaw sk\u0142ada si\u0119 z 501 element\u00f3w i umo\u017cliwia samodzielne z\u0142o\u017cenie robota do programowania &#8211; Storm Tank. Pojazdem mo\u017cna sterowa\u0107 za pomoc\u0105 aplikacji lub do\u0142\u0105czonego do zestawu pilota. Mo\u017ce skr\u0119ca\u0107 w ka\u017cd\u0105 stron\u0119 i potrafi obraca\u0107 si\u0119 w [&hellip;]<\/p>\n","protected":false},"featured_media":1805,"comment_status":"closed","ping_status":"open","template":"","meta":[],"product_cat":[460,113],"product_tag":[839,758,717,621],"class_list":["post-1804","product","type-product","status-publish","has-post-thumbnail","hentry","product_cat-cada","product_cat-klocki","product_tag-bajki-na-dobranoc-do-czytania","product_tag-julian","product_tag-prezent-roczek","product_tag-prezenty-roczek"],"_links":{"self":[{"href":"http:\/\/klubmamgdynia.pl\/index.php\/wp-json\/wp\/v2\/product\/1804","targetHints":{"allow":["GET"]}}],"collection":[{"href":"http:\/\/klubmamgdynia.pl\/index.php\/wp-json\/wp\/v2\/product"}],"about":[{"href":"http:\/\/klubmamgdynia.pl\/index.php\/wp-json\/wp\/v2\/types\/product"}],"replies":[{"embeddable":true,"href":"http:\/\/klubmamgdynia.pl\/index.php\/wp-json\/wp\/v2\/comments?post=1804"}],"wp:featuredmedia":[{"embeddable":true,"href":"http:\/\/klubmamgdynia.pl\/index.php\/wp-json\/wp\/v2\/media\/1805"}],"wp:attachment":[{"href":"http:\/\/klubmamgdynia.pl\/index.php\/wp-json\/wp\/v2\/media?parent=1804"}],"wp:term":[{"taxonomy":"product_cat","embeddable":true,"href":"http:\/\/klubmamgdynia.pl\/index.php\/wp-json\/wp\/v2\/product_cat?post=1804"},{"taxonomy":"product_tag","embeddable":true,"href":"http:\/\/klubmamgdynia.pl\/index.php\/wp-json\/wp\/v2\/product_tag?post=1804"}],"curies":[{"name":"wp","href":"https:\/\/api.w.org\/{rel}","templated":true}]}}