{"id":1808,"date":"2011-04-18T02:23:42","date_gmt":"2011-04-18T00:23:42","guid":{"rendered":"http:\/\/klubmamgdynia.pl\/index.php\/produkt\/carrera-carrera-1001-s-blx-9o\/"},"modified":"2026-05-17T23:19:57","modified_gmt":"2026-05-17T21:19:57","slug":"carrera-carrera-1001-s-blx-9o","status":"publish","type":"product","link":"http:\/\/klubmamgdynia.pl\/index.php\/produkt\/carrera-carrera-1001-s-blx-9o\/","title":{"rendered":"Carrera Carrera 1001\/S BLX\/9O"},"content":{"rendered":"<p>Oprawki prostok\u0105tne idealnie pasuj\u0105 do okr\u0105g\u0142ych twarzy. O CarreraChcesz wygl\u0105da\u0107 oryginalnie i niekonwencjonalnie? Niech twoje okulary m\u00f3wi\u0105 same za siebie i odwa\u017cnie wykonuj \u015bmia\u0142e projekty Carrery. S\u0142ynna w\u0142oska marka proponuje charakterystyczne okulary, prostok\u0105tne, okr\u0105g\u0142e i kwadratowe. O tych okularach Czarne oprawki s\u0105 doskona\u0142ym wyborem zar\u00f3wno na co dzie\u0144, jak i od \u015bwi\u0119ta. Gwarantuj\u0105 ponadczasowy, elegancki styl.Materia\u0142em jest lekkie i wytrzyma\u0142e tworzywo sztuczne.Szary kolor soczewek zmniejsza odblaski i poprawia postrzeganie kolor\u00f3w.Chcesz sprawdzi\u0107, czy te okulary s\u0105 dla Ciebie idealne? Przyjrzyj si\u0119 bli\u017cej dzi\u0119ki naszemu wirtualnemu narz\u0119dziu do przymierzania!Zwyk\u0142e soczewki okularowe.<\/p>\n<h2>Carrera Carrera 1001\/S BLX\/9O Carrera<\/h2>\n<p>pranki na prima aprilis dla rodzic\u00f3w, zagadki dla sze\u015bciolatk\u00f3w, znaczenie imiona pola, zaproszenia na urodziny do druku, kolorowanka harry potter do druku, gra kulki, carmen imie, gra kulki, wystawy dla dzieci warszawa, alina, zagadki dla rodziny, kolorowanki kotki do druku, nadie\u017cda imi\u0119<\/p>\n<p>yyyyy<\/p>\n<p>&nbsp;<\/p>\n","protected":false},"excerpt":{"rendered":"<p>Oprawki prostok\u0105tne idealnie pasuj\u0105 do okr\u0105g\u0142ych twarzy. O CarreraChcesz wygl\u0105da\u0107 oryginalnie i niekonwencjonalnie? Niech twoje okulary m\u00f3wi\u0105 same za siebie i odwa\u017cnie wykonuj \u015bmia\u0142e projekty Carrery. S\u0142ynna w\u0142oska marka proponuje charakterystyczne okulary, prostok\u0105tne, okr\u0105g\u0142e i kwadratowe. O tych okularach Czarne oprawki s\u0105 doskona\u0142ym wyborem zar\u00f3wno na co dzie\u0144, jak i od \u015bwi\u0119ta. Gwarantuj\u0105 ponadczasowy, elegancki [&hellip;]<\/p>\n","protected":false},"featured_media":1809,"comment_status":"closed","ping_status":"open","template":"","meta":[],"product_cat":[140,467],"product_tag":[853,830,873],"class_list":["post-1808","product","type-product","status-publish","has-post-thumbnail","hentry","product_cat-carrera","product_cat-okulary-przeciwsloneczne-meskie","product_tag-kolorowanki-do-druku-dla-doroslych","product_tag-rodzina-cytaty","product_tag-zagadki-z-odpowiedziami-dla-dzieci"],"_links":{"self":[{"href":"http:\/\/klubmamgdynia.pl\/index.php\/wp-json\/wp\/v2\/product\/1808","targetHints":{"allow":["GET"]}}],"collection":[{"href":"http:\/\/klubmamgdynia.pl\/index.php\/wp-json\/wp\/v2\/product"}],"about":[{"href":"http:\/\/klubmamgdynia.pl\/index.php\/wp-json\/wp\/v2\/types\/product"}],"replies":[{"embeddable":true,"href":"http:\/\/klubmamgdynia.pl\/index.php\/wp-json\/wp\/v2\/comments?post=1808"}],"wp:featuredmedia":[{"embeddable":true,"href":"http:\/\/klubmamgdynia.pl\/index.php\/wp-json\/wp\/v2\/media\/1809"}],"wp:attachment":[{"href":"http:\/\/klubmamgdynia.pl\/index.php\/wp-json\/wp\/v2\/media?parent=1808"}],"wp:term":[{"taxonomy":"product_cat","embeddable":true,"href":"http:\/\/klubmamgdynia.pl\/index.php\/wp-json\/wp\/v2\/product_cat?post=1808"},{"taxonomy":"product_tag","embeddable":true,"href":"http:\/\/klubmamgdynia.pl\/index.php\/wp-json\/wp\/v2\/product_tag?post=1808"}],"curies":[{"name":"wp","href":"https:\/\/api.w.org\/{rel}","templated":true}]}}