{"id":181,"date":"2010-12-14T21:32:36","date_gmt":"2010-12-14T20:32:36","guid":{"rendered":"http:\/\/klubmamgdynia.pl\/index.php\/produkt\/pierre-cardin-95-mix3-czarne-bokserki-meskie\/"},"modified":"2026-04-06T13:21:24","modified_gmt":"2026-04-06T11:21:24","slug":"pierre-cardin-95-mix3-czarne-bokserki-meskie","status":"publish","type":"product","link":"http:\/\/klubmamgdynia.pl\/index.php\/produkt\/pierre-cardin-95-mix3-czarne-bokserki-meskie\/","title":{"rendered":"Pierre Cardin 95 Mix3 czarne Bokserki m\u0119skie"},"content":{"rendered":"<p>\u015awietne, m\u0119skie, dopasowane do cia\u0142a bokserki m\u0119skie, w\u0142oskiej marki Pierre Cardin. Bardzo dobry i bardzo popularny kr\u00f3j, mi\u0119kkie materia\u0142y, bawe\u0142na, \u015bwietna, modna guma w pasie (edycja z srebrn\u0105 gum\u0105 i czarnymi napisami &#8211; Pierre Cardin). Zam\u00f3w je dla si&#8230;<\/p>\n<h2>Pierre Cardin 95 Mix3 czarne Bokserki m\u0119skie Pierre Cardin<\/h2>\n<p>harry potter kolorowanka, test z lektury miko\u0142ajek do druku, m.i.a., kiekrz, zagadki wielkanocne dla dzieci, ostatni dzwonek tekst<\/p>\n<p>yyyyy<\/p>\n<p>&nbsp;<\/p>\n","protected":false},"excerpt":{"rendered":"<p>\u015awietne, m\u0119skie, dopasowane do cia\u0142a bokserki m\u0119skie, w\u0142oskiej marki Pierre Cardin. Bardzo dobry i bardzo popularny kr\u00f3j, mi\u0119kkie materia\u0142y, bawe\u0142na, \u015bwietna, modna guma w pasie (edycja z srebrn\u0105 gum\u0105 i czarnymi napisami &#8211; Pierre Cardin). Zam\u00f3w je dla si&#8230; Pierre Cardin 95 Mix3 czarne Bokserki m\u0119skie Pierre Cardin harry potter kolorowanka, test z lektury miko\u0142ajek [&hellip;]<\/p>\n","protected":false},"featured_media":182,"comment_status":"closed","ping_status":"open","template":"","meta":[],"product_cat":[93,92],"product_tag":[655,842,736,679],"class_list":["post-181","product","type-product","status-publish","has-post-thumbnail","hentry","product_cat-bokserki-i-szorty","product_cat-pierre-cardin","product_tag-najlepsze-zagadki","product_tag-plac-zabaw-poznan","product_tag-zabawki-na-roczek","product_tag-zabawki-na-roczek-dla-dziewczynki"],"_links":{"self":[{"href":"http:\/\/klubmamgdynia.pl\/index.php\/wp-json\/wp\/v2\/product\/181","targetHints":{"allow":["GET"]}}],"collection":[{"href":"http:\/\/klubmamgdynia.pl\/index.php\/wp-json\/wp\/v2\/product"}],"about":[{"href":"http:\/\/klubmamgdynia.pl\/index.php\/wp-json\/wp\/v2\/types\/product"}],"replies":[{"embeddable":true,"href":"http:\/\/klubmamgdynia.pl\/index.php\/wp-json\/wp\/v2\/comments?post=181"}],"wp:featuredmedia":[{"embeddable":true,"href":"http:\/\/klubmamgdynia.pl\/index.php\/wp-json\/wp\/v2\/media\/182"}],"wp:attachment":[{"href":"http:\/\/klubmamgdynia.pl\/index.php\/wp-json\/wp\/v2\/media?parent=181"}],"wp:term":[{"taxonomy":"product_cat","embeddable":true,"href":"http:\/\/klubmamgdynia.pl\/index.php\/wp-json\/wp\/v2\/product_cat?post=181"},{"taxonomy":"product_tag","embeddable":true,"href":"http:\/\/klubmamgdynia.pl\/index.php\/wp-json\/wp\/v2\/product_tag?post=181"}],"curies":[{"name":"wp","href":"https:\/\/api.w.org\/{rel}","templated":true}]}}