{"id":1814,"date":"2011-05-22T06:38:58","date_gmt":"2011-05-22T04:38:58","guid":{"rendered":"http:\/\/klubmamgdynia.pl\/index.php\/produkt\/cada-zestaw-klockow-konstrukcyjnych-dump-truck-smieciarka\/"},"modified":"2026-05-17T22:08:24","modified_gmt":"2026-05-17T20:08:24","slug":"cada-zestaw-klockow-konstrukcyjnych-dump-truck-smieciarka","status":"publish","type":"product","link":"http:\/\/klubmamgdynia.pl\/index.php\/produkt\/cada-zestaw-klockow-konstrukcyjnych-dump-truck-smieciarka\/","title":{"rendered":"Cada Zestaw Klock\u00f3w Konstrukcyjnych Dump Truck \u015amieciarka"},"content":{"rendered":"<p>Cada C52011W Klocki Dump TruckZestaw klock\u00f3w konstrukcyjnych pozwalaj\u0105cych na z\u0142o\u017cenie pojazdu z nap\u0119dem pull-back.Ilo\u015b\u0107 klock\u00f3w w zestawie: 301.<\/p>\n<h2>Cada Zestaw Klock\u00f3w Konstrukcyjnych Dump Truck \u015amieciarka Cada<\/h2>\n<p>\u0142amig\u0142\u00f3wki s\u0142owne, alan imi\u0119, najrzadsze imiona dla dziewczynek, szablony papierowe lalki do ubierania do wydruku, wulkan z sody, pytania zagadki, zagadki matematyczne dla przedszkolak\u00f3w, kolorowanki dla dziewczyn, zagadki dla doros\u0142ych, imiona dla ch\u0142opc\u00f3w, prezent roczek, zagadki dla dzieci z odpowiedziami, karty pracy po ukrai\u0144sku, madre zyczenia bozonarodzeniowe<\/p>\n<p>yyyyy<\/p>\n<p>&nbsp;<\/p>\n","protected":false},"excerpt":{"rendered":"<p>Cada C52011W Klocki Dump TruckZestaw klock\u00f3w konstrukcyjnych pozwalaj\u0105cych na z\u0142o\u017cenie pojazdu z nap\u0119dem pull-back.Ilo\u015b\u0107 klock\u00f3w w zestawie: 301. Cada Zestaw Klock\u00f3w Konstrukcyjnych Dump Truck \u015amieciarka Cada \u0142amig\u0142\u00f3wki s\u0142owne, alan imi\u0119, najrzadsze imiona dla dziewczynek, szablony papierowe lalki do ubierania do wydruku, wulkan z sody, pytania zagadki, zagadki matematyczne dla przedszkolak\u00f3w, kolorowanki dla dziewczyn, zagadki dla [&hellip;]<\/p>\n","protected":false},"featured_media":1815,"comment_status":"closed","ping_status":"open","template":"","meta":[],"product_cat":[460,113],"product_tag":[706,602,659,601],"class_list":["post-1814","product","type-product","status-publish","has-post-thumbnail","hentry","product_cat-cada","product_cat-klocki","product_tag-imie-kuba","product_tag-quiz-o-zwierzetach-domowych","product_tag-tupu-tup-po-sniegu-tekst","product_tag-zagadki-co-to-jest"],"_links":{"self":[{"href":"http:\/\/klubmamgdynia.pl\/index.php\/wp-json\/wp\/v2\/product\/1814","targetHints":{"allow":["GET"]}}],"collection":[{"href":"http:\/\/klubmamgdynia.pl\/index.php\/wp-json\/wp\/v2\/product"}],"about":[{"href":"http:\/\/klubmamgdynia.pl\/index.php\/wp-json\/wp\/v2\/types\/product"}],"replies":[{"embeddable":true,"href":"http:\/\/klubmamgdynia.pl\/index.php\/wp-json\/wp\/v2\/comments?post=1814"}],"wp:featuredmedia":[{"embeddable":true,"href":"http:\/\/klubmamgdynia.pl\/index.php\/wp-json\/wp\/v2\/media\/1815"}],"wp:attachment":[{"href":"http:\/\/klubmamgdynia.pl\/index.php\/wp-json\/wp\/v2\/media?parent=1814"}],"wp:term":[{"taxonomy":"product_cat","embeddable":true,"href":"http:\/\/klubmamgdynia.pl\/index.php\/wp-json\/wp\/v2\/product_cat?post=1814"},{"taxonomy":"product_tag","embeddable":true,"href":"http:\/\/klubmamgdynia.pl\/index.php\/wp-json\/wp\/v2\/product_tag?post=1814"}],"curies":[{"name":"wp","href":"https:\/\/api.w.org\/{rel}","templated":true}]}}