{"id":1816,"date":"2011-07-10T01:56:32","date_gmt":"2011-07-09T23:56:32","guid":{"rendered":"http:\/\/klubmamgdynia.pl\/index.php\/produkt\/maisto-dogde-viper-gts-2013-pojazd-czerwony-124\/"},"modified":"2026-04-29T00:11:25","modified_gmt":"2026-04-28T22:11:25","slug":"maisto-dogde-viper-gts-2013-pojazd-czerwony-124","status":"publish","type":"product","link":"http:\/\/klubmamgdynia.pl\/index.php\/produkt\/maisto-dogde-viper-gts-2013-pojazd-czerwony-124\/","title":{"rendered":"Maisto Dogde Viper Gts 2013 Pojazd Czerwony 1:24"},"content":{"rendered":"<p>Model kompozytowy Dodge Viper GTS czerwony 1\/24Model w skali 1:24. Metalowe nadwozie oraz plastikowe elementy. Charakteryzuje si\u0119 ruchomymi elementami oraz dba\u0142o\u015bci\u0105 o ka\u017cdy szczeg\u00f3\u0142. Posiada otwierane drzwi oraz mask\u0119. Spe\u0142ni swoj\u0105 rol\u0119 zar\u00f3wno na p\u00f3\u0142ce lub biurku kolekcjonera oraz jako zabawka dla dziecka.Informacje o produkcieNr katalogowy10131271\/2Rodzaj SamochodySkala 1:24Materia\u0142 MetalWymagania wiekowe od 3 latP\u0142e\u0107 Ch\u0142opcyKolor CzerwonyPozosta\u0142e parametryWymiary opakowania: 23 x 10.5 x 11.4 cm<\/p>\n<h2>Maisto Dogde Viper Gts 2013 Pojazd Czerwony 1:24 Maisto<\/h2>\n<p>zabawy miko\u0142ajkowe dla dzieci, \u015bmieszne zagadki matematyczne, zagadki wielkanocne dla doros\u0142ych, \u017carty na prima aprilis w domu, test z narnii lew czarownica i stara szafa, listy do \u015bwi\u0119tego miko\u0142aja<\/p>\n<p>yyyyy<\/p>\n<p>&nbsp;<\/p>\n","protected":false},"excerpt":{"rendered":"<p>Model kompozytowy Dodge Viper GTS czerwony 1\/24Model w skali 1:24. Metalowe nadwozie oraz plastikowe elementy. Charakteryzuje si\u0119 ruchomymi elementami oraz dba\u0142o\u015bci\u0105 o ka\u017cdy szczeg\u00f3\u0142. Posiada otwierane drzwi oraz mask\u0119. Spe\u0142ni swoj\u0105 rol\u0119 zar\u00f3wno na p\u00f3\u0142ce lub biurku kolekcjonera oraz jako zabawka dla dziecka.Informacje o produkcieNr katalogowy10131271\/2Rodzaj SamochodySkala 1:24Materia\u0142 MetalWymagania wiekowe od 3 latP\u0142e\u0107 Ch\u0142opcyKolor CzerwonyPozosta\u0142e [&hellip;]<\/p>\n","protected":false},"featured_media":1817,"comment_status":"closed","ping_status":"open","template":"","meta":[],"product_cat":[469,470],"product_tag":[696,645,846,850],"class_list":["post-1816","product","type-product","status-publish","has-post-thumbnail","hentry","product_cat-maisto","product_cat-modele-zdalnie-sterowane","product_tag-film-rodzinny-o-swietach","product_tag-latwe-zagadki","product_tag-rysowanki","product_tag-wroclaw-atrakcje-dla-dzieci"],"_links":{"self":[{"href":"http:\/\/klubmamgdynia.pl\/index.php\/wp-json\/wp\/v2\/product\/1816","targetHints":{"allow":["GET"]}}],"collection":[{"href":"http:\/\/klubmamgdynia.pl\/index.php\/wp-json\/wp\/v2\/product"}],"about":[{"href":"http:\/\/klubmamgdynia.pl\/index.php\/wp-json\/wp\/v2\/types\/product"}],"replies":[{"embeddable":true,"href":"http:\/\/klubmamgdynia.pl\/index.php\/wp-json\/wp\/v2\/comments?post=1816"}],"wp:featuredmedia":[{"embeddable":true,"href":"http:\/\/klubmamgdynia.pl\/index.php\/wp-json\/wp\/v2\/media\/1817"}],"wp:attachment":[{"href":"http:\/\/klubmamgdynia.pl\/index.php\/wp-json\/wp\/v2\/media?parent=1816"}],"wp:term":[{"taxonomy":"product_cat","embeddable":true,"href":"http:\/\/klubmamgdynia.pl\/index.php\/wp-json\/wp\/v2\/product_cat?post=1816"},{"taxonomy":"product_tag","embeddable":true,"href":"http:\/\/klubmamgdynia.pl\/index.php\/wp-json\/wp\/v2\/product_tag?post=1816"}],"curies":[{"name":"wp","href":"https:\/\/api.w.org\/{rel}","templated":true}]}}