{"id":1818,"date":"2023-05-14T10:52:29","date_gmt":"2023-05-14T08:52:29","guid":{"rendered":"http:\/\/klubmamgdynia.pl\/?post_type=product&#038;p=1818"},"modified":"2026-04-08T05:03:43","modified_gmt":"2026-04-08T03:03:43","slug":"cada-zestaw-klockow-konstrukcyjnych-crash-racing-car","status":"publish","type":"product","link":"http:\/\/klubmamgdynia.pl\/index.php\/produkt\/cada-zestaw-klockow-konstrukcyjnych-crash-racing-car\/","title":{"rendered":"Cada Zestaw Klock\u00f3w Konstrukcyjnych Crash Racing Car"},"content":{"rendered":"<p>Zbuduj w\u0142asny model RC! Tym razem prezentujemy samoch\u00f3d sportowy przeznaczony do tzw. wy\u015bcig\u00f3w wrak\u00f3w. Model zosta\u0142 odwzorowany bardzo realistycznie &#8211; a zatem do czynienia mamy z autem bez dachu ani nawet przedniej szyby. Na szcz\u0119scie, ca\u0142a reszta jest ju\u017c na miejscu. Po z\u0142o\u017ceniu samoch\u00f3d prezentuje si\u0119 \u015bwietnie. Ma bardzo op\u0142ywowy kszta\u0142t, co jest zreszt\u0105 wizyt\u00f3wk\u0105 ka\u017cdego supersamochodu.Drzwi bez problemu mo\u017cna otworzy\u0107, a wewn\u0105trz auta znajduje si\u0119 figurka kierowcy. Nie bez powodu zreszt\u0105, bo najwi\u0119ksz\u0105 atrakcj\u0105 modelu jest&#8230; katapulta. Jej mechanizm jest do\u0142\u0105czony do zestawu. Katapulta sprawia, \u017ce kierowc\u0119 wraz z siedzeniem mo\u017cna wysoko wystrzeli\u0107 z samochodu w g\u00f3r\u0119.Prezentowane auto to pot\u0119\u017cny, zdalnie sterowany model, do samodzielnego zbudowania z klock\u00f3w! Doskona\u0142a propozycja dla m\u0142odych in\u017cynier\u00f3w i artyst\u00f3w. Postaw na rozrywk\u0119, kt\u00f3ra rozwija kreatywno\u015b\u0107, wyobra\u017ani\u0119 i umiej\u0119tno\u015bci manualne.Model po z\u0142o\u017ceniu mo\u017ce odjecha\u0107 do 25 metr\u00f3w bez utraty zasi\u0119gu! Klocki s\u0105 wytrzyma\u0142e i \u0142atwe w \u0142\u0105czeniu. Dodatkowym atutem jest fakt, \u017ce auto posiada wiele ruchomych element\u00f3w co sprawia, \u017ce zabawa daje jeszcze wi\u0119cej frajdy. To nie jedna z tych zabawek, kt\u00f3re nudz\u0105 si\u0119 po kilku dniach.Dane techniczneAkumulator: NiCDD\u0142ugo\u015b\u0107 : 285 mmSzeroko\u015b\u0107 : 137mmWysoko\u015b\u0107: 91 mmZasi\u0119g: do 30mWiek: 6+Ilo\u015b\u0107 element\u00f3w: 585Materia\u0142 wykonania: ABSRadio: 2.4GHzSk\u0142ad zestawuKlocki do z\u0142o\u017cenia autaNadajnik rcAkumulator NiCd 3,6V 400mAh\u0141adowarka USBFilm:<\/p>\n<h2>Cada Zestaw Klock\u00f3w Konstrukcyjnych Crash Racing Car Cada<\/h2>\n<p>quizy geograficzne, wiosna zagadki, platformy edukacyjne dla dzieci, minecraft quiz, cytaty dla mamy od c\u00f3rki, imi\u0119 natan, prezent dla jedenastolatka, pomys\u0142 na prezent na roczek, rysunek kota, kr\u00f3tkie \u017cyczenia wielkanocne dla dzieci, malowanka do druku, bajka o smoku, pomys\u0142 na prima aprilis, \u015bmieszne zagadki matematyczne, \u0142amig\u0142\u00f3wki matematyczne, kubu\u015b puchatek cytaty, wzruszaj\u0105c\u0105 piosenka dla taty<\/p>\n<p>yyyyy<\/p>\n<p>&nbsp;<\/p>\n","protected":false},"excerpt":{"rendered":"<p>Zbuduj w\u0142asny model RC! Tym razem prezentujemy samoch\u00f3d sportowy przeznaczony do tzw. wy\u015bcig\u00f3w wrak\u00f3w. Model zosta\u0142 odwzorowany bardzo realistycznie &#8211; a zatem do czynienia mamy z autem bez dachu ani nawet przedniej szyby. Na szcz\u0119scie, ca\u0142a reszta jest ju\u017c na miejscu. Po z\u0142o\u017ceniu samoch\u00f3d prezentuje si\u0119 \u015bwietnie. Ma bardzo op\u0142ywowy kszta\u0142t, co jest zreszt\u0105 wizyt\u00f3wk\u0105 [&hellip;]<\/p>\n","protected":false},"featured_media":1819,"comment_status":"closed","ping_status":"open","template":"","meta":[],"product_cat":[460,113],"product_tag":[790,669,688,806,788],"class_list":["post-1818","product","type-product","status-publish","has-post-thumbnail","hentry","product_cat-cada","product_cat-klocki","product_tag-gry-planszowe-dla-nastolatkow","product_tag-kolorowanki","product_tag-kolysanki-tekst","product_tag-prezent-dla-dziecka-na-roczek","product_tag-zagadki-krotkie"],"_links":{"self":[{"href":"http:\/\/klubmamgdynia.pl\/index.php\/wp-json\/wp\/v2\/product\/1818","targetHints":{"allow":["GET"]}}],"collection":[{"href":"http:\/\/klubmamgdynia.pl\/index.php\/wp-json\/wp\/v2\/product"}],"about":[{"href":"http:\/\/klubmamgdynia.pl\/index.php\/wp-json\/wp\/v2\/types\/product"}],"replies":[{"embeddable":true,"href":"http:\/\/klubmamgdynia.pl\/index.php\/wp-json\/wp\/v2\/comments?post=1818"}],"wp:featuredmedia":[{"embeddable":true,"href":"http:\/\/klubmamgdynia.pl\/index.php\/wp-json\/wp\/v2\/media\/1819"}],"wp:attachment":[{"href":"http:\/\/klubmamgdynia.pl\/index.php\/wp-json\/wp\/v2\/media?parent=1818"}],"wp:term":[{"taxonomy":"product_cat","embeddable":true,"href":"http:\/\/klubmamgdynia.pl\/index.php\/wp-json\/wp\/v2\/product_cat?post=1818"},{"taxonomy":"product_tag","embeddable":true,"href":"http:\/\/klubmamgdynia.pl\/index.php\/wp-json\/wp\/v2\/product_tag?post=1818"}],"curies":[{"name":"wp","href":"https:\/\/api.w.org\/{rel}","templated":true}]}}