{"id":1822,"date":"2011-03-28T04:10:02","date_gmt":"2011-03-28T02:10:02","guid":{"rendered":"http:\/\/klubmamgdynia.pl\/index.php\/produkt\/cada-klocki-samochod-sportowy-z-klockow-1322el\/"},"modified":"2026-04-27T07:56:35","modified_gmt":"2026-04-27T05:56:35","slug":"cada-klocki-samochod-sportowy-z-klockow-1322el","status":"publish","type":"product","link":"http:\/\/klubmamgdynia.pl\/index.php\/produkt\/cada-klocki-samochod-sportowy-z-klockow-1322el\/","title":{"rendered":"Cada Klocki Samoch\u00f3d Sportowy Z Klock\u00f3w 1322El."},"content":{"rendered":"<p>Samoch\u00f3d sportowy z klock\u00f3w 1322 element\u00f3w Zestaw Klock\u00f3w jest doskona\u0142\u0105 propozycj\u0105 dla wszystkich kreatywnych dzieciak\u00f3w, kt\u00f3re pasjonuj\u0105 si\u0119 sk\u0142adaniem i rozk\u0142adaniem zabawek na czynniki pierwsze. Ta ciekawa aktywno\u015b\u0107 pomo\u017ce rozwin\u0105\u0107 barwn\u0105 wyobra\u017ani\u0119 dziecka, r\u00f3wnocze\u015bnie poprawiaj\u0105c jego zdolno\u015bci manualne i techniczne, a tak\u017ce spryt i smyka\u0142k\u0119 do majsterkowania. Ponadto model do w\u0142asnor\u0119cznego monta\u017cu usprawni logiczne my\u015blenie i cierpliwo\u015b\u0107 dziecka, dodatkowo je wyciszaj\u0105c.Techniczny Zestaw Klock\u00f3w zawiera 1322 element\u00f3w wykonanych z bezpiecznych i atestowanych materia\u0142\u00f3w. Zdalnie sterowany samoch\u00f3d sportowy zachwyci ka\u017cdego fana sportowych pojazd\u00f3w, a kolorystyka idealnie odda jego charakter. Dodatkowym atutem prezentowanego zestawu jest mo\u017cliwo\u015b\u0107 \u0142\u0105czenia go z klockami lego. Po zamontowaniu silniczku wraz z pilotem do sterowania o\u017cywisz sw\u00f3j model samochodu. Silniczek dost\u0119pny w naszym sklepie.Elementy zestawu:- klocki do z\u0142o\u017ceni sportowego samochodu: 1322 element\u00f3w- instrukcja obs\u0142ugiWymiary samochodu:33.4 cm x 9.9 cmWymiary opakowania:- pude\u0142ko z samochodu sportowego: 46 cm x 11 cm x 38 cmSamoch\u00f3d sportowy przeznaczony jest dla dzieci powy\u017cej 8. roku \u017cycia. Zabawka posiada certyfikat CE i jest zgodna z norm\u0105 EN 71. Zestaw zapakowany jest w pude\u0142ko, dzi\u0119ki czemu nadaje si\u0119 na prezent dla dziecka.<\/p>\n<h2>Cada Klocki Samoch\u00f3d Sportowy Z Klock\u00f3w 1322El. Cada<\/h2>\n<p>li\u015bcie jesienne szablon, malgorzata znaczenie imienia, zagadki o psach, mandala kolorowanka, farma dyni poznan, cytaty dzie\u0144 nauczyciela, podchwytliwe zagadki na inteligencj\u0119, test z lektury dzieci z bullerbyn, kolorowanka star wars, gwiazdka do druku, ciekawe zagadki i odpowiedzi, wroc\u0142aw i okolice atrakcje, nauka pisania wyraz\u00f3w dla dzieci do druku pdf, asiunia test z lektury, g\u0142upie zagadki, mi\u0142osz imie, zagadki dla dzieci 6-7 lat, zagadki dla dzieci 6-7 lat online<\/p>\n<p>yyyyy<\/p>\n<p>&nbsp;<\/p>\n","protected":false},"excerpt":{"rendered":"<p>Samoch\u00f3d sportowy z klock\u00f3w 1322 element\u00f3w Zestaw Klock\u00f3w jest doskona\u0142\u0105 propozycj\u0105 dla wszystkich kreatywnych dzieciak\u00f3w, kt\u00f3re pasjonuj\u0105 si\u0119 sk\u0142adaniem i rozk\u0142adaniem zabawek na czynniki pierwsze. Ta ciekawa aktywno\u015b\u0107 pomo\u017ce rozwin\u0105\u0107 barwn\u0105 wyobra\u017ani\u0119 dziecka, r\u00f3wnocze\u015bnie poprawiaj\u0105c jego zdolno\u015bci manualne i techniczne, a tak\u017ce spryt i smyka\u0142k\u0119 do majsterkowania. Ponadto model do w\u0142asnor\u0119cznego monta\u017cu usprawni logiczne my\u015blenie [&hellip;]<\/p>\n","protected":false},"featured_media":1823,"comment_status":"closed","ping_status":"open","template":"","meta":[],"product_cat":[460,113],"product_tag":[660,676,747,636,577],"class_list":["post-1822","product","type-product","status-publish","has-post-thumbnail","hentry","product_cat-cada","product_cat-klocki","product_tag-bianka","product_tag-bursztynek","product_tag-malowanki-do-druku","product_tag-teksty-kolysanek","product_tag-znaki-drogowe-test"],"_links":{"self":[{"href":"http:\/\/klubmamgdynia.pl\/index.php\/wp-json\/wp\/v2\/product\/1822","targetHints":{"allow":["GET"]}}],"collection":[{"href":"http:\/\/klubmamgdynia.pl\/index.php\/wp-json\/wp\/v2\/product"}],"about":[{"href":"http:\/\/klubmamgdynia.pl\/index.php\/wp-json\/wp\/v2\/types\/product"}],"replies":[{"embeddable":true,"href":"http:\/\/klubmamgdynia.pl\/index.php\/wp-json\/wp\/v2\/comments?post=1822"}],"wp:featuredmedia":[{"embeddable":true,"href":"http:\/\/klubmamgdynia.pl\/index.php\/wp-json\/wp\/v2\/media\/1823"}],"wp:attachment":[{"href":"http:\/\/klubmamgdynia.pl\/index.php\/wp-json\/wp\/v2\/media?parent=1822"}],"wp:term":[{"taxonomy":"product_cat","embeddable":true,"href":"http:\/\/klubmamgdynia.pl\/index.php\/wp-json\/wp\/v2\/product_cat?post=1822"},{"taxonomy":"product_tag","embeddable":true,"href":"http:\/\/klubmamgdynia.pl\/index.php\/wp-json\/wp\/v2\/product_tag?post=1822"}],"curies":[{"name":"wp","href":"https:\/\/api.w.org\/{rel}","templated":true}]}}