{"id":1826,"date":"2014-05-02T14:59:00","date_gmt":"2014-05-02T12:59:00","guid":{"rendered":"http:\/\/klubmamgdynia.pl\/index.php\/produkt\/carrera-meski-pasek-carrera-cb6736-100-115\/"},"modified":"2026-05-17T23:08:13","modified_gmt":"2026-05-17T21:08:13","slug":"carrera-meski-pasek-carrera-cb6736-100-115","status":"publish","type":"product","link":"http:\/\/klubmamgdynia.pl\/index.php\/produkt\/carrera-meski-pasek-carrera-cb6736-100-115\/","title":{"rendered":"Carrera m\u0119ski pasek Carrera CB6736 100-115"},"content":{"rendered":"<h2>Carrera m\u0119ski pasek Carrera CB6736 100-115 Carrera<\/h2>\n<p>mapa polski do druku, magiczne drzewo czerwone krzes\u0142o test, mini kanapki dla dzieci, z\u0142ote my\u015bli kubu\u015b puchatek cytaty, p\u0142onie ognisko w lesie<\/p>\n<p>yyyyy<\/p>\n<p>&nbsp;<\/p>\n","protected":false},"excerpt":{"rendered":"<p>Carrera m\u0119ski pasek Carrera CB6736 100-115 Carrera mapa polski do druku, magiczne drzewo czerwone krzes\u0142o test, mini kanapki dla dzieci, z\u0142ote my\u015bli kubu\u015b puchatek cytaty, p\u0142onie ognisko w lesie yyyyy &nbsp;<\/p>\n","protected":false},"featured_media":1827,"comment_status":"closed","ping_status":"open","template":"","meta":[],"product_cat":[140,168],"product_tag":[834,758,657,876,651,762],"class_list":["post-1826","product","type-product","status-publish","has-post-thumbnail","hentry","product_cat-carrera","product_cat-paski-meskie","product_tag-bajka-do-czytania-na-dobranoc","product_tag-julian","product_tag-lol-kolorowanka","product_tag-przyjazn","product_tag-quizy-online","product_tag-trudne-zagadki-dla-dzieci"],"_links":{"self":[{"href":"http:\/\/klubmamgdynia.pl\/index.php\/wp-json\/wp\/v2\/product\/1826","targetHints":{"allow":["GET"]}}],"collection":[{"href":"http:\/\/klubmamgdynia.pl\/index.php\/wp-json\/wp\/v2\/product"}],"about":[{"href":"http:\/\/klubmamgdynia.pl\/index.php\/wp-json\/wp\/v2\/types\/product"}],"replies":[{"embeddable":true,"href":"http:\/\/klubmamgdynia.pl\/index.php\/wp-json\/wp\/v2\/comments?post=1826"}],"wp:featuredmedia":[{"embeddable":true,"href":"http:\/\/klubmamgdynia.pl\/index.php\/wp-json\/wp\/v2\/media\/1827"}],"wp:attachment":[{"href":"http:\/\/klubmamgdynia.pl\/index.php\/wp-json\/wp\/v2\/media?parent=1826"}],"wp:term":[{"taxonomy":"product_cat","embeddable":true,"href":"http:\/\/klubmamgdynia.pl\/index.php\/wp-json\/wp\/v2\/product_cat?post=1826"},{"taxonomy":"product_tag","embeddable":true,"href":"http:\/\/klubmamgdynia.pl\/index.php\/wp-json\/wp\/v2\/product_tag?post=1826"}],"curies":[{"name":"wp","href":"https:\/\/api.w.org\/{rel}","templated":true}]}}