{"id":1828,"date":"2014-06-26T23:10:36","date_gmt":"2014-06-26T21:10:36","guid":{"rendered":"http:\/\/klubmamgdynia.pl\/index.php\/produkt\/telewizor-sony-kd-55x81k\/"},"modified":"2026-04-08T22:00:02","modified_gmt":"2026-04-08T20:00:02","slug":"telewizor-sony-kd-55x81k","status":"publish","type":"product","link":"http:\/\/klubmamgdynia.pl\/index.php\/produkt\/telewizor-sony-kd-55x81k\/","title":{"rendered":"Telewizor Sony KD-55X81K"},"content":{"rendered":"<h2>Telewizor Sony KD-55X81K Sony<\/h2>\n<p>elzbieta imie, kreatywne zabawy dla 10 latka, bajka dla niemowlaka, quiz dzieci z bullerbyn, prezent dla rocznego dziecka, bajki do czytania dla ch\u0142opc\u00f3w, cytaty o nauczycielach, kolorowanka myszka minnie, prezent dla nastolatk\u00f3w 2021, maski karnawa\u0142owe do druku, atrakcje dla dzieci trojmiasto, kolorowanki do druku dla doros\u0142ych<\/p>\n<p>yyyyy<\/p>\n<p>&nbsp;<\/p>\n","protected":false},"excerpt":{"rendered":"<p>Telewizor Sony KD-55X81K Sony elzbieta imie, kreatywne zabawy dla 10 latka, bajka dla niemowlaka, quiz dzieci z bullerbyn, prezent dla rocznego dziecka, bajki do czytania dla ch\u0142opc\u00f3w, cytaty o nauczycielach, kolorowanka myszka minnie, prezent dla nastolatk\u00f3w 2021, maski karnawa\u0142owe do druku, atrakcje dla dzieci trojmiasto, kolorowanki do druku dla doros\u0142ych yyyyy &nbsp;<\/p>\n","protected":false},"featured_media":1829,"comment_status":"closed","ping_status":"open","template":"","meta":[],"product_cat":[366,471],"product_tag":[854,683,628,812],"class_list":["post-1828","product","type-product","status-publish","has-post-thumbnail","hentry","product_cat-sony","product_cat-telewizory","product_tag-cytaty-rodzina","product_tag-karaluchy-pod-poduchy","product_tag-zagadka","product_tag-zagadki-logiczne-na-inteligencje"],"_links":{"self":[{"href":"http:\/\/klubmamgdynia.pl\/index.php\/wp-json\/wp\/v2\/product\/1828","targetHints":{"allow":["GET"]}}],"collection":[{"href":"http:\/\/klubmamgdynia.pl\/index.php\/wp-json\/wp\/v2\/product"}],"about":[{"href":"http:\/\/klubmamgdynia.pl\/index.php\/wp-json\/wp\/v2\/types\/product"}],"replies":[{"embeddable":true,"href":"http:\/\/klubmamgdynia.pl\/index.php\/wp-json\/wp\/v2\/comments?post=1828"}],"wp:featuredmedia":[{"embeddable":true,"href":"http:\/\/klubmamgdynia.pl\/index.php\/wp-json\/wp\/v2\/media\/1829"}],"wp:attachment":[{"href":"http:\/\/klubmamgdynia.pl\/index.php\/wp-json\/wp\/v2\/media?parent=1828"}],"wp:term":[{"taxonomy":"product_cat","embeddable":true,"href":"http:\/\/klubmamgdynia.pl\/index.php\/wp-json\/wp\/v2\/product_cat?post=1828"},{"taxonomy":"product_tag","embeddable":true,"href":"http:\/\/klubmamgdynia.pl\/index.php\/wp-json\/wp\/v2\/product_tag?post=1828"}],"curies":[{"name":"wp","href":"https:\/\/api.w.org\/{rel}","templated":true}]}}