{"id":1830,"date":"2014-03-20T23:03:23","date_gmt":"2014-03-20T22:03:23","guid":{"rendered":"http:\/\/klubmamgdynia.pl\/index.php\/produkt\/spin-master-psi-patrol-zestaw-3-pak-ciezarowek-6065062\/"},"modified":"2026-05-17T22:42:08","modified_gmt":"2026-05-17T20:42:08","slug":"spin-master-psi-patrol-zestaw-3-pak-ciezarowek-6065062","status":"publish","type":"product","link":"http:\/\/klubmamgdynia.pl\/index.php\/produkt\/spin-master-psi-patrol-zestaw-3-pak-ciezarowek-6065062\/","title":{"rendered":"Spin Master Psi Patrol Zestaw 3-pak ci\u0119\u017car\u00f3wek (6065062)"},"content":{"rendered":"<p>778988433546<\/p>\n<h2>Spin Master Psi Patrol Zestaw 3-pak ci\u0119\u017car\u00f3wek (6065062) Spin Master<\/h2>\n<p>\u015bmieszne zagadki, kolorowanki my little pony, zagadki na dzie\u0144 przedszkolaka, test zaczarowana zagroda, cytaty o przyja\u017ani ma\u0142y ksi\u0105\u017c\u0119, kalina imi\u0119, choinko pi\u0119kna jak las tekst, prezent na roczek dla chlopca, m\u00f3j przyjaciel mi\u015b scenariusz zaj\u0119\u0107 w przedszkolu<\/p>\n<p>yyyyy<\/p>\n<p>&nbsp;<\/p>\n","protected":false},"excerpt":{"rendered":"<p>778988433546 Spin Master Psi Patrol Zestaw 3-pak ci\u0119\u017car\u00f3wek (6065062) Spin Master \u015bmieszne zagadki, kolorowanki my little pony, zagadki na dzie\u0144 przedszkolaka, test zaczarowana zagroda, cytaty o przyja\u017ani ma\u0142y ksi\u0105\u017c\u0119, kalina imi\u0119, choinko pi\u0119kna jak las tekst, prezent na roczek dla chlopca, m\u00f3j przyjaciel mi\u015b scenariusz zaj\u0119\u0107 w przedszkolu yyyyy &nbsp;<\/p>\n","protected":false},"featured_media":1831,"comment_status":"closed","ping_status":"open","template":"","meta":[],"product_cat":[141,94],"product_tag":[667,583,749,742,718],"class_list":["post-1830","product","type-product","status-publish","has-post-thumbnail","hentry","product_cat-parkingi-garaze-i-tory-wyscigowe","product_cat-spin-master","product_tag-kolorowanka-lol","product_tag-kolysanki-dla-dzieci-tekst","product_tag-najlepsze-zarty-na-prima-aprilis","product_tag-piosenki-dla-dzieci-tekst","product_tag-prezent-na-roczek-dla-chrzesniaka"],"_links":{"self":[{"href":"http:\/\/klubmamgdynia.pl\/index.php\/wp-json\/wp\/v2\/product\/1830","targetHints":{"allow":["GET"]}}],"collection":[{"href":"http:\/\/klubmamgdynia.pl\/index.php\/wp-json\/wp\/v2\/product"}],"about":[{"href":"http:\/\/klubmamgdynia.pl\/index.php\/wp-json\/wp\/v2\/types\/product"}],"replies":[{"embeddable":true,"href":"http:\/\/klubmamgdynia.pl\/index.php\/wp-json\/wp\/v2\/comments?post=1830"}],"wp:featuredmedia":[{"embeddable":true,"href":"http:\/\/klubmamgdynia.pl\/index.php\/wp-json\/wp\/v2\/media\/1831"}],"wp:attachment":[{"href":"http:\/\/klubmamgdynia.pl\/index.php\/wp-json\/wp\/v2\/media?parent=1830"}],"wp:term":[{"taxonomy":"product_cat","embeddable":true,"href":"http:\/\/klubmamgdynia.pl\/index.php\/wp-json\/wp\/v2\/product_cat?post=1830"},{"taxonomy":"product_tag","embeddable":true,"href":"http:\/\/klubmamgdynia.pl\/index.php\/wp-json\/wp\/v2\/product_tag?post=1830"}],"curies":[{"name":"wp","href":"https:\/\/api.w.org\/{rel}","templated":true}]}}