{"id":1832,"date":"2021-03-16T01:56:08","date_gmt":"2021-03-16T00:56:08","guid":{"rendered":"http:\/\/klubmamgdynia.pl\/index.php\/produkt\/kot-kotek-minecraft-gra-postac-pluszak-przytulanka\/"},"modified":"2026-04-06T02:34:28","modified_gmt":"2026-04-06T00:34:28","slug":"kot-kotek-minecraft-gra-postac-pluszak-przytulanka","status":"publish","type":"product","link":"http:\/\/klubmamgdynia.pl\/index.php\/produkt\/kot-kotek-minecraft-gra-postac-pluszak-przytulanka\/","title":{"rendered":"Kot Kotek Minecraft Gra Posta\u0107 Pluszak Przytulanka"},"content":{"rendered":"<p>Kot MinecraftWysoka Jako\u015b\u0107&#8230;Pi\u0119knie wykonana maskotka, z przyjemnego w dotyku pluszu.Oczka, oraz usta s\u0105 wyszywane.Wymiary 15 cmPluszak posiada przylepiec&#8230;ZapraszamyNa pozosta\u0142ych naszych aukcjach inne Postacie z Gry Minecraft<\/p>\n<h2>Kot Kotek Minecraft Gra Posta\u0107 Pluszak Przytulanka <\/h2>\n<p>prima aprilis pomys\u0142y, opis na dzie\u0144 mamy, rymowane zagadki, bajka o smoku, bajki dla dzieci na dobranoc do czytania, wzruszaj\u0105ce s\u0142owa dla przyjaciela, r\u0119cznie robione jak zrobi\u0107 kartk\u0119 walentynkow\u0105, quiz o koniach, sentencje o dzieciach, co na roczek dla ch\u0142opca<\/p>\n<p>yyyyy<\/p>\n<p>&nbsp;<\/p>\n","protected":false},"excerpt":{"rendered":"<p>Kot MinecraftWysoka Jako\u015b\u0107&#8230;Pi\u0119knie wykonana maskotka, z przyjemnego w dotyku pluszu.Oczka, oraz usta s\u0105 wyszywane.Wymiary 15 cmPluszak posiada przylepiec&#8230;ZapraszamyNa pozosta\u0142ych naszych aukcjach inne Postacie z Gry Minecraft Kot Kotek Minecraft Gra Posta\u0107 Pluszak Przytulanka prima aprilis pomys\u0142y, opis na dzie\u0144 mamy, rymowane zagadki, bajka o smoku, bajki dla dzieci na dobranoc do czytania, wzruszaj\u0105ce s\u0142owa dla [&hellip;]<\/p>\n","protected":false},"featured_media":1833,"comment_status":"closed","ping_status":"open","template":"","meta":[],"product_cat":[42],"product_tag":[753,612,847,868,634],"class_list":["post-1832","product","type-product","status-publish","has-post-thumbnail","hentry","product_cat-maskotki","product_tag-kamila","product_tag-kolorowanki-do-druku","product_tag-kolorowanki-pokemon","product_tag-quizy-dla-dzieci","product_tag-zagadki-wielkanocne-dla-dzieci"],"_links":{"self":[{"href":"http:\/\/klubmamgdynia.pl\/index.php\/wp-json\/wp\/v2\/product\/1832","targetHints":{"allow":["GET"]}}],"collection":[{"href":"http:\/\/klubmamgdynia.pl\/index.php\/wp-json\/wp\/v2\/product"}],"about":[{"href":"http:\/\/klubmamgdynia.pl\/index.php\/wp-json\/wp\/v2\/types\/product"}],"replies":[{"embeddable":true,"href":"http:\/\/klubmamgdynia.pl\/index.php\/wp-json\/wp\/v2\/comments?post=1832"}],"wp:featuredmedia":[{"embeddable":true,"href":"http:\/\/klubmamgdynia.pl\/index.php\/wp-json\/wp\/v2\/media\/1833"}],"wp:attachment":[{"href":"http:\/\/klubmamgdynia.pl\/index.php\/wp-json\/wp\/v2\/media?parent=1832"}],"wp:term":[{"taxonomy":"product_cat","embeddable":true,"href":"http:\/\/klubmamgdynia.pl\/index.php\/wp-json\/wp\/v2\/product_cat?post=1832"},{"taxonomy":"product_tag","embeddable":true,"href":"http:\/\/klubmamgdynia.pl\/index.php\/wp-json\/wp\/v2\/product_tag?post=1832"}],"curies":[{"name":"wp","href":"https:\/\/api.w.org\/{rel}","templated":true}]}}