{"id":1834,"date":"2024-03-12T23:21:44","date_gmt":"2024-03-12T22:21:44","guid":{"rendered":"http:\/\/klubmamgdynia.pl\/?post_type=product&#038;p=1834"},"modified":"2026-04-06T01:45:25","modified_gmt":"2026-04-05T23:45:25","slug":"luxma-maszynka-automat-do-robienia-baniek-autobus-p40z","status":"publish","type":"product","link":"http:\/\/klubmamgdynia.pl\/index.php\/produkt\/luxma-maszynka-automat-do-robienia-baniek-autobus-p40z\/","title":{"rendered":"Luxma Maszynka Automat Do Robienia Baniek Autobus P40\u017b"},"content":{"rendered":"<h2>Luxma Maszynka Automat Do Robienia Baniek Autobus P40\u017b Luxma<\/h2>\n<p>quiz samochodowy, quizy dla przedszkolak\u00f3w, loga samochod\u00f3w, co kupi\u0107 nastolatkowi, tupu tup po \u015bniegu tekst, przys\u0142owia o rodzinie, ostatni dzwonek tekst, film o \u015bwi\u0119tach dla dzieci, prezent na roczek dla chlopca, zaczarowana zagroda &#8211; test, zagadki na logiczne my\u015blenie, kiedy dzieci chodz\u0105 na halloween<\/p>\n<p>yyyyy<\/p>\n<p>&nbsp;<\/p>\n","protected":false},"excerpt":{"rendered":"<p>Luxma Maszynka Automat Do Robienia Baniek Autobus P40\u017b Luxma quiz samochodowy, quizy dla przedszkolak\u00f3w, loga samochod\u00f3w, co kupi\u0107 nastolatkowi, tupu tup po \u015bniegu tekst, przys\u0142owia o rodzinie, ostatni dzwonek tekst, film o \u015bwi\u0119tach dla dzieci, prezent na roczek dla chlopca, zaczarowana zagroda &#8211; test, zagadki na logiczne my\u015blenie, kiedy dzieci chodz\u0105 na halloween yyyyy &nbsp;<\/p>\n","protected":false},"featured_media":1835,"comment_status":"closed","ping_status":"open","template":"","meta":[],"product_cat":[472,327],"product_tag":[825,828,858,579,843,581],"class_list":["post-1834","product","type-product","status-publish","has-post-thumbnail","hentry","product_cat-banki-mydlane","product_cat-luxma","product_tag-bajka-na-dobranoc-do-czytania","product_tag-filmy-wigilijne-dla-dzieci","product_tag-podchwytliwe-zagadki","product_tag-quiz-opowiesci-z-narnii-lew-czarownica-i-stara-szafa","product_tag-smieszne-zagadki-dla-dzieci","product_tag-zagadki-dla-8-latka"],"_links":{"self":[{"href":"http:\/\/klubmamgdynia.pl\/index.php\/wp-json\/wp\/v2\/product\/1834","targetHints":{"allow":["GET"]}}],"collection":[{"href":"http:\/\/klubmamgdynia.pl\/index.php\/wp-json\/wp\/v2\/product"}],"about":[{"href":"http:\/\/klubmamgdynia.pl\/index.php\/wp-json\/wp\/v2\/types\/product"}],"replies":[{"embeddable":true,"href":"http:\/\/klubmamgdynia.pl\/index.php\/wp-json\/wp\/v2\/comments?post=1834"}],"wp:featuredmedia":[{"embeddable":true,"href":"http:\/\/klubmamgdynia.pl\/index.php\/wp-json\/wp\/v2\/media\/1835"}],"wp:attachment":[{"href":"http:\/\/klubmamgdynia.pl\/index.php\/wp-json\/wp\/v2\/media?parent=1834"}],"wp:term":[{"taxonomy":"product_cat","embeddable":true,"href":"http:\/\/klubmamgdynia.pl\/index.php\/wp-json\/wp\/v2\/product_cat?post=1834"},{"taxonomy":"product_tag","embeddable":true,"href":"http:\/\/klubmamgdynia.pl\/index.php\/wp-json\/wp\/v2\/product_tag?post=1834"}],"curies":[{"name":"wp","href":"https:\/\/api.w.org\/{rel}","templated":true}]}}