{"id":1836,"date":"2018-10-11T12:55:46","date_gmt":"2018-10-11T10:55:46","guid":{"rendered":"http:\/\/klubmamgdynia.pl\/index.php\/produkt\/steeldigi-stacja-multifunkcyjna-do-konsoli-xbox-series-s-jade-mohawk-biala\/"},"modified":"2026-04-30T18:52:31","modified_gmt":"2026-04-30T16:52:31","slug":"steeldigi-stacja-multifunkcyjna-do-konsoli-xbox-series-s-jade-mohawk-biala","status":"publish","type":"product","link":"http:\/\/klubmamgdynia.pl\/index.php\/produkt\/steeldigi-stacja-multifunkcyjna-do-konsoli-xbox-series-s-jade-mohawk-biala\/","title":{"rendered":"SteelDigi Stacja Multifunkcyjna Do Konsoli Xbox Series S JADE MOHAWK Bia\u0142a"},"content":{"rendered":"<p>Stacja multifunkcyjna do konsoli Xbox Series S SteelDigi JADE MOHAWK bia\u0142a                            <\/p>\n<p>Podstawka JADE MOHAWK to wielofunkcyjne akcesorium kompatybilne z konsol\u0105 Xbox Series S. Ciekawy, symetryczny kszta\u0142t podstawki oraz bia\u0142y kolor doskonale komponuj\u0105 si\u0119 z konsol\u0105. Na \u015brodku podstawki znajduje si\u0119 miejsce do pionowego ustawienia Xboxa, a po bokach dwa porty na kontrolery. Charakteru dodaje delikatne, liniowe pod\u015bwietlenie LED.                            <\/p>\n<p>\u0141adowanie kontroler\u00f3wW zestawie z podstawk\u0105 otrzymasz 2 akumulatorki o pojemno\u015bci 800 mAh, dzi\u0119ki kt\u00f3rym na\u0142adujesz pady. Porty dokuj\u0105ce umo\u017cliwiaj\u0105 uzupe\u0142nianie energii w dw\u00f3ch kontrolerach jednocze\u015bnie \u2013 zajmuje to ok. 3-3,5 godziny. Stan ich na\u0142adowania ocenisz dzi\u0119ki pod\u015bwietlanym elementom LED. Gdy pad jest w trakcie uzupe\u0142niania energii, \u015bwiat\u0142o jest czerwone, natomiast wraz z gotowo\u015bci\u0105 kontrolera do gry, \u015bwiat\u0142o zmienia kolor na zielony. Od teraz wystarczy, \u017ce po ka\u017cdej rozgrywce od\u0142o\u017cysz pady na miejsce, a b\u0119d\u0105 czeka\u0142y w pe\u0142ni gotowo\u015bci, gdy nast\u0119pnym razem usi\u0105dziesz przed konsol\u0105.                            <\/p>\n<p>Optymalne ch\u0142odzenieSlot na Xboxa w podstawce JADE MOHAWK zosta\u0142 wyposa\u017cony w system ch\u0142odzenia konsoli. Znajduj\u0105 si\u0119 tam dwa wentylatory, kt\u00f3re obs\u0142uguj\u0105 4 tryby:\u00a0Maximum Speed: 4500 obr.\/min,Medium Speed: 4000 obr.\/min,Low Speed: 3000 obr.\/min,Off: wentylator wy\u0142\u0105czony.Pod\u015bwietlany symbol wiatraka sygnalizuj\u0105cy w\u0142\u0105czony tryb ch\u0142odzenia znajduje si\u0119 tu\u017c obok prze\u0142\u0105cznika tryb\u00f3w pracy. Co wa\u017cne, podstawka zasilana jest za pomoc\u0105 do\u0142\u0105czonego w zestawie kabla, kt\u00f3ry podepniesz bezpo\u015brednio do portu USB w swojej konsoli. Dzi\u0119ki temu akcesorium nie wymaga dodatkowych zasilaczy lub gniazdek.<\/p>\n<h2>SteelDigi Stacja Multifunkcyjna Do Konsoli Xbox Series S JADE MOHAWK Bia\u0142a SteelDigi<\/h2>\n<p>kwiecie\u0144 plecie\u0144 wiersz, kanapki halloween, \u0142atwe ale podchwytliwe zagadki, zagadki logiczne i odpowiedzi, miastodzieci, psi patrol kolorowanka do druku, trudne \u0142amig\u0142\u00f3wki, rysowanie po \u015bladzie, alan znaczenie imienia, quiz o bajkach, bajka na dobranoc do czytania, dobre \u017carty na prima aprilis, anastazja imi\u0119, zagadki walentynkowe, gwiazdka do druku, aurora imi\u0119, prezent dla jedenastolatka, zagadki o dinozaurach, matylda imie, natan imi\u0119, prezenty roczek<\/p>\n<p>yyyyy<\/p>\n<p>&nbsp;<\/p>\n","protected":false},"excerpt":{"rendered":"<p>Stacja multifunkcyjna do konsoli Xbox Series S SteelDigi JADE MOHAWK bia\u0142a Podstawka JADE MOHAWK to wielofunkcyjne akcesorium kompatybilne z konsol\u0105 Xbox Series S. Ciekawy, symetryczny kszta\u0142t podstawki oraz bia\u0142y kolor doskonale komponuj\u0105 si\u0119 z konsol\u0105. Na \u015brodku podstawki znajduje si\u0119 miejsce do pionowego ustawienia Xboxa, a po bokach dwa porty na kontrolery. Charakteru dodaje delikatne, [&hellip;]<\/p>\n","protected":false},"featured_media":1837,"comment_status":"closed","ping_status":"open","template":"","meta":[],"product_cat":[440,437],"product_tag":[848,594,745,820],"class_list":["post-1836","product","type-product","status-publish","has-post-thumbnail","hentry","product_cat-akumulatory-i-ladowarki-do-konsol-i-kontrolerow","product_cat-steeldigi","product_tag-cytat-o-rodzinie","product_tag-podchwytliwe-zagadki-dla-dzieci","product_tag-prezent-dla-15-latki","product_tag-ziemia-wyspa-zielona-tekst"],"_links":{"self":[{"href":"http:\/\/klubmamgdynia.pl\/index.php\/wp-json\/wp\/v2\/product\/1836","targetHints":{"allow":["GET"]}}],"collection":[{"href":"http:\/\/klubmamgdynia.pl\/index.php\/wp-json\/wp\/v2\/product"}],"about":[{"href":"http:\/\/klubmamgdynia.pl\/index.php\/wp-json\/wp\/v2\/types\/product"}],"replies":[{"embeddable":true,"href":"http:\/\/klubmamgdynia.pl\/index.php\/wp-json\/wp\/v2\/comments?post=1836"}],"wp:featuredmedia":[{"embeddable":true,"href":"http:\/\/klubmamgdynia.pl\/index.php\/wp-json\/wp\/v2\/media\/1837"}],"wp:attachment":[{"href":"http:\/\/klubmamgdynia.pl\/index.php\/wp-json\/wp\/v2\/media?parent=1836"}],"wp:term":[{"taxonomy":"product_cat","embeddable":true,"href":"http:\/\/klubmamgdynia.pl\/index.php\/wp-json\/wp\/v2\/product_cat?post=1836"},{"taxonomy":"product_tag","embeddable":true,"href":"http:\/\/klubmamgdynia.pl\/index.php\/wp-json\/wp\/v2\/product_tag?post=1836"}],"curies":[{"name":"wp","href":"https:\/\/api.w.org\/{rel}","templated":true}]}}