{"id":1838,"date":"2019-05-21T18:31:32","date_gmt":"2019-05-21T16:31:32","guid":{"rendered":"http:\/\/klubmamgdynia.pl\/index.php\/produkt\/childhome-podwyzszenie-do-evolu-2-natural-mint\/"},"modified":"2026-04-06T19:19:52","modified_gmt":"2026-04-06T17:19:52","slug":"childhome-podwyzszenie-do-evolu-2-natural-mint","status":"publish","type":"product","link":"http:\/\/klubmamgdynia.pl\/index.php\/produkt\/childhome-podwyzszenie-do-evolu-2-natural-mint\/","title":{"rendered":"Childhome Podwy\u017cszenie Do Evolu 2 Natural Mint"},"content":{"rendered":"<p>Podwy\u017cszenie do krzes\u0142a Evolu 2 + podn\u00f3\u017cek i dodatkowe n\u00f3\u017cki, kt\u00f3re dostosuj\u0105 Evolu 2 do wyspy kuchennej o wysoko\u015bci blatu 90 cm. Wykonane s\u0105 z drewna wyko\u0144czone nietoksycznymi farbami bezpiecznymi zar\u00f3wno dla \u015brodowiska, jak i dla ludzi. kolor: natural mint wymiary: 67 x 67 x 67 cm \u0142atwy monta\u017c: poprzez zwyk\u0142e dokr\u0119cenie. materia\u0142: drewno bukowe wyko\u0144czenie: nietoksyczne i nieszkodliwe waga: 2 kg norma bezpiecze\u0144stwa: EN 14988 piel\u0119gnacja: nale\u017cy czy\u015bci\u0107 wilgotn\u0105 szmatk\u0105<\/p>\n<h2>Childhome Podwy\u017cszenie Do Evolu 2 Natural Mint Childhome<\/h2>\n<p>co \u0142apie ale nie rzuca, proste dekoracje bo\u017conarodzeniowe dla dzieci, marcel imi\u0119, kolorowanka lego ninjago, przyja\u017a\u0144, jeremi, mia\u0142a baba koguta tekst, prezent dla trzynastolatki, zagadki logiczne na inteligencj\u0119 dla doros\u0142ych, zabawy z pi\u0142k\u0105, wakacyjne kolorowanki, imi\u0119 pola, pozytywne cytaty mama cytaty, kolorowanka kotek, \u015bwi\u0119ta wielkanocne piosenka tekst<\/p>\n<p>yyyyy<\/p>\n<p>&nbsp;<\/p>\n","protected":false},"excerpt":{"rendered":"<p>Podwy\u017cszenie do krzes\u0142a Evolu 2 + podn\u00f3\u017cek i dodatkowe n\u00f3\u017cki, kt\u00f3re dostosuj\u0105 Evolu 2 do wyspy kuchennej o wysoko\u015bci blatu 90 cm. Wykonane s\u0105 z drewna wyko\u0144czone nietoksycznymi farbami bezpiecznymi zar\u00f3wno dla \u015brodowiska, jak i dla ludzi. kolor: natural mint wymiary: 67 x 67 x 67 cm \u0142atwy monta\u017c: poprzez zwyk\u0142e dokr\u0119cenie. materia\u0142: drewno bukowe [&hellip;]<\/p>\n","protected":false},"featured_media":1839,"comment_status":"closed","ping_status":"open","template":"","meta":[],"product_cat":[473,158],"product_tag":[802,806,649],"class_list":["post-1838","product","type-product","status-publish","has-post-thumbnail","hentry","product_cat-childhome","product_cat-krzeselka-do-karmienia","product_tag-co-kupic-dziewczynce-na-roczek","product_tag-prezent-dla-dziecka-na-roczek","product_tag-zagadki-dla-nastolatkow"],"_links":{"self":[{"href":"http:\/\/klubmamgdynia.pl\/index.php\/wp-json\/wp\/v2\/product\/1838","targetHints":{"allow":["GET"]}}],"collection":[{"href":"http:\/\/klubmamgdynia.pl\/index.php\/wp-json\/wp\/v2\/product"}],"about":[{"href":"http:\/\/klubmamgdynia.pl\/index.php\/wp-json\/wp\/v2\/types\/product"}],"replies":[{"embeddable":true,"href":"http:\/\/klubmamgdynia.pl\/index.php\/wp-json\/wp\/v2\/comments?post=1838"}],"wp:featuredmedia":[{"embeddable":true,"href":"http:\/\/klubmamgdynia.pl\/index.php\/wp-json\/wp\/v2\/media\/1839"}],"wp:attachment":[{"href":"http:\/\/klubmamgdynia.pl\/index.php\/wp-json\/wp\/v2\/media?parent=1838"}],"wp:term":[{"taxonomy":"product_cat","embeddable":true,"href":"http:\/\/klubmamgdynia.pl\/index.php\/wp-json\/wp\/v2\/product_cat?post=1838"},{"taxonomy":"product_tag","embeddable":true,"href":"http:\/\/klubmamgdynia.pl\/index.php\/wp-json\/wp\/v2\/product_tag?post=1838"}],"curies":[{"name":"wp","href":"https:\/\/api.w.org\/{rel}","templated":true}]}}