{"id":1840,"date":"2015-03-10T14:16:38","date_gmt":"2015-03-10T13:16:38","guid":{"rendered":"http:\/\/klubmamgdynia.pl\/index.php\/produkt\/maisto-1970-dodge-challenger-r-t-convertible\/"},"modified":"2026-04-26T22:38:13","modified_gmt":"2026-04-26T20:38:13","slug":"maisto-1970-dodge-challenger-r-t-convertible","status":"publish","type":"product","link":"http:\/\/klubmamgdynia.pl\/index.php\/produkt\/maisto-1970-dodge-challenger-r-t-convertible\/","title":{"rendered":"Maisto 1970 Dodge Challenger R\/T Convertible"},"content":{"rendered":"<p>1970 Dodge Challenger R\/t cabrio 1:24 Maisto 31264<\/p>\n<h2>Maisto 1970 Dodge Challenger R\/T Convertible Maisto<\/h2>\n<p>alina, prezenty na roczek dla dziewczynki, wielkanocne zagadki, quiz opowie\u015bci z narnii lew czarownica i stara szafa, prezent dla 14 letniej dziewczyny, rzadkie imiona dla dziewczynek, \u0142amig\u0142\u00f3wki dla dzieci do druku, kalina imi\u0119, place zabaw warszawa, prezenty na urodziny dla nastolatk\u00f3w, bajka dla dziewczynek, trudne zagadki i odpowiedzi, dary jesieni kolorowanki jesie\u0144, zagadki s\u0142owne, testy z lektury tajemniczy ogr\u00f3d, o\u015brodki wczasowe nad morzem dla rodzin z dzie\u0107mi, prezent dla jedenastolatki, malowane kamienie, mira imie, zabawy na dzie\u0144 dziecka w szkole<\/p>\n<p>yyyyy<\/p>\n<p>&nbsp;<\/p>\n","protected":false},"excerpt":{"rendered":"<p>1970 Dodge Challenger R\/t cabrio 1:24 Maisto 31264 Maisto 1970 Dodge Challenger R\/T Convertible Maisto alina, prezenty na roczek dla dziewczynki, wielkanocne zagadki, quiz opowie\u015bci z narnii lew czarownica i stara szafa, prezent dla 14 letniej dziewczyny, rzadkie imiona dla dziewczynek, \u0142amig\u0142\u00f3wki dla dzieci do druku, kalina imi\u0119, place zabaw warszawa, prezenty na urodziny dla [&hellip;]<\/p>\n","protected":false},"featured_media":1841,"comment_status":"closed","ping_status":"open","template":"","meta":[],"product_cat":[303,469],"product_tag":[855,745,684,698],"class_list":["post-1840","product","type-product","status-publish","has-post-thumbnail","hentry","product_cat-kolekcjonerskie-modele-pojazdow","product_cat-maisto","product_tag-nietypowe-imiona-zenskie","product_tag-prezent-dla-15-latki","product_tag-prezent-dla-dziewczynki-na-roczek","product_tag-zagadki-dla-przedszkolakow"],"_links":{"self":[{"href":"http:\/\/klubmamgdynia.pl\/index.php\/wp-json\/wp\/v2\/product\/1840","targetHints":{"allow":["GET"]}}],"collection":[{"href":"http:\/\/klubmamgdynia.pl\/index.php\/wp-json\/wp\/v2\/product"}],"about":[{"href":"http:\/\/klubmamgdynia.pl\/index.php\/wp-json\/wp\/v2\/types\/product"}],"replies":[{"embeddable":true,"href":"http:\/\/klubmamgdynia.pl\/index.php\/wp-json\/wp\/v2\/comments?post=1840"}],"wp:featuredmedia":[{"embeddable":true,"href":"http:\/\/klubmamgdynia.pl\/index.php\/wp-json\/wp\/v2\/media\/1841"}],"wp:attachment":[{"href":"http:\/\/klubmamgdynia.pl\/index.php\/wp-json\/wp\/v2\/media?parent=1840"}],"wp:term":[{"taxonomy":"product_cat","embeddable":true,"href":"http:\/\/klubmamgdynia.pl\/index.php\/wp-json\/wp\/v2\/product_cat?post=1840"},{"taxonomy":"product_tag","embeddable":true,"href":"http:\/\/klubmamgdynia.pl\/index.php\/wp-json\/wp\/v2\/product_tag?post=1840"}],"curies":[{"name":"wp","href":"https:\/\/api.w.org\/{rel}","templated":true}]}}