{"id":1844,"date":"2018-04-20T00:59:33","date_gmt":"2018-04-19T22:59:33","guid":{"rendered":"http:\/\/klubmamgdynia.pl\/index.php\/produkt\/carrera-carrera8058-s-pjp-uw-one-size-56\/"},"modified":"2026-04-06T12:44:50","modified_gmt":"2026-04-06T10:44:50","slug":"carrera-carrera8058-s-pjp-uw-one-size-56","status":"publish","type":"product","link":"http:\/\/klubmamgdynia.pl\/index.php\/produkt\/carrera-carrera8058-s-pjp-uw-one-size-56\/","title":{"rendered":"Carrera CARRERA8058\/S PJP\/UW ONE SIZE (56)"},"content":{"rendered":"<p>Carrera Historia Carrery rozpocz\u0119\u0142a si\u0119 w 1956 roku, kiedy Wilhelm Anger zdecydowa\u0142 si\u0119 nazwa\u0107 swoj\u0105 firm\u0119 produkuj\u0105c\u0105 sportowe gogle na cze\u015b\u0107 najd\u0142u\u017cszego, najszybszego i najbardziej niebezpiecznego wy\u015bcigu na \u015bwiecie \u2013 Carrera Panamericana. Dzisiaj, przy wykorzystaniu najnowszej technologii, Carrera perfekcyjnie \u0142\u0105czy w sobie miejski styl ze swoim sportowym dziedzictwem. Dla kogo? Okulary przeciws\u0142oneczne Carrera CARRERA8058\/S PJP\/UW s\u0105 cz\u0119\u015bci\u0105 najnowszej kolekcji marki Carrera, kt\u00f3ra zosta\u0142a starannie przygotowana zar\u00f3wno dla m\u0119\u017cczyzn jak i kobiet (unisex). Elegancki model z pe\u0142nymi oprawkami odzwierciedla najnowsze trendy w\u015br\u00f3d okular\u00f3w wsp\u00f3\u0142czesnych projektant\u00f3w, a jego prostok\u0105tny kszta\u0142t sprawia, \u017ce Carrera CARRERA8058\/S stanowi idealny wyb\u00f3r szczeg\u00f3lnie dla okr\u0105g\u0142ej lub kwadratowej twarzy. Materia\u0142y Materia\u0142 u\u017cyty do wytworzenia oprawek to lekkie tworzywo sztuczne, kt\u00f3re zapewnia wyj\u0105tkow\u0105 niezawodno\u015b\u0107 i trwa\u0142o\u015b\u0107. Soczewki zaprojektowano tak, aby blokowa\u0142y 100% szkodliwego promieniowania UV. Darmowa dostawa Kup okulary Carrera CARRERA8058\/S PJP\/UW na eyerim ju\u017c teraz i skorzystaj z bezp\u0142atnej dostawy w oryginalnym opakowaniu ochronnym bezpo\u015brednio pod Twoje drzwi.<\/p>\n<h2>Carrera CARRERA8058\/S PJP\/UW ONE SIZE (56) Carrera<\/h2>\n<p>mi\u0142osz imi\u0119, mira imi\u0119, atrakcje dla nastolatk\u00f3w, imiona postaci z bajek, kolorowanki my little pony, prezent na pierwsze urodziny, bajka krecik, laurka dla babci<\/p>\n<p>yyyyy<\/p>\n<p>&nbsp;<\/p>\n","protected":false},"excerpt":{"rendered":"<p>Carrera Historia Carrery rozpocz\u0119\u0142a si\u0119 w 1956 roku, kiedy Wilhelm Anger zdecydowa\u0142 si\u0119 nazwa\u0107 swoj\u0105 firm\u0119 produkuj\u0105c\u0105 sportowe gogle na cze\u015b\u0107 najd\u0142u\u017cszego, najszybszego i najbardziej niebezpiecznego wy\u015bcigu na \u015bwiecie \u2013 Carrera Panamericana. Dzisiaj, przy wykorzystaniu najnowszej technologii, Carrera perfekcyjnie \u0142\u0105czy w sobie miejski styl ze swoim sportowym dziedzictwem. Dla kogo? Okulary przeciws\u0142oneczne Carrera CARRERA8058\/S PJP\/UW [&hellip;]<\/p>\n","protected":false},"featured_media":1845,"comment_status":"closed","ping_status":"open","template":"","meta":[],"product_cat":[140,154],"product_tag":[683,614,627,738,600],"class_list":["post-1844","product","type-product","status-publish","has-post-thumbnail","hentry","product_cat-carrera","product_cat-okulary-przeciwsloneczne-damskie","product_tag-karaluchy-pod-poduchy","product_tag-pia","product_tag-quiz-dzieci-z-bullerbyn","product_tag-wroclaw-dla-dzieci","product_tag-zaproszenia-na-urodziny-do-druku"],"_links":{"self":[{"href":"http:\/\/klubmamgdynia.pl\/index.php\/wp-json\/wp\/v2\/product\/1844","targetHints":{"allow":["GET"]}}],"collection":[{"href":"http:\/\/klubmamgdynia.pl\/index.php\/wp-json\/wp\/v2\/product"}],"about":[{"href":"http:\/\/klubmamgdynia.pl\/index.php\/wp-json\/wp\/v2\/types\/product"}],"replies":[{"embeddable":true,"href":"http:\/\/klubmamgdynia.pl\/index.php\/wp-json\/wp\/v2\/comments?post=1844"}],"wp:featuredmedia":[{"embeddable":true,"href":"http:\/\/klubmamgdynia.pl\/index.php\/wp-json\/wp\/v2\/media\/1845"}],"wp:attachment":[{"href":"http:\/\/klubmamgdynia.pl\/index.php\/wp-json\/wp\/v2\/media?parent=1844"}],"wp:term":[{"taxonomy":"product_cat","embeddable":true,"href":"http:\/\/klubmamgdynia.pl\/index.php\/wp-json\/wp\/v2\/product_cat?post=1844"},{"taxonomy":"product_tag","embeddable":true,"href":"http:\/\/klubmamgdynia.pl\/index.php\/wp-json\/wp\/v2\/product_tag?post=1844"}],"curies":[{"name":"wp","href":"https:\/\/api.w.org\/{rel}","templated":true}]}}