{"id":1848,"date":"2011-05-07T00:56:50","date_gmt":"2011-05-06T22:56:50","guid":{"rendered":"http:\/\/klubmamgdynia.pl\/index.php\/produkt\/ramiz-pojazd-mercedes-benz-glc63s-czerwony-paqls5688cr\/"},"modified":"2026-04-20T13:42:30","modified_gmt":"2026-04-20T11:42:30","slug":"ramiz-pojazd-mercedes-benz-glc63s-czerwony-paqls5688cr","status":"publish","type":"product","link":"http:\/\/klubmamgdynia.pl\/index.php\/produkt\/ramiz-pojazd-mercedes-benz-glc63s-czerwony-paqls5688cr\/","title":{"rendered":"Ramiz Pojazd Mercedes Benz Glc63S Czerwony Paqls5688Cr"},"content":{"rendered":"<p>SpecyfikacjaPojazd Mercedes GLC 63SSiniki4x25WNap\u0119dZmienny nap\u0119d na 2 lub 4 ko\u0142a (obs\u0142uga za pomoc\u0105 prze\u0142\u0105cznika)Akumulator12V\/7AhPilot 2.4 GHz,3 Pr\u0119dko\u015bci,Przycisk bezpiecze\u0144stwa Stop,Ko\u0142aPiankowe ko\u0142a EVA, 24 x 8 cm,AmortyzatoryTy\u0142BiegiWolny Start,Prz\u00f3d\/Ty\u0142,2 szybko\u015bci\u015awiat\u0142a \u015awiat\u0142a LED,Przednie\/tylne,W\u0142\u0105cznik \u015bwiate\u0142,Wyposa\u017ceniePanel AudioMP3, SD,D\u017awi\u0119ki w kierownicy,Wyj\u015bcie Mini Jack,USB,StartPrzyciskOtwierane DrzwiTak + BlokadaSiedzenieCzarna Wentylowana Ekosk\u00f3ra,Pasy bezpiecze\u0144stwa,30 x 21 x 28 cm,WymiaryRozmiar PojazduD\u0142ugo\u015b\u0107 114 cm,Szeroko\u015b\u0107 73 cm,Wysoko\u015b\u0107 56 cm,Waga Pojazdu18KgRozmiar Kartonu116 x 62 x 38 cmWaga Kartonu22 KgMaksymalne Obci\u0105\u017cenie25 KgPrze\u015bwit11 cmWyposa\u017cenie DodatkoweInstrukcja + Zestaw Monta\u017cowy\u0141adowarka z diod\u0105,Pilot,<\/p>\n<h2>Ramiz Pojazd Mercedes Benz Glc63S Czerwony Paqls5688Cr Ramiz<\/h2>\n<p>ozdoby choinkowe dla dzieci, \u015bmigus dyngus lany poniedzia\u0142ek zyczenia, jeremi, plac zabaw warszawa, co oznacza jordan, cytaty o mi\u0142o\u015bci do dziecka, kolorowanka kotek do druku, cytaty z ma\u0142ego ksi\u0119cia o przyja\u017ani, lilianna, marcel imi\u0119, kolorowanki na andrzejki do wydruku<\/p>\n<p>yyyyy<\/p>\n<p>&nbsp;<\/p>\n","protected":false},"excerpt":{"rendered":"<p>SpecyfikacjaPojazd Mercedes GLC 63SSiniki4x25WNap\u0119dZmienny nap\u0119d na 2 lub 4 ko\u0142a (obs\u0142uga za pomoc\u0105 prze\u0142\u0105cznika)Akumulator12V\/7AhPilot 2.4 GHz,3 Pr\u0119dko\u015bci,Przycisk bezpiecze\u0144stwa Stop,Ko\u0142aPiankowe ko\u0142a EVA, 24 x 8 cm,AmortyzatoryTy\u0142BiegiWolny Start,Prz\u00f3d\/Ty\u0142,2 szybko\u015bci\u015awiat\u0142a \u015awiat\u0142a LED,Przednie\/tylne,W\u0142\u0105cznik \u015bwiate\u0142,Wyposa\u017ceniePanel AudioMP3, SD,D\u017awi\u0119ki w kierownicy,Wyj\u015bcie Mini Jack,USB,StartPrzyciskOtwierane DrzwiTak + BlokadaSiedzenieCzarna Wentylowana Ekosk\u00f3ra,Pasy bezpiecze\u0144stwa,30 x 21 x 28 cm,WymiaryRozmiar PojazduD\u0142ugo\u015b\u0107 114 cm,Szeroko\u015b\u0107 73 cm,Wysoko\u015b\u0107 56 cm,Waga Pojazdu18KgRozmiar [&hellip;]<\/p>\n","protected":false},"featured_media":1849,"comment_status":"closed","ping_status":"open","template":"","meta":[],"product_cat":[36,24],"product_tag":[598,696,612,643,751,649,860],"class_list":["post-1848","product","type-product","status-publish","has-post-thumbnail","hentry","product_cat-ramiz","product_cat-samochody-dla-dzieci","product_tag-co-na-roczek-dla-dziewczynki","product_tag-film-rodzinny-o-swietach","product_tag-kolorowanki-do-druku","product_tag-prezent-dla-17-latki","product_tag-psi-patrol-kolorowanka","product_tag-zagadki-dla-nastolatkow","product_tag-zagadki-logiczne-dla-doroslych"],"_links":{"self":[{"href":"http:\/\/klubmamgdynia.pl\/index.php\/wp-json\/wp\/v2\/product\/1848","targetHints":{"allow":["GET"]}}],"collection":[{"href":"http:\/\/klubmamgdynia.pl\/index.php\/wp-json\/wp\/v2\/product"}],"about":[{"href":"http:\/\/klubmamgdynia.pl\/index.php\/wp-json\/wp\/v2\/types\/product"}],"replies":[{"embeddable":true,"href":"http:\/\/klubmamgdynia.pl\/index.php\/wp-json\/wp\/v2\/comments?post=1848"}],"wp:featuredmedia":[{"embeddable":true,"href":"http:\/\/klubmamgdynia.pl\/index.php\/wp-json\/wp\/v2\/media\/1849"}],"wp:attachment":[{"href":"http:\/\/klubmamgdynia.pl\/index.php\/wp-json\/wp\/v2\/media?parent=1848"}],"wp:term":[{"taxonomy":"product_cat","embeddable":true,"href":"http:\/\/klubmamgdynia.pl\/index.php\/wp-json\/wp\/v2\/product_cat?post=1848"},{"taxonomy":"product_tag","embeddable":true,"href":"http:\/\/klubmamgdynia.pl\/index.php\/wp-json\/wp\/v2\/product_tag?post=1848"}],"curies":[{"name":"wp","href":"https:\/\/api.w.org\/{rel}","templated":true}]}}