{"id":185,"date":"2019-07-25T09:48:12","date_gmt":"2019-07-25T07:48:12","guid":{"rendered":"http:\/\/klubmamgdynia.pl\/?post_type=product&#038;p=185"},"modified":"2026-05-17T22:03:50","modified_gmt":"2026-05-17T20:03:50","slug":"spin-master-psi-patrol-mega-radiowoz-policyjny-5w1-z-pojazdami-i-figurka-chase-dzwiek-i-swiatlo-6058329","status":"publish","type":"product","link":"http:\/\/klubmamgdynia.pl\/index.php\/produkt\/spin-master-psi-patrol-mega-radiowoz-policyjny-5w1-z-pojazdami-i-figurka-chase-dzwiek-i-swiatlo-6058329\/","title":{"rendered":"Spin Master Psi Patrol Mega Radiow\u00f3z policyjny 5w1 z pojazdami i figurk\u0105 Chase D\u017awi\u0119k i \u015awiat\u0142o 6058329"},"content":{"rendered":"<p>Mega Radiow\u00f3z policyjny 5w1 z pojazdami i figurk\u0105 Chase D\u017awi\u0119k i \u015awiat\u0142o 6058329 to cudowna podr\u00f3\u017c do \u015bwiata bajkowej krainy Adventure Bay. Zestaw pomie\u015bci wszystkie 6 piesk\u00f3w i jest wyposa\u017cony w 5 r\u00f3\u017cnych pojazd\u00f3w. Uratuj dzie\u0144 w du\u017cym radiowozie, dw\u00f3ch motocyklach, \u0142odzi i helikopterze. Radiow\u00f3z zosta\u0142 wyposa\u017cony w efekty \u015bwietlno &#8211; d\u017awi\u0119kowe, kt\u00f3re pojawiaj\u0105 si\u0119 po naci\u015bni\u0119ciu przycisku. Figurka Chasea (w zestawie) jest wiern\u0105 kopi\u0105 serialowego psiaka z czapk\u0105, plecakiem i kubraczkiem. Pozosta\u0142e figurki sprzedawane oddzielnie. Przygoda zaczyna si\u0119, kiedy Chase zasiada za kierownic\u0105 pojazdu i jest gotowy do akcji! Z fotela kierowcy ma nie tylko idealny punkt obserwacyjny do wykrywania problem\u00f3w, ale i wyrzutni\u0119 do wystrzeliwania pocisk\u00f3w. Naciskaj\u0105c przycisk z odznak\u0105 na g\u00f3rze, boczne schowki wyskakuj\u0105, uwalniaj\u0105c motocykle, kt\u00f3re wysy\u0142ane s\u0105 prosto do akcji. Dzi\u0119ki nim pieski jeszcze szybciej dotr\u0105 na ratunek. Aby wys\u0142a\u0107 wsparcie z powietrza wystarczy nacisn\u0105\u0107 przycisk z ty\u0142u radiowozu. Podnie\u015b helikopter, zakr\u0119\u0107 r\u0119cznie \u015bmig\u0142ami i poszybuj na ratunek!Zawarto\u015b\u0107 i cechy zestawu:1 x du\u017cy radiow\u00f3z ratunkowy &#8211; pojazd policyjny Chasea1 x helikopter1 x \u0142\u00f3d\u017a2 x motocykl1 x figurka Chasea &#8211; wysoko\u015b\u0107 ok. 7 cm3 x pociski1 x strzelaj\u0105ca wyrzutniaefekty \u015bwietlne: niebiesko &#8211; czerwone \u015bwiat\u0142o na dachu pojazduefekty d\u017awi\u0119kowe m.in.: odg\u0142osy silnika, syrena alarmowa, melodia z serialu, szczekaj\u0105cy pies, d\u017awi\u0119k helikopteraefekty \u015bwietlno &#8211; d\u017awi\u0119kowe pojawiaj\u0105 si\u0119 po naci\u015bni\u0119ciu przyciskuaktywacja startu helikopterawyrzutnia motocyklipozosta\u0142e figurki szczeniak\u00f3w sprzedawane oddzielnie<\/p>\n<h2>Spin Master Psi Patrol Mega Radiow\u00f3z policyjny 5w1 z pojazdami i figurk\u0105 Chase D\u017awi\u0119k i \u015awiat\u0142o 6058329 Spin Master<\/h2>\n<p>zagadki logiczne na inteligencj\u0119 dla doros\u0142ych, zagadki logiczne z odpowiedziami, rodzina sentencja, zagadki z odpowiedziami, aurora imi\u0119, kolorowanka lol do druku, prezent dla nastolatk\u00f3w na \u015bwi\u0119ta, bajka dla niemowlaka, zabawy na dzie\u0144 dziecka w szkole, pi\u0119kne cytaty o synku, stare bajki, bajka o piesku do czytania, nauka zegara do druku pdf, zadania dla 7 latka do druku, imi\u0119 alan, narysowa\u0107 rysunki \u0142atwe, szablon serce kolorowanka, wroc\u0142aw dla dzieci<\/p>\n<p>yyyyy<\/p>\n<p>&nbsp;<\/p>\n","protected":false},"excerpt":{"rendered":"<p>Mega Radiow\u00f3z policyjny 5w1 z pojazdami i figurk\u0105 Chase D\u017awi\u0119k i \u015awiat\u0142o 6058329 to cudowna podr\u00f3\u017c do \u015bwiata bajkowej krainy Adventure Bay. Zestaw pomie\u015bci wszystkie 6 piesk\u00f3w i jest wyposa\u017cony w 5 r\u00f3\u017cnych pojazd\u00f3w. Uratuj dzie\u0144 w du\u017cym radiowozie, dw\u00f3ch motocyklach, \u0142odzi i helikopterze. Radiow\u00f3z zosta\u0142 wyposa\u017cony w efekty \u015bwietlno &#8211; d\u017awi\u0119kowe, kt\u00f3re pojawiaj\u0105 si\u0119 [&hellip;]<\/p>\n","protected":false},"featured_media":186,"comment_status":"closed","ping_status":"open","template":"","meta":[],"product_cat":[95,94],"product_tag":[663,711,708],"class_list":["post-185","product","type-product","status-publish","has-post-thumbnail","hentry","product_cat-figurki-makiety-i-zestawy","product_cat-spin-master","product_tag-kolorowanki-dla-dzieci-do-druku","product_tag-prezenty-dla-nastolatkow","product_tag-zabawy-ruchowe-dla-dzieci"],"_links":{"self":[{"href":"http:\/\/klubmamgdynia.pl\/index.php\/wp-json\/wp\/v2\/product\/185","targetHints":{"allow":["GET"]}}],"collection":[{"href":"http:\/\/klubmamgdynia.pl\/index.php\/wp-json\/wp\/v2\/product"}],"about":[{"href":"http:\/\/klubmamgdynia.pl\/index.php\/wp-json\/wp\/v2\/types\/product"}],"replies":[{"embeddable":true,"href":"http:\/\/klubmamgdynia.pl\/index.php\/wp-json\/wp\/v2\/comments?post=185"}],"wp:featuredmedia":[{"embeddable":true,"href":"http:\/\/klubmamgdynia.pl\/index.php\/wp-json\/wp\/v2\/media\/186"}],"wp:attachment":[{"href":"http:\/\/klubmamgdynia.pl\/index.php\/wp-json\/wp\/v2\/media?parent=185"}],"wp:term":[{"taxonomy":"product_cat","embeddable":true,"href":"http:\/\/klubmamgdynia.pl\/index.php\/wp-json\/wp\/v2\/product_cat?post=185"},{"taxonomy":"product_tag","embeddable":true,"href":"http:\/\/klubmamgdynia.pl\/index.php\/wp-json\/wp\/v2\/product_tag?post=185"}],"curies":[{"name":"wp","href":"https:\/\/api.w.org\/{rel}","templated":true}]}}