{"id":1850,"date":"2019-07-17T08:23:40","date_gmt":"2019-07-17T06:23:40","guid":{"rendered":"http:\/\/klubmamgdynia.pl\/index.php\/produkt\/granna-co-robi-mis\/"},"modified":"2026-04-27T08:52:01","modified_gmt":"2026-04-27T06:52:01","slug":"granna-co-robi-mis","status":"publish","type":"product","link":"http:\/\/klubmamgdynia.pl\/index.php\/produkt\/granna-co-robi-mis\/","title":{"rendered":"Granna Co Robi Mi\u015b?"},"content":{"rendered":"<p>Co rob mi\u015b?Ma\u0142e misie maj\u0105 mn\u00f3stwo spraw na g\u0142owie. Budowanie zamku z piasku, szykowanie urodzin czy piknik na polanie to tylko kilka z ich licznych zaj\u0119\u0107. Gra Co robi mi\u015b? nauczy dzieci porz\u0105dkowania obrazk\u00f3w tak, by tworzy\u0142y sp\u00f3jn\u0105 historyjk\u0119.Jak gra\u0107?Po\u0142\u00f3\u017ccie wszystkie puzzle obrazkami do g\u00f3ry. Dopasujcie obrazki w taki spos\u00f3b, aby opowiedzie\u0107, co robi mi\u015b.Informacje o produkcieNr katalogowy00352Marka (Zabawki) BrakRodzaj (zabawki::gry) EdukacyjneLiczba graczy 1 &#8211; 4Czas gry (maks.) 15 minWersja j\u0119zykowa (zabawki::gry\/karciane) PolskaWymagania wiekowe od 24 miesi\u0119cyP\u0142e\u0107 (zabawki) Dziewczynki i ch\u0142opcyProdukt na baterie NieBaterie w zestawie NieZasilanie Nie dotyczyAkcesoria w zestawie8 trzyelementowych puzzliPozosta\u0142e parametryWymiary opakowania: 19 x 19 x 3.6 cm<\/p>\n<h2>Granna Co Robi Mi\u015b? Granna<\/h2>\n<p>\u0142amig\u0142\u00f3wki logiczne dla dzieci, paloma, pani wiosna do druku, jednoro\u017cec kolorowanka do druku, bajki dla dzieci online, wycinanki do druku, rysowanie po \u015bladzie pdf, bajka do czytania, gdy strumyk p\u0142ynie z wolna, laurka dla babci, zagadki kr\u00f3tkie, adela, podzi\u0119kowania dla nauczyciela cytaty<\/p>\n<p>yyyyy<\/p>\n<p>&nbsp;<\/p>\n","protected":false},"excerpt":{"rendered":"<p>Co rob mi\u015b?Ma\u0142e misie maj\u0105 mn\u00f3stwo spraw na g\u0142owie. Budowanie zamku z piasku, szykowanie urodzin czy piknik na polanie to tylko kilka z ich licznych zaj\u0119\u0107. Gra Co robi mi\u015b? nauczy dzieci porz\u0105dkowania obrazk\u00f3w tak, by tworzy\u0142y sp\u00f3jn\u0105 historyjk\u0119.Jak gra\u0107?Po\u0142\u00f3\u017ccie wszystkie puzzle obrazkami do g\u00f3ry. Dopasujcie obrazki w taki spos\u00f3b, aby opowiedzie\u0107, co robi mi\u015b.Informacje [&hellip;]<\/p>\n","protected":false},"featured_media":1851,"comment_status":"closed","ping_status":"open","template":"","meta":[],"product_cat":[430,130],"product_tag":[658,780,723,682],"class_list":["post-1850","product","type-product","status-publish","has-post-thumbnail","hentry","product_cat-granna","product_cat-gry-dzieciece","product_tag-alan-znaczenie-imienia","product_tag-krecik-bajka","product_tag-krotkie-bajki-do-czytania-na-dobranoc","product_tag-przyjazn-cytaty"],"_links":{"self":[{"href":"http:\/\/klubmamgdynia.pl\/index.php\/wp-json\/wp\/v2\/product\/1850","targetHints":{"allow":["GET"]}}],"collection":[{"href":"http:\/\/klubmamgdynia.pl\/index.php\/wp-json\/wp\/v2\/product"}],"about":[{"href":"http:\/\/klubmamgdynia.pl\/index.php\/wp-json\/wp\/v2\/types\/product"}],"replies":[{"embeddable":true,"href":"http:\/\/klubmamgdynia.pl\/index.php\/wp-json\/wp\/v2\/comments?post=1850"}],"wp:featuredmedia":[{"embeddable":true,"href":"http:\/\/klubmamgdynia.pl\/index.php\/wp-json\/wp\/v2\/media\/1851"}],"wp:attachment":[{"href":"http:\/\/klubmamgdynia.pl\/index.php\/wp-json\/wp\/v2\/media?parent=1850"}],"wp:term":[{"taxonomy":"product_cat","embeddable":true,"href":"http:\/\/klubmamgdynia.pl\/index.php\/wp-json\/wp\/v2\/product_cat?post=1850"},{"taxonomy":"product_tag","embeddable":true,"href":"http:\/\/klubmamgdynia.pl\/index.php\/wp-json\/wp\/v2\/product_tag?post=1850"}],"curies":[{"name":"wp","href":"https:\/\/api.w.org\/{rel}","templated":true}]}}