{"id":1852,"date":"2015-02-15T05:55:24","date_gmt":"2015-02-15T04:55:24","guid":{"rendered":"http:\/\/klubmamgdynia.pl\/index.php\/produkt\/mega-creative-kasa-b-o-akc-41x30x6-mc-wb-18-36-zabawka\/"},"modified":"2026-05-01T13:19:53","modified_gmt":"2026-05-01T11:19:53","slug":"mega-creative-kasa-b-o-akc-41x30x6-mc-wb-18-36-zabawka","status":"publish","type":"product","link":"http:\/\/klubmamgdynia.pl\/index.php\/produkt\/mega-creative-kasa-b-o-akc-41x30x6-mc-wb-18-36-zabawka\/","title":{"rendered":"Mega Creative Kasa B\/O Akc 41X30X6 Mc Wb 18\/36 &#8211; Zabawka"},"content":{"rendered":"<p>Zalety produktu: kasa posiada elektroniczny wy\u015bwietlacz, posiada efekty d\u017cwi\u0119kowe , posiada wysuwany paragon, kt\u00f3ry otrzymuje klient po dokonaniu zakup\u00f3w. Poprzez zabaw\u0119 kas\u0105 MEGA CREATIVE w sklep dziecko mo\u017ce w \u0142atwy i przyjemny spos\u00f3b nauczy\u0107 si\u0119 zasad robienia zakup\u00f3w, warto\u015bci pieni\u0105dza, oblicza\u0107 i wydawa\u0107 reszt\u0119 itp. Dzieci uwielbiaj\u0105 edukacyjne zabawy, w kt\u00f3rych mog\u0105 na\u015bladowa\u0107 doros\u0142ych Zestaw zawiera: kasa, karta kredytowa, banknoty i monety, 2x butelki z napojem, 4x puszka z art spo\u017cywczymi, 6x kartoniki z art spo\u017cywczo nabia\u0142owymi. Produkt wykonany z plastiku oraz papieru. Wymiary\/waga\/baterie: wymiary produktu kasa d\u0142. x wys. x g\u0142. cm : 10x16x4, koszyk , wymiary opakowania d\u0142. x wys. x g\u0142. cm : 40x30x5, waga produktu bez opakowania kg : 0,30 kg, waga produktu w opakowaniu kg : 0,46 kg, wymaga zasilania bateriami 2 x AA1,5V R6-nie za\u0142\u0105czono do zestawu. Przeznaczone dla dzieci w wieku: 3 . Pakowany w kartonik z okienkiem. Pakowanie w kartonie po 18 szt&#8230;.<\/p>\n<h2>Mega Creative Kasa B\/O Akc 41X30X6 Mc Wb 18\/36 &#8211; Zabawka Mega Creative<\/h2>\n<p>kuba imi\u0119, god\u0142o polski do druku, film o \u015bwi\u0119tach dla dzieci, ninjago kolorowanki, quiz flagi, bajki dla dzieci do czytania, ferie zimowe 2022 warszawa, na wyspach bergamutach, zaproszenia urodzinowe do wydruku chomikuj, nauka pisania literek do wydruku pdf, afryka\u0144skie imiona, el\u017cbieta imie<\/p>\n<p>yyyyy<\/p>\n<p>&nbsp;<\/p>\n","protected":false},"excerpt":{"rendered":"<p>Zalety produktu: kasa posiada elektroniczny wy\u015bwietlacz, posiada efekty d\u017cwi\u0119kowe , posiada wysuwany paragon, kt\u00f3ry otrzymuje klient po dokonaniu zakup\u00f3w. Poprzez zabaw\u0119 kas\u0105 MEGA CREATIVE w sklep dziecko mo\u017ce w \u0142atwy i przyjemny spos\u00f3b nauczy\u0107 si\u0119 zasad robienia zakup\u00f3w, warto\u015bci pieni\u0105dza, oblicza\u0107 i wydawa\u0107 reszt\u0119 itp. Dzieci uwielbiaj\u0105 edukacyjne zabawy, w kt\u00f3rych mog\u0105 na\u015bladowa\u0107 doros\u0142ych Zestaw [&hellip;]<\/p>\n","protected":false},"featured_media":1853,"comment_status":"closed","ping_status":"open","template":"","meta":[],"product_cat":[53,64],"product_tag":[691,808,699,695,811],"class_list":["post-1852","product","type-product","status-publish","has-post-thumbnail","hentry","product_cat-kaciki-zabaw","product_cat-mega-creative","product_tag-gabriel","product_tag-imie-mia","product_tag-kolorowanki-do-druku-dla-dziewczyn","product_tag-rzadkie-imiona-zenskie","product_tag-zagadki-logiczne-dla-dzieci"],"_links":{"self":[{"href":"http:\/\/klubmamgdynia.pl\/index.php\/wp-json\/wp\/v2\/product\/1852","targetHints":{"allow":["GET"]}}],"collection":[{"href":"http:\/\/klubmamgdynia.pl\/index.php\/wp-json\/wp\/v2\/product"}],"about":[{"href":"http:\/\/klubmamgdynia.pl\/index.php\/wp-json\/wp\/v2\/types\/product"}],"replies":[{"embeddable":true,"href":"http:\/\/klubmamgdynia.pl\/index.php\/wp-json\/wp\/v2\/comments?post=1852"}],"wp:featuredmedia":[{"embeddable":true,"href":"http:\/\/klubmamgdynia.pl\/index.php\/wp-json\/wp\/v2\/media\/1853"}],"wp:attachment":[{"href":"http:\/\/klubmamgdynia.pl\/index.php\/wp-json\/wp\/v2\/media?parent=1852"}],"wp:term":[{"taxonomy":"product_cat","embeddable":true,"href":"http:\/\/klubmamgdynia.pl\/index.php\/wp-json\/wp\/v2\/product_cat?post=1852"},{"taxonomy":"product_tag","embeddable":true,"href":"http:\/\/klubmamgdynia.pl\/index.php\/wp-json\/wp\/v2\/product_tag?post=1852"}],"curies":[{"name":"wp","href":"https:\/\/api.w.org\/{rel}","templated":true}]}}