{"id":1854,"date":"2020-05-06T21:40:49","date_gmt":"2020-05-06T19:40:49","guid":{"rendered":"http:\/\/klubmamgdynia.pl\/index.php\/produkt\/mega-creative-masa-plastyczna-z-akcesoriami-471064\/"},"modified":"2026-05-17T23:23:11","modified_gmt":"2026-05-17T21:23:11","slug":"mega-creative-masa-plastyczna-z-akcesoriami-471064","status":"publish","type":"product","link":"http:\/\/klubmamgdynia.pl\/index.php\/produkt\/mega-creative-masa-plastyczna-z-akcesoriami-471064\/","title":{"rendered":"Mega Creative Masa Plastyczna Z Akcesoriami 471064"},"content":{"rendered":"<p>Masa plastyczna z akcesoriami MEGA CREATIVERozwijanie wyobra\u017ani, rozwijanie zdolno\u015bci manualnych i artystycznych. Zestaw masy plastycznej MEGA CREATIVE to \u015bwietny pomys\u0142 na sp\u0119dzenie wolnego czasu z rodzin\u0105! Zawarto\u015b\u0107 zestawu: 12 mas plastycznych, foremki do wykrawania, maszynka, talerzyki i sztu\u0107ce.<\/p>\n<h2>Mega Creative Masa Plastyczna Z Akcesoriami 471064 Mega Creative<\/h2>\n<p>opowiadanie o jesieni dla dzieci, lamiglowki slowne, zabawki na roczek, co kupi\u0107 nastolatce na urodziny, basen dla dzieci warszawa, darmowe kolorowanki do druku, bajka krecik, zagatki, kolorowanka lego friends, karnawa\u0142 maska karnawa\u0142owa szablon, z\u0142ote my\u015bli pedagogiczne, lol kolorowanka<\/p>\n<p>yyyyy<\/p>\n<p>&nbsp;<\/p>\n","protected":false},"excerpt":{"rendered":"<p>Masa plastyczna z akcesoriami MEGA CREATIVERozwijanie wyobra\u017ani, rozwijanie zdolno\u015bci manualnych i artystycznych. Zestaw masy plastycznej MEGA CREATIVE to \u015bwietny pomys\u0142 na sp\u0119dzenie wolnego czasu z rodzin\u0105! Zawarto\u015b\u0107 zestawu: 12 mas plastycznych, foremki do wykrawania, maszynka, talerzyki i sztu\u0107ce. Mega Creative Masa Plastyczna Z Akcesoriami 471064 Mega Creative opowiadanie o jesieni dla dzieci, lamiglowki slowne, zabawki [&hellip;]<\/p>\n","protected":false},"featured_media":1855,"comment_status":"closed","ping_status":"open","template":"","meta":[],"product_cat":[64,21],"product_tag":[685,776,687,595],"class_list":["post-1854","product","type-product","status-publish","has-post-thumbnail","hentry","product_cat-mega-creative","product_cat-zabawki-plastyczne","product_tag-cytaty-o-rodzinie","product_tag-dobrej-nocy","product_tag-podchwytliwe-zagadki-matematyczne","product_tag-zagadki-dla-6-latka"],"_links":{"self":[{"href":"http:\/\/klubmamgdynia.pl\/index.php\/wp-json\/wp\/v2\/product\/1854","targetHints":{"allow":["GET"]}}],"collection":[{"href":"http:\/\/klubmamgdynia.pl\/index.php\/wp-json\/wp\/v2\/product"}],"about":[{"href":"http:\/\/klubmamgdynia.pl\/index.php\/wp-json\/wp\/v2\/types\/product"}],"replies":[{"embeddable":true,"href":"http:\/\/klubmamgdynia.pl\/index.php\/wp-json\/wp\/v2\/comments?post=1854"}],"wp:featuredmedia":[{"embeddable":true,"href":"http:\/\/klubmamgdynia.pl\/index.php\/wp-json\/wp\/v2\/media\/1855"}],"wp:attachment":[{"href":"http:\/\/klubmamgdynia.pl\/index.php\/wp-json\/wp\/v2\/media?parent=1854"}],"wp:term":[{"taxonomy":"product_cat","embeddable":true,"href":"http:\/\/klubmamgdynia.pl\/index.php\/wp-json\/wp\/v2\/product_cat?post=1854"},{"taxonomy":"product_tag","embeddable":true,"href":"http:\/\/klubmamgdynia.pl\/index.php\/wp-json\/wp\/v2\/product_tag?post=1854"}],"curies":[{"name":"wp","href":"https:\/\/api.w.org\/{rel}","templated":true}]}}