{"id":1856,"date":"2021-04-07T11:24:20","date_gmt":"2021-04-07T09:24:20","guid":{"rendered":"http:\/\/klubmamgdynia.pl\/index.php\/produkt\/ramiz-auto-na-akumulator-mercedes-benz-gt-bialy\/"},"modified":"2026-04-06T02:51:20","modified_gmt":"2026-04-06T00:51:20","slug":"ramiz-auto-na-akumulator-mercedes-benz-gt-bialy","status":"publish","type":"product","link":"http:\/\/klubmamgdynia.pl\/index.php\/produkt\/ramiz-auto-na-akumulator-mercedes-benz-gt-bialy\/","title":{"rendered":"Ramiz Auto na akumulator Mercedes Benz GT Bia\u0142y"},"content":{"rendered":"<p>SpecyfikacjaPojazd Mercedes Benz GT Silnik2x35WAkumulator12V4,4AhPilot2.4 GHz,3 szybko\u015bci,Przycisk bezpiecze\u0144stwa STOP,Ko\u0142aKo\u0142a piankowe EVA,\u015arednica 22 cm,Szeroko\u015b\u0107 9 cm,BiegiWolny Start,Prz\u00f3d\/Ty\u0142,\u015awiat\u0142a LED,\u015awiat\u0142a przednie,\u015awiat\u0142a tylne,Wyposa\u017ceniePanel AudioMP3,Wgrane melodyjki,Wej\u015bcie na karty SD,Wej\u015bcie USB,Wej\u015bcie AUX (mo\u017cliwo\u015b\u0107 pod\u0142\u0105czenia mp3 playera, smartphona),Przyciski z melodyjkami i klaksonem w kierownicy,Wska\u017anik Na\u0142adowaniaTak,StartPod\u015bwietlany w\u0142\u0105cznik,Otwierane drzwiTakSiedzenieG\u0142\u0119boko\u015b\u0107 19 cm,Szeroko\u015b\u0107 34 cm,Wysoko\u015b\u0107 26 cm,Siedzenie z ekosk\u00f3ry ,WymiaryRozmiary PojazduD\u0142ugo\u015b\u0107 108 cm,Szeroko\u015b\u0107 68 cm,Wysoko\u015b\u0107 48 cm,Waga Pojazdu12,3 kg,Rozmiar Kartonu109 x 54,5 x 33,5 cm,Waga Kartonu16kg,Maksymalne Obci\u0105\u017cenie30 kg,Prze\u015bwit9 cm,Wyposa\u017cenie DodatkoweInstrukcja + zestaw monta\u017cowy,Pokrowiec,\u0141adowarka z diod\u0105 kontroluj\u0105c\u0105 na\u0142adowanie bateriiPilot,Kabel Mini Jack.<\/p>\n<h2>Ramiz Auto na akumulator Mercedes Benz GT Bia\u0142y Ramiz<\/h2>\n<p>postacie z bajek, pierwszy obudzi\u0142 si\u0119 pierwiosnek tekst, postacie z bajek, kolorowanki disney, mitologia test wiedzy<\/p>\n<p>yyyyy<\/p>\n<p>&nbsp;<\/p>\n","protected":false},"excerpt":{"rendered":"<p>SpecyfikacjaPojazd Mercedes Benz GT Silnik2x35WAkumulator12V4,4AhPilot2.4 GHz,3 szybko\u015bci,Przycisk bezpiecze\u0144stwa STOP,Ko\u0142aKo\u0142a piankowe EVA,\u015arednica 22 cm,Szeroko\u015b\u0107 9 cm,BiegiWolny Start,Prz\u00f3d\/Ty\u0142,\u015awiat\u0142a LED,\u015awiat\u0142a przednie,\u015awiat\u0142a tylne,Wyposa\u017ceniePanel AudioMP3,Wgrane melodyjki,Wej\u015bcie na karty SD,Wej\u015bcie USB,Wej\u015bcie AUX (mo\u017cliwo\u015b\u0107 pod\u0142\u0105czenia mp3 playera, smartphona),Przyciski z melodyjkami i klaksonem w kierownicy,Wska\u017anik Na\u0142adowaniaTak,StartPod\u015bwietlany w\u0142\u0105cznik,Otwierane drzwiTakSiedzenieG\u0142\u0119boko\u015b\u0107 19 cm,Szeroko\u015b\u0107 34 cm,Wysoko\u015b\u0107 26 cm,Siedzenie z ekosk\u00f3ry ,WymiaryRozmiary PojazduD\u0142ugo\u015b\u0107 108 cm,Szeroko\u015b\u0107 68 cm,Wysoko\u015b\u0107 48 [&hellip;]<\/p>\n","protected":false},"featured_media":1857,"comment_status":"closed","ping_status":"open","template":"","meta":[],"product_cat":[36,24],"product_tag":[794,581,693],"class_list":["post-1856","product","type-product","status-publish","has-post-thumbnail","hentry","product_cat-ramiz","product_cat-samochody-dla-dzieci","product_tag-test-opowiesci-z-narnii-lew-czarownica-i-stara-szafa-do-druku","product_tag-zagadki-dla-8-latka","product_tag-zagadki-dla-doroslych"],"_links":{"self":[{"href":"http:\/\/klubmamgdynia.pl\/index.php\/wp-json\/wp\/v2\/product\/1856","targetHints":{"allow":["GET"]}}],"collection":[{"href":"http:\/\/klubmamgdynia.pl\/index.php\/wp-json\/wp\/v2\/product"}],"about":[{"href":"http:\/\/klubmamgdynia.pl\/index.php\/wp-json\/wp\/v2\/types\/product"}],"replies":[{"embeddable":true,"href":"http:\/\/klubmamgdynia.pl\/index.php\/wp-json\/wp\/v2\/comments?post=1856"}],"wp:featuredmedia":[{"embeddable":true,"href":"http:\/\/klubmamgdynia.pl\/index.php\/wp-json\/wp\/v2\/media\/1857"}],"wp:attachment":[{"href":"http:\/\/klubmamgdynia.pl\/index.php\/wp-json\/wp\/v2\/media?parent=1856"}],"wp:term":[{"taxonomy":"product_cat","embeddable":true,"href":"http:\/\/klubmamgdynia.pl\/index.php\/wp-json\/wp\/v2\/product_cat?post=1856"},{"taxonomy":"product_tag","embeddable":true,"href":"http:\/\/klubmamgdynia.pl\/index.php\/wp-json\/wp\/v2\/product_tag?post=1856"}],"curies":[{"name":"wp","href":"https:\/\/api.w.org\/{rel}","templated":true}]}}