{"id":1858,"date":"2021-08-29T04:47:47","date_gmt":"2021-08-29T02:47:47","guid":{"rendered":"http:\/\/klubmamgdynia.pl\/index.php\/produkt\/forseti-2101-c03\/"},"modified":"2026-04-30T21:46:50","modified_gmt":"2026-04-30T19:46:50","slug":"forseti-2101-c03","status":"publish","type":"product","link":"http:\/\/klubmamgdynia.pl\/index.php\/produkt\/forseti-2101-c03\/","title":{"rendered":"Forseti 2101 C03"},"content":{"rendered":"<p>Oprawa korekcyjna z tworzywa sztucznego marki Foresti przeznaczona jest dla os\u00f3b lubi\u0105cych oryginalne rozwi\u0105zania. Klasyczny kszta\u0142t oraz tr\u00f3jwymiarowa tekstura daj\u0105 bardzo ciekawe po\u0142\u0105czenie a ozdobne elementy znajduj\u0105ce si\u0119 na zausznikach dodaj\u0105 okularom elegancji.<br \/>\nWymiary oprawy to 54-14-130:54 to szeroko\u015b\u0107 soczewki podana w mm,14 to szeroko\u015b\u0107 mostka podana w mm,130 to d\u0142ugo\u015b\u0107 zausznika podana w mm.<br \/>\nW cenie oprawy oferujemy plastikowe soczewki firmy Szajna wykonane z materia\u0142u CR-39 z wielowarstwow\u0105 pow\u0142ok\u0105 antyrefleksyjn\u0105.<br \/>\nSoczewki Szajna Profit 1.5 HMC to standardowe rozwi\u0105zanie je\u015bli chodzi o uszlachetnienia soczewek w firmie Szajna Laboratorium Optyczne. Zielona wielowarstwowa pow\u0142oka antyrefleksyjna o w\u0142a\u015bciwo\u015bciach hydrofobowych zapewnia wysok\u0105 przejrzysto\u015b\u0107 (przepuszczalno\u015b\u0107 \u015bwiat\u0142a). Zastosowanie pow\u0142ok antyrefleksyjnych (przeciwodbiciowych cienkowarstwowych) eliminuje odblaski powstaj\u0105ce na powierzchni szkie\u0142, co skutkuje zwi\u0119kszeniem ilo\u015bci \u015bwiat\u0142a przechodz\u0105cego przez soczewk\u0119 oraz podniesieniem og\u00f3lnego kontrastu widzenia. Wzrasta r\u00f3wnie\u017c przejrzysto\u015b\u0107 soczewek, co poprawia estetyk\u0119 twarzy i okular\u00f3w &#8211; oczy s\u0105 lepiej widoczne, a soczewki sprawiaj\u0105 wra\u017cenie bardzo lekkich.<br \/>\nZakres dost\u0119pnych mocy od 0,0 do +\/- 6,0 dioptriiZakres dost\u0119pnych cylindr\u00f3w od 0,25 do 2,00 w zakresie od -6,0 do +6,0 dioptrii (o wy\u017csze prosimy pyta\u0107)<br \/>\nPodana cena jest cen\u0105 za par\u0119 soczewek wraz z monta\u017cem do zakupionej oprawy.<br \/>\nCena katalogowa produktu to 100 z\u0142.<br \/>\nW przypadku wyboru innej soczewki prosimy o dodanie jej do koszyka razem z opraw\u0105.<br \/>\n\u00a0<br \/>\nW zestawie znajduje si\u0119 r\u00f3wnie\u017c etui oraz \u015bciereczka do czyszczenia okular\u00f3w.<br \/>\n\u00a0<br \/>\n\u00a0<br \/>\nNie mamy oprawy kt\u00f3rej szukasz? Skontaktuj si\u0119 z nami.Mo\u017cemy zam\u00f3wi\u0107 ka\u017cd\u0105 opraw\u0119 z aktualnej kolekcji producenta.<\/p>\n<h2>Forseti 2101 C03 <\/h2>\n<p>wroc\u0142aw atrakcje dla dzieci 2021, dynie pozna\u0144, dobranoc pch\u0142y na noc, historia pluszowego misia, ma\u0142y ksi\u0105\u017c\u0119 &#8211; test z odpowiedziami, testy na znaki drogowe, tezeusz, wakacje kolorowanka, kiedy dzieci chodza na halloween, daniel imie, tabliczka mno\u017cenia karty pracy do druku, historia pluszowego misia dla dzieci, zagdki, quiz z bajek<\/p>\n<p>yyyyy<\/p>\n<p>&nbsp;<\/p>\n","protected":false},"excerpt":{"rendered":"<p>Oprawa korekcyjna z tworzywa sztucznego marki Foresti przeznaczona jest dla os\u00f3b lubi\u0105cych oryginalne rozwi\u0105zania. Klasyczny kszta\u0142t oraz tr\u00f3jwymiarowa tekstura daj\u0105 bardzo ciekawe po\u0142\u0105czenie a ozdobne elementy znajduj\u0105ce si\u0119 na zausznikach dodaj\u0105 okularom elegancji. Wymiary oprawy to 54-14-130:54 to szeroko\u015b\u0107 soczewki podana w mm,14 to szeroko\u015b\u0107 mostka podana w mm,130 to d\u0142ugo\u015b\u0107 zausznika podana w mm. [&hellip;]<\/p>\n","protected":false},"featured_media":1859,"comment_status":"closed","ping_status":"open","template":"","meta":[],"product_cat":[149],"product_tag":[761,578,687],"class_list":["post-1858","product","type-product","status-publish","has-post-thumbnail","hentry","product_cat-okulary-oprawki-i-szkla","product_tag-choinko-piekna-jak-las-tekst","product_tag-fajne-zarty-na-prima-aprilis","product_tag-podchwytliwe-zagadki-matematyczne"],"_links":{"self":[{"href":"http:\/\/klubmamgdynia.pl\/index.php\/wp-json\/wp\/v2\/product\/1858","targetHints":{"allow":["GET"]}}],"collection":[{"href":"http:\/\/klubmamgdynia.pl\/index.php\/wp-json\/wp\/v2\/product"}],"about":[{"href":"http:\/\/klubmamgdynia.pl\/index.php\/wp-json\/wp\/v2\/types\/product"}],"replies":[{"embeddable":true,"href":"http:\/\/klubmamgdynia.pl\/index.php\/wp-json\/wp\/v2\/comments?post=1858"}],"wp:featuredmedia":[{"embeddable":true,"href":"http:\/\/klubmamgdynia.pl\/index.php\/wp-json\/wp\/v2\/media\/1859"}],"wp:attachment":[{"href":"http:\/\/klubmamgdynia.pl\/index.php\/wp-json\/wp\/v2\/media?parent=1858"}],"wp:term":[{"taxonomy":"product_cat","embeddable":true,"href":"http:\/\/klubmamgdynia.pl\/index.php\/wp-json\/wp\/v2\/product_cat?post=1858"},{"taxonomy":"product_tag","embeddable":true,"href":"http:\/\/klubmamgdynia.pl\/index.php\/wp-json\/wp\/v2\/product_tag?post=1858"}],"curies":[{"name":"wp","href":"https:\/\/api.w.org\/{rel}","templated":true}]}}