{"id":1864,"date":"2024-04-09T20:48:14","date_gmt":"2024-04-09T18:48:14","guid":{"rendered":"http:\/\/klubmamgdynia.pl\/?post_type=product&#038;p=1864"},"modified":"2026-04-18T21:04:00","modified_gmt":"2026-04-18T19:04:00","slug":"cartamundi-puzzle-4w1-into-the-wild-eu-46812-elementow","status":"publish","type":"product","link":"http:\/\/klubmamgdynia.pl\/index.php\/produkt\/cartamundi-puzzle-4w1-into-the-wild-eu-46812-elementow\/","title":{"rendered":"Cartamundi Puzzle 4w1 Into the Wild EU 4,6,8,12 element\u00f3w"},"content":{"rendered":"<p>Kolekcja pierwszych puzzli dla dziecka z naprawd\u0119 dzikimi zwierz\u0119tami. Cztery poziomy trudno\u015bci, aby poprawi\u0107 pami\u0119\u0107, umiej\u0119tno\u015b\u0107 dopasowywania oraz koordynacj\u0119. U\u0142\u00f3\u017c 4,6, 8 lub 12 element\u00f3w, aby mie\u0107 pe\u0142ny obrazek. Cztery obrazki po 4, 6, 8 i 12 puzzli.EAN: 5411068862267Gwarancja: 24 miesi\u0105ceKod dostawcy: 62267Nr katalogowy: 62267Rodzaj: StandardLiczba element\u00f3w: 30Wymagania wiekowe: od 3 latP\u0142e\u0107: Dziewczynki<\/p>\n<h2>Cartamundi Puzzle 4w1 Into the Wild EU 4,6,8,12 element\u00f3w Cartamundi<\/h2>\n<p>anio\u0142 rysunek prosty, zagadki i odpowiedzi, imi\u0119 liwia, test asiunia joanna papuzi\u0144ska, quiz z bajek, quiz o kosmosie dla dzieci, mi\u015b z filmu animowanego, flagi pa\u0144stw quiz, jagna, quiz flagi europy, prezent dla 14 letniej dziewczyny, opis do zdj\u0119cia z dzieckiem, my little pony kolorowanka, cytaty dla mamy od c\u00f3rki, ja\u015bmina imi\u0119, kolorowanki lol, \u015bmieszne zagadki dla dzieci, jak zrobi\u0107 samolot z papieru, kolorowanki do druku kotki<\/p>\n<p>yyyyy<\/p>\n<p>&nbsp;<\/p>\n","protected":false},"excerpt":{"rendered":"<p>Kolekcja pierwszych puzzli dla dziecka z naprawd\u0119 dzikimi zwierz\u0119tami. Cztery poziomy trudno\u015bci, aby poprawi\u0107 pami\u0119\u0107, umiej\u0119tno\u015b\u0107 dopasowywania oraz koordynacj\u0119. U\u0142\u00f3\u017c 4,6, 8 lub 12 element\u00f3w, aby mie\u0107 pe\u0142ny obrazek. Cztery obrazki po 4, 6, 8 i 12 puzzli.EAN: 5411068862267Gwarancja: 24 miesi\u0105ceKod dostawcy: 62267Nr katalogowy: 62267Rodzaj: StandardLiczba element\u00f3w: 30Wymagania wiekowe: od 3 latP\u0142e\u0107: Dziewczynki Cartamundi Puzzle [&hellip;]<\/p>\n","protected":false},"featured_media":1865,"comment_status":"closed","ping_status":"open","template":"","meta":[],"product_cat":[224,90],"product_tag":[682,698,796],"class_list":["post-1864","product","type-product","status-publish","has-post-thumbnail","hentry","product_cat-cartamundi","product_cat-puzzle","product_tag-przyjazn-cytaty","product_tag-zagadki-dla-przedszkolakow","product_tag-zagatki"],"_links":{"self":[{"href":"http:\/\/klubmamgdynia.pl\/index.php\/wp-json\/wp\/v2\/product\/1864","targetHints":{"allow":["GET"]}}],"collection":[{"href":"http:\/\/klubmamgdynia.pl\/index.php\/wp-json\/wp\/v2\/product"}],"about":[{"href":"http:\/\/klubmamgdynia.pl\/index.php\/wp-json\/wp\/v2\/types\/product"}],"replies":[{"embeddable":true,"href":"http:\/\/klubmamgdynia.pl\/index.php\/wp-json\/wp\/v2\/comments?post=1864"}],"wp:featuredmedia":[{"embeddable":true,"href":"http:\/\/klubmamgdynia.pl\/index.php\/wp-json\/wp\/v2\/media\/1865"}],"wp:attachment":[{"href":"http:\/\/klubmamgdynia.pl\/index.php\/wp-json\/wp\/v2\/media?parent=1864"}],"wp:term":[{"taxonomy":"product_cat","embeddable":true,"href":"http:\/\/klubmamgdynia.pl\/index.php\/wp-json\/wp\/v2\/product_cat?post=1864"},{"taxonomy":"product_tag","embeddable":true,"href":"http:\/\/klubmamgdynia.pl\/index.php\/wp-json\/wp\/v2\/product_tag?post=1864"}],"curies":[{"name":"wp","href":"https:\/\/api.w.org\/{rel}","templated":true}]}}