{"id":1868,"date":"2013-12-22T10:18:27","date_gmt":"2013-12-22T09:18:27","guid":{"rendered":"http:\/\/klubmamgdynia.pl\/index.php\/produkt\/waytoplay-waytoplay-droga-do-ukladania-12el-ringroad\/"},"modified":"2026-05-17T22:47:39","modified_gmt":"2026-05-17T20:47:39","slug":"waytoplay-waytoplay-droga-do-ukladania-12el-ringroad","status":"publish","type":"product","link":"http:\/\/klubmamgdynia.pl\/index.php\/produkt\/waytoplay-waytoplay-droga-do-ukladania-12el-ringroad\/","title":{"rendered":"Waytoplay Waytoplay Droga Do Uk\u0142adania 12El. Ringroad"},"content":{"rendered":"<p>Waytoplay droga do uk\u0142adania 12 el. Ringroad. Drogi Waytoplay to \u015bwietna zabawa-zar\u00f3wno wewn\u0105trz jak i poza domem. Pozwala na budowanie dowolnych tras i obwod\u00f3w-jak tylko dziecko zechce! Zestaw Ringroad sk\u0142ada si\u0119 z 12 element\u00f3w o \u0142\u0105cznej d\u0142ugo\u015bci a\u017c 170 cm nie pozwoli na nud\u0119 \u017cadnemu dziecku!<\/p>\n<h2>Waytoplay Waytoplay Droga Do Uk\u0142adania 12El. Ringroad Way To Play<\/h2>\n<p>zosia samosia, filmy na \u015bwi\u0119ta bo\u017cego narodzenia, dobranoc pch\u0142y na noc, zagadki dla dziewczyny<\/p>\n<p>yyyyy<\/p>\n<p>&nbsp;<\/p>\n","protected":false},"excerpt":{"rendered":"<p>Waytoplay droga do uk\u0142adania 12 el. Ringroad. Drogi Waytoplay to \u015bwietna zabawa-zar\u00f3wno wewn\u0105trz jak i poza domem. Pozwala na budowanie dowolnych tras i obwod\u00f3w-jak tylko dziecko zechce! Zestaw Ringroad sk\u0142ada si\u0119 z 12 element\u00f3w o \u0142\u0105cznej d\u0142ugo\u015bci a\u017c 170 cm nie pozwoli na nud\u0119 \u017cadnemu dziecku! Waytoplay Waytoplay Droga Do Uk\u0142adania 12El. Ringroad Way To [&hellip;]<\/p>\n","protected":false},"featured_media":1869,"comment_status":"closed","ping_status":"open","template":"","meta":[],"product_cat":[141,475],"product_tag":[836,583,682,751,773,628,600],"class_list":["post-1868","product","type-product","status-publish","has-post-thumbnail","hentry","product_cat-parkingi-garaze-i-tory-wyscigowe","product_cat-way-to-play","product_tag-co-kupic-dziecku-na-roczek","product_tag-kolysanki-dla-dzieci-tekst","product_tag-przyjazn-cytaty","product_tag-psi-patrol-kolorowanka","product_tag-test-z-lektury-opowiesci-z-narnii-lew-czarownica-i-stara-szafa","product_tag-zagadka","product_tag-zaproszenia-na-urodziny-do-druku"],"_links":{"self":[{"href":"http:\/\/klubmamgdynia.pl\/index.php\/wp-json\/wp\/v2\/product\/1868","targetHints":{"allow":["GET"]}}],"collection":[{"href":"http:\/\/klubmamgdynia.pl\/index.php\/wp-json\/wp\/v2\/product"}],"about":[{"href":"http:\/\/klubmamgdynia.pl\/index.php\/wp-json\/wp\/v2\/types\/product"}],"replies":[{"embeddable":true,"href":"http:\/\/klubmamgdynia.pl\/index.php\/wp-json\/wp\/v2\/comments?post=1868"}],"wp:featuredmedia":[{"embeddable":true,"href":"http:\/\/klubmamgdynia.pl\/index.php\/wp-json\/wp\/v2\/media\/1869"}],"wp:attachment":[{"href":"http:\/\/klubmamgdynia.pl\/index.php\/wp-json\/wp\/v2\/media?parent=1868"}],"wp:term":[{"taxonomy":"product_cat","embeddable":true,"href":"http:\/\/klubmamgdynia.pl\/index.php\/wp-json\/wp\/v2\/product_cat?post=1868"},{"taxonomy":"product_tag","embeddable":true,"href":"http:\/\/klubmamgdynia.pl\/index.php\/wp-json\/wp\/v2\/product_tag?post=1868"}],"curies":[{"name":"wp","href":"https:\/\/api.w.org\/{rel}","templated":true}]}}