{"id":1874,"date":"2018-01-08T02:44:08","date_gmt":"2018-01-08T01:44:08","guid":{"rendered":"http:\/\/klubmamgdynia.pl\/index.php\/produkt\/hot-wheels-007-james-bond-skyfall-aston-martin-1963-db5-cgb79\/"},"modified":"2026-04-22T22:02:15","modified_gmt":"2026-04-22T20:02:15","slug":"hot-wheels-007-james-bond-skyfall-aston-martin-1963-db5-cgb79","status":"publish","type":"product","link":"http:\/\/klubmamgdynia.pl\/index.php\/produkt\/hot-wheels-007-james-bond-skyfall-aston-martin-1963-db5-cgb79\/","title":{"rendered":"Hot Wheels 007 James Bond Skyfall Aston Martin 1963 DB5 CGB79"},"content":{"rendered":"<p>Niesamowite, superszybkie samochody i spektakularne po\u015bcigi to podstawa ka\u017cdego filmu o Jamesie Bondzie. Hot Wheels oddaje ho\u0142d uwielbianej przez widz\u00f3w serii filmowej o fascynuj\u0105cym i obezw\u0142adniaj\u0105co szarmanckim Agencie 007, prezentuj\u0105c nadzwyczajny wyb\u00f3r pojazd\u00f3w, kt\u00f3re wygl\u0105daj\u0105 tak, jakby w\u0142a\u015bnie zjecha\u0142y ze srebrnego ekranu. Ka\u017cdy kultowy pojazd z film\u00f3w o Jamesie Bondzie jest wykonany w skali 1:64 i posiada oryginalne detale oraz zdobienia.Cena dotyczy 1 pojazdu &#8211; Aston Martin 1963 DB5z filmu &#8222;Skyfall&#8221;.Kolory i elementy dekoracyjne modeli mog\u0105 si\u0119 nieznacznie r\u00f3\u017cni\u0107.<\/p>\n<h2>Hot Wheels 007 James Bond Skyfall Aston Martin 1963 DB5 CGB79 Hot Wheels<\/h2>\n<p>sybilla, cyferki do druku, tupu tup po \u015bniegu tekst, place zabaw warszawa, zagadki i odpowiedzi, rodzina cytaty, basen dla dzieci warszawa, zagadki logiczne matematyczne dla dzieci, mateusz imi\u0119<\/p>\n<p>yyyyy<\/p>\n<p>&nbsp;<\/p>\n","protected":false},"excerpt":{"rendered":"<p>Niesamowite, superszybkie samochody i spektakularne po\u015bcigi to podstawa ka\u017cdego filmu o Jamesie Bondzie. Hot Wheels oddaje ho\u0142d uwielbianej przez widz\u00f3w serii filmowej o fascynuj\u0105cym i obezw\u0142adniaj\u0105co szarmanckim Agencie 007, prezentuj\u0105c nadzwyczajny wyb\u00f3r pojazd\u00f3w, kt\u00f3re wygl\u0105daj\u0105 tak, jakby w\u0142a\u015bnie zjecha\u0142y ze srebrnego ekranu. Ka\u017cdy kultowy pojazd z film\u00f3w o Jamesie Bondzie jest wykonany w skali 1:64 [&hellip;]<\/p>\n","protected":false},"featured_media":1875,"comment_status":"closed","ping_status":"open","template":"","meta":[],"product_cat":[83,150],"product_tag":[784,750,752,726,756],"class_list":["post-1874","product","type-product","status-publish","has-post-thumbnail","hentry","product_cat-auta-i-inne-pojazdy-do-zabawy","product_cat-hot-wheels","product_tag-hymn-gorniczy","product_tag-imie-kostek","product_tag-kuba-imie","product_tag-quiz-zemsta","product_tag-zaproszenie-na-urodziny-do-druku"],"_links":{"self":[{"href":"http:\/\/klubmamgdynia.pl\/index.php\/wp-json\/wp\/v2\/product\/1874","targetHints":{"allow":["GET"]}}],"collection":[{"href":"http:\/\/klubmamgdynia.pl\/index.php\/wp-json\/wp\/v2\/product"}],"about":[{"href":"http:\/\/klubmamgdynia.pl\/index.php\/wp-json\/wp\/v2\/types\/product"}],"replies":[{"embeddable":true,"href":"http:\/\/klubmamgdynia.pl\/index.php\/wp-json\/wp\/v2\/comments?post=1874"}],"wp:featuredmedia":[{"embeddable":true,"href":"http:\/\/klubmamgdynia.pl\/index.php\/wp-json\/wp\/v2\/media\/1875"}],"wp:attachment":[{"href":"http:\/\/klubmamgdynia.pl\/index.php\/wp-json\/wp\/v2\/media?parent=1874"}],"wp:term":[{"taxonomy":"product_cat","embeddable":true,"href":"http:\/\/klubmamgdynia.pl\/index.php\/wp-json\/wp\/v2\/product_cat?post=1874"},{"taxonomy":"product_tag","embeddable":true,"href":"http:\/\/klubmamgdynia.pl\/index.php\/wp-json\/wp\/v2\/product_tag?post=1874"}],"curies":[{"name":"wp","href":"https:\/\/api.w.org\/{rel}","templated":true}]}}