{"id":1876,"date":"2018-11-25T19:50:39","date_gmt":"2018-11-25T18:50:39","guid":{"rendered":"http:\/\/klubmamgdynia.pl\/index.php\/produkt\/lets-sing-2022-2-mikrofony-gra-ns\/"},"modified":"2026-04-04T02:28:01","modified_gmt":"2026-04-04T00:28:01","slug":"lets-sing-2022-2-mikrofony-gra-ns","status":"publish","type":"product","link":"http:\/\/klubmamgdynia.pl\/index.php\/produkt\/lets-sing-2022-2-mikrofony-gra-ns\/","title":{"rendered":"Let&#8217;s Sing 2022 + 2 mikrofony (Gra NS)"},"content":{"rendered":"<p>Zosta\u0144 najwi\u0119ksz\u0105 supergwiazd\u0105 w Lets Sing 2022!                            <\/p>\n<p>Czy jeste\u015b got\u00f3w, aby zmierzy\u0107 si\u0119 z idealn\u0105 mieszank\u0105 30 nowych przeboj\u00f3w i klasyk\u00f3w wszech czas\u00f3w i rozpali\u0107 t\u0142umy? \u015apiewaj w pojedynk\u0119 lub wyzwij znajomych do walki na g\u0142osy w trybach gry online i offline, aby raz na zawsze ustali\u0107, kto z was \u015bpiewa najlepiej. W trybie Lets Party zmierz si\u0119 z maksymalnie o\u015bmioma piosenkarzami lub wspinaj si\u0119 na szczyt \u015bwiatowych ranking\u00f3w online.                            <\/p>\n<p>Pierwsza gra karaoke na nowej generacji konsol!Mocna lista piosenek: 30 hit\u00f3w z oryginalnymi teledyskami8 emocjonuj\u0105cych tryb\u00f3w gry: Legend, Classic, Mix Tape 2.0, Jukebox, Playlist Creator, Feat., World Contest i Lets PartyNie masz mikrofonu pod r\u0119k\u0105? \u017baden problem, przemie\u0144 w niego sw\u00f3j smartfon!Tryby wsp\u00f3\u0142pracy do 8 graczy &#8211; \u015apiewaj samemu lub z innymi, do czterech os\u00f3b                            <\/p>\n<p>PS4: wybierz pomi\u0119dzy maksymalnie 4 smartfonami, lub 2 mikrofonami USB + 2 headsetami, lub 2 mikrofonami USB + 2 mikrofonami od SingStara<br \/>\nPS5: wybierz pomi\u0119dzy maksymalnie 4 smartfonami lub 3 mikrofonami USB + 2 headsetami (brak wsparcia dla mikrofon\u00f3w SingStar)<br \/>\nNintendo Switch: wybierz pomi\u0119dzy maksymalnie 4 smartfonami, 2 mikrofonami USB i 1 headsetem<br \/>\nWspinaj si\u0119 w sieciowych rankingach i kup wi\u0119cej piosenek w sklepie internetowym, w zestawach tak ich jak Best of 90s, Party Classics i wi\u0119cej                            <\/p>\n<p>Tryby gry:<br \/>\nTryb Legendy: zosta\u0144 kr\u00f3lem karaoke w trybie dla jednego gracza. Z\u0142ap mikrofon, zbieraj gwiazdki, pokonaj konkurencj\u0119 i udowodnij, \u017ce to ty jeste\u015b prawdziw\u0105 gwiazd\u0105!<br \/>\nClassic: \u015bpiewanie solo lub z przyjaci\u00f3\u0142mi. Za\u015bpiewaj z odpowiedni\u0105 tonacj\u0105,aby uzyska\u0107 punkty. Jak wiele potrafisz ich zdoby\u0107?<br \/>\nMix Tape 2.0: tryb oparty na sk\u0142adankach. Ka\u017cda z nich jest generowana na bie\u017c\u0105co, dzi\u0119ki czemu s\u0105 niepowtarzalne.<br \/>\nFeat.: tryb wsp\u00f3\u0142pracy. Im lepiej za\u015bpiewacie razem, tym wy\u017cszy wsp\u00f3\u0142czynnik zgodno\u015bci. \u015apiewaj z rodzin\u0105 i przyjaci\u00f3\u0142mi lub ze swoim idolem w trybie jednoosobowym.<br \/>\nWorld Contest: podbij \u015bwiat! Wzbij si\u0119 na sam szczyt tabeli wynik\u00f3w lub rywalizuj z przyjaci\u00f3\u0142mi. Wybierz z kim chcesz wsp\u00f3\u0142zawodniczy\u0107 i spr\u00f3buj za\u015bpiewa\u0107 lepiej ni\u017c gracze online.<br \/>\nJukebox: odpocznij, po prostu s\u0142uchaj\u0105c muzyki.<br \/>\nLets Party: 8 graczy, 2 zespo\u0142y i losowo wybierane tryby gry z pi\u0119ciu dost\u0119pnych wynios\u0105 zabaw\u0119 na zupe\u0142nie inny poziom.<br \/>\nKreator playlisty: Nowy, ulepszony system pozwoli wybra\u0107 zar\u00f3wno tryb jak i piosenk\u0119. Gracz mo\u017ce teraz stworzy\u0107 w\u0142asn\u0105 playlist\u0119 i \u015bpiewa\u0107 do niej w trybach Classic oraz Feat.\u00a0                            <\/p>\n<p>\u00a0                            <\/p>\n<p>\u00a0                            <\/p>\n<p>\u00a0                            <\/p>\n<p>\u00a0                            <\/p>\n<p>\u00a0<\/p>\n<h2>Lets Sing 2022 + 2 mikrofony (Gra NS) Voxler<\/h2>\n<p>zabawy dla 6 latk\u00f3w, zosia samosia, prezent dla rocznej dziewczynki, zagadki typu co to jest, zaproszenia na urodziny do wydruku czarno bia\u0142e, asiunia test z lektury, zabawy dla 5 6 latk\u00f3w, mateusz imi\u0119, postacie z bajek, wiersze o wio\u015bnie jana brzechwy, bycie mam\u0105 cytaty<\/p>\n<p>yyyyy<\/p>\n<p>&nbsp;<\/p>\n","protected":false},"excerpt":{"rendered":"<p>Zosta\u0144 najwi\u0119ksz\u0105 supergwiazd\u0105 w Lets Sing 2022! Czy jeste\u015b got\u00f3w, aby zmierzy\u0107 si\u0119 z idealn\u0105 mieszank\u0105 30 nowych przeboj\u00f3w i klasyk\u00f3w wszech czas\u00f3w i rozpali\u0107 t\u0142umy? \u015apiewaj w pojedynk\u0119 lub wyzwij znajomych do walki na g\u0142osy w trybach gry online i offline, aby raz na zawsze ustali\u0107, kto z was \u015bpiewa najlepiej. W trybie Lets [&hellip;]<\/p>\n","protected":false},"featured_media":1877,"comment_status":"closed","ping_status":"open","template":"","meta":[],"product_cat":[348,478],"product_tag":[696,753,639,742,643],"class_list":["post-1876","product","type-product","status-publish","has-post-thumbnail","hentry","product_cat-gry-nintendo-switch","product_cat-voxler","product_tag-film-rodzinny-o-swietach","product_tag-kamila","product_tag-nela-imie","product_tag-piosenki-dla-dzieci-tekst","product_tag-prezent-dla-17-latki"],"_links":{"self":[{"href":"http:\/\/klubmamgdynia.pl\/index.php\/wp-json\/wp\/v2\/product\/1876","targetHints":{"allow":["GET"]}}],"collection":[{"href":"http:\/\/klubmamgdynia.pl\/index.php\/wp-json\/wp\/v2\/product"}],"about":[{"href":"http:\/\/klubmamgdynia.pl\/index.php\/wp-json\/wp\/v2\/types\/product"}],"replies":[{"embeddable":true,"href":"http:\/\/klubmamgdynia.pl\/index.php\/wp-json\/wp\/v2\/comments?post=1876"}],"wp:featuredmedia":[{"embeddable":true,"href":"http:\/\/klubmamgdynia.pl\/index.php\/wp-json\/wp\/v2\/media\/1877"}],"wp:attachment":[{"href":"http:\/\/klubmamgdynia.pl\/index.php\/wp-json\/wp\/v2\/media?parent=1876"}],"wp:term":[{"taxonomy":"product_cat","embeddable":true,"href":"http:\/\/klubmamgdynia.pl\/index.php\/wp-json\/wp\/v2\/product_cat?post=1876"},{"taxonomy":"product_tag","embeddable":true,"href":"http:\/\/klubmamgdynia.pl\/index.php\/wp-json\/wp\/v2\/product_tag?post=1876"}],"curies":[{"name":"wp","href":"https:\/\/api.w.org\/{rel}","templated":true}]}}