{"id":1878,"date":"2017-08-26T04:37:57","date_gmt":"2017-08-26T02:37:57","guid":{"rendered":"http:\/\/klubmamgdynia.pl\/index.php\/produkt\/hipo-figurka-tygrys-robot-hrd04\/"},"modified":"2026-04-08T08:41:32","modified_gmt":"2026-04-08T06:41:32","slug":"hipo-figurka-tygrys-robot-hrd04","status":"publish","type":"product","link":"http:\/\/klubmamgdynia.pl\/index.php\/produkt\/hipo-figurka-tygrys-robot-hrd04\/","title":{"rendered":"Hipo Figurka Tygrys Robot HRD04"},"content":{"rendered":"<p>-Tygrys \/ robot<\/p>\n<h2>Hipo Figurka Tygrys Robot HRD04 Hipo<\/h2>\n<p>laura, kamila, prezent dla dziewczynki 7 lat, imi\u0119 liwia, zagadki wielkanocne dla doros\u0142ych, sing 2 multikino, liwia imi\u0119, papuga kolorowanka, zagadki sprawdzaj\u0105ce inteligencj\u0119, kolorowanki pikachu, plac zamkowy, europa stolice quiz, ostatni dzwonek tekst<\/p>\n<p>yyyyy<\/p>\n<p>&nbsp;<\/p>\n","protected":false},"excerpt":{"rendered":"<p>-Tygrys \/ robot Hipo Figurka Tygrys Robot HRD04 Hipo laura, kamila, prezent dla dziewczynki 7 lat, imi\u0119 liwia, zagadki wielkanocne dla doros\u0142ych, sing 2 multikino, liwia imi\u0119, papuga kolorowanka, zagadki sprawdzaj\u0105ce inteligencj\u0119, kolorowanki pikachu, plac zamkowy, europa stolice quiz, ostatni dzwonek tekst yyyyy &nbsp;<\/p>\n","protected":false},"featured_media":1879,"comment_status":"closed","ping_status":"open","template":"","meta":[],"product_cat":[95,310],"product_tag":[750,851,861,739,779],"class_list":["post-1878","product","type-product","status-publish","has-post-thumbnail","hentry","product_cat-figurki-makiety-i-zestawy","product_cat-hipo","product_tag-imie-kostek","product_tag-jak-narysowac-kota","product_tag-jak-narysowac-psa","product_tag-prima-aprilis-w-szkole","product_tag-zarty-na-prima-aprilis-w-domu"],"_links":{"self":[{"href":"http:\/\/klubmamgdynia.pl\/index.php\/wp-json\/wp\/v2\/product\/1878","targetHints":{"allow":["GET"]}}],"collection":[{"href":"http:\/\/klubmamgdynia.pl\/index.php\/wp-json\/wp\/v2\/product"}],"about":[{"href":"http:\/\/klubmamgdynia.pl\/index.php\/wp-json\/wp\/v2\/types\/product"}],"replies":[{"embeddable":true,"href":"http:\/\/klubmamgdynia.pl\/index.php\/wp-json\/wp\/v2\/comments?post=1878"}],"wp:featuredmedia":[{"embeddable":true,"href":"http:\/\/klubmamgdynia.pl\/index.php\/wp-json\/wp\/v2\/media\/1879"}],"wp:attachment":[{"href":"http:\/\/klubmamgdynia.pl\/index.php\/wp-json\/wp\/v2\/media?parent=1878"}],"wp:term":[{"taxonomy":"product_cat","embeddable":true,"href":"http:\/\/klubmamgdynia.pl\/index.php\/wp-json\/wp\/v2\/product_cat?post=1878"},{"taxonomy":"product_tag","embeddable":true,"href":"http:\/\/klubmamgdynia.pl\/index.php\/wp-json\/wp\/v2\/product_tag?post=1878"}],"curies":[{"name":"wp","href":"https:\/\/api.w.org\/{rel}","templated":true}]}}