{"id":1884,"date":"2018-07-21T19:06:31","date_gmt":"2018-07-21T17:06:31","guid":{"rendered":"http:\/\/klubmamgdynia.pl\/index.php\/produkt\/kathay-haster-kolorowy-pluszowy-mis\/"},"modified":"2026-04-29T16:07:21","modified_gmt":"2026-04-29T14:07:21","slug":"kathay-haster-kolorowy-pluszowy-mis","status":"publish","type":"product","link":"http:\/\/klubmamgdynia.pl\/index.php\/produkt\/kathay-haster-kolorowy-pluszowy-mis\/","title":{"rendered":"Kathay Haster Kolorowy Pluszowy Mi\u015b"},"content":{"rendered":"<p>Kolorowy pluszowy mi\u015bTo urocze, wielokolorowe, przemi\u0142e w dotyku zwierz\u0105tko czeka na nowego w\u0142a\u015bciciela! Jest mi\u0119ciutki, idealny do przytulania. Produkt sprawi wiele rado\u015bci Twojemu dziecku lub b\u0119dzie \u015bwietnym prezentem dla bliskiej osoby na urodziny, Walentynki b\u0105d\u017a inne uroczysto\u015bci.Wymiary: 16 x 7 x 14 cm<\/p>\n<h2>Kathay Haster Kolorowy Pluszowy Mi\u015b <\/h2>\n<p>harry potter kolorowanka, jak narysowa\u0107, cytaty o nauczycielach, prezent dla nastolatk\u00f3w ch\u0142opc\u00f3w, bajka na dobranoc do czytania, harry potter kolorowanka, ciekawe miejsca w warszawie dla m\u0142odzie\u017cy, zagadki matematyczne z odpowiedziami, leon imi\u0119, szablony do wyklejania plastelin\u0105, quizy za darmo, kolorowanki wakacje, znaczenie imienia alan, kolorowanka lato, maski do wydruku<\/p>\n<p>yyyyy<\/p>\n<p>&nbsp;<\/p>\n","protected":false},"excerpt":{"rendered":"<p>Kolorowy pluszowy mi\u015bTo urocze, wielokolorowe, przemi\u0142e w dotyku zwierz\u0105tko czeka na nowego w\u0142a\u015bciciela! Jest mi\u0119ciutki, idealny do przytulania. Produkt sprawi wiele rado\u015bci Twojemu dziecku lub b\u0119dzie \u015bwietnym prezentem dla bliskiej osoby na urodziny, Walentynki b\u0105d\u017a inne uroczysto\u015bci.Wymiary: 16 x 7 x 14 cm Kathay Haster Kolorowy Pluszowy Mi\u015b harry potter kolorowanka, jak narysowa\u0107, cytaty o [&hellip;]<\/p>\n","protected":false},"featured_media":1885,"comment_status":"closed","ping_status":"open","template":"","meta":[],"product_cat":[42],"product_tag":[865,717,672,709,725],"class_list":["post-1884","product","type-product","status-publish","has-post-thumbnail","hentry","product_cat-maskotki","product_tag-cytaty-o-dzieciach","product_tag-prezent-roczek","product_tag-trudne-zagadki-z-odpowiedziami","product_tag-zagadki-dla-dzieci-6-7-lat","product_tag-zgadywanki"],"_links":{"self":[{"href":"http:\/\/klubmamgdynia.pl\/index.php\/wp-json\/wp\/v2\/product\/1884","targetHints":{"allow":["GET"]}}],"collection":[{"href":"http:\/\/klubmamgdynia.pl\/index.php\/wp-json\/wp\/v2\/product"}],"about":[{"href":"http:\/\/klubmamgdynia.pl\/index.php\/wp-json\/wp\/v2\/types\/product"}],"replies":[{"embeddable":true,"href":"http:\/\/klubmamgdynia.pl\/index.php\/wp-json\/wp\/v2\/comments?post=1884"}],"wp:featuredmedia":[{"embeddable":true,"href":"http:\/\/klubmamgdynia.pl\/index.php\/wp-json\/wp\/v2\/media\/1885"}],"wp:attachment":[{"href":"http:\/\/klubmamgdynia.pl\/index.php\/wp-json\/wp\/v2\/media?parent=1884"}],"wp:term":[{"taxonomy":"product_cat","embeddable":true,"href":"http:\/\/klubmamgdynia.pl\/index.php\/wp-json\/wp\/v2\/product_cat?post=1884"},{"taxonomy":"product_tag","embeddable":true,"href":"http:\/\/klubmamgdynia.pl\/index.php\/wp-json\/wp\/v2\/product_tag?post=1884"}],"curies":[{"name":"wp","href":"https:\/\/api.w.org\/{rel}","templated":true}]}}