{"id":1886,"date":"2016-04-29T18:30:51","date_gmt":"2016-04-29T16:30:51","guid":{"rendered":"http:\/\/klubmamgdynia.pl\/index.php\/produkt\/granna-rancho\/"},"modified":"2026-04-27T12:01:32","modified_gmt":"2026-04-27T10:01:32","slug":"granna-rancho","status":"publish","type":"product","link":"http:\/\/klubmamgdynia.pl\/index.php\/produkt\/granna-rancho\/","title":{"rendered":"Granna Rancho"},"content":{"rendered":"<p>Podczas 15 lat obecno\u015bci w Polsce i w wielu innych krajach \u015bwiata gra Superfarmer zdoby\u0142a rzesze fan\u00f3w. W rol\u0119 superfarmer\u00f3w wciela\u0142y si\u0119 dziesi\u0105tki tysi\u0119cy dzieci i doros\u0142ych na ca\u0142ym \u015bwiecie. RANCHO wykorzystuje najlepsze elementy rozgrywki z klasycznego pomys\u0142u, a przy tym zawiera wi\u0119cej element\u00f3w i mo\u017cliwo\u015bci strategicznych. Rzucaj\u0105c dwunasto\u015bciennymi kostkami, jeste\u015b farmerem, hodujesz zwierz\u0119ta, a rywalizuj\u0105c na wsp\u00f3lnej planszy masz szans\u0119 uczyni\u0107 swoje rancho najlepszym w okolicy. Masz do pomocy dzielne psy pasterskie, bo w pobliskim lesie na Twoje stada czyhaj\u0105 wilk i lis. Zawarto\u015b\u0107 pude\u0142ka: plansza, 96 \u017ceton\u00f3w zwierz\u0105t, 3 figurki du\u017cych ps\u00f3w, 3 figurki ma\u0142ych ps\u00f3w, dwie dwunasto\u015bcienne kostki, sze\u015bcienna kostka, kolorowe kr\u0105\u017cki, instrukcja.<\/p>\n<h2>Granna Rancho Granna<\/h2>\n<p>maska do druku, quiz zemsta, na roczek dla ch\u0142opca, gad\u017cety dla nastolatki, cytaty o wychowaniu i nauczaniu, opis na dzie\u0144 mamy, lato lato lato czeka, \u017carty na prima aprilis na rodzic\u00f3w, zagadki o zimie, quizy dla dzieci 10 lat, test miko\u0142ajek, \u015bw przemys\u0142aw, opowie\u015b\u0107 wigilijna test z odpowiedziami, prezenty urodzinowe dla nastolatk\u00f3w, opis o dziecku, zagadki o bo\u017cym narodzeniu, atrakcje dla nastolatk\u00f3w, jakie prezenty na roczek, zadania logiczne<\/p>\n<p>yyyyy<\/p>\n<p>&nbsp;<\/p>\n","protected":false},"excerpt":{"rendered":"<p>Podczas 15 lat obecno\u015bci w Polsce i w wielu innych krajach \u015bwiata gra Superfarmer zdoby\u0142a rzesze fan\u00f3w. W rol\u0119 superfarmer\u00f3w wciela\u0142y si\u0119 dziesi\u0105tki tysi\u0119cy dzieci i doros\u0142ych na ca\u0142ym \u015bwiecie. RANCHO wykorzystuje najlepsze elementy rozgrywki z klasycznego pomys\u0142u, a przy tym zawiera wi\u0119cej element\u00f3w i mo\u017cliwo\u015bci strategicznych. Rzucaj\u0105c dwunasto\u015bciennymi kostkami, jeste\u015b farmerem, hodujesz zwierz\u0119ta, a [&hellip;]<\/p>\n","protected":false},"featured_media":1887,"comment_status":"closed","ping_status":"open","template":"","meta":[],"product_cat":[430,130],"product_tag":[660,837,723,678,857,746],"class_list":["post-1886","product","type-product","status-publish","has-post-thumbnail","hentry","product_cat-granna","product_cat-gry-dzieciece","product_tag-bianka","product_tag-cicha-noc-po-angielsku","product_tag-krotkie-bajki-do-czytania-na-dobranoc","product_tag-prezent-na-roczek-dla-dziewczynki","product_tag-zagadki-dla-dzieci-7-8-lat","product_tag-zagadki-typu-co-to-jest"],"_links":{"self":[{"href":"http:\/\/klubmamgdynia.pl\/index.php\/wp-json\/wp\/v2\/product\/1886","targetHints":{"allow":["GET"]}}],"collection":[{"href":"http:\/\/klubmamgdynia.pl\/index.php\/wp-json\/wp\/v2\/product"}],"about":[{"href":"http:\/\/klubmamgdynia.pl\/index.php\/wp-json\/wp\/v2\/types\/product"}],"replies":[{"embeddable":true,"href":"http:\/\/klubmamgdynia.pl\/index.php\/wp-json\/wp\/v2\/comments?post=1886"}],"wp:featuredmedia":[{"embeddable":true,"href":"http:\/\/klubmamgdynia.pl\/index.php\/wp-json\/wp\/v2\/media\/1887"}],"wp:attachment":[{"href":"http:\/\/klubmamgdynia.pl\/index.php\/wp-json\/wp\/v2\/media?parent=1886"}],"wp:term":[{"taxonomy":"product_cat","embeddable":true,"href":"http:\/\/klubmamgdynia.pl\/index.php\/wp-json\/wp\/v2\/product_cat?post=1886"},{"taxonomy":"product_tag","embeddable":true,"href":"http:\/\/klubmamgdynia.pl\/index.php\/wp-json\/wp\/v2\/product_tag?post=1886"}],"curies":[{"name":"wp","href":"https:\/\/api.w.org\/{rel}","templated":true}]}}