{"id":1888,"date":"2014-09-17T11:10:38","date_gmt":"2014-09-17T09:10:38","guid":{"rendered":"http:\/\/klubmamgdynia.pl\/index.php\/produkt\/tullo-grzechotka-z-kulkami-068\/"},"modified":"2026-04-26T22:09:41","modified_gmt":"2026-04-26T20:09:41","slug":"tullo-grzechotka-z-kulkami-068","status":"publish","type":"product","link":"http:\/\/klubmamgdynia.pl\/index.php\/produkt\/tullo-grzechotka-z-kulkami-068\/","title":{"rendered":"Tullo Grzechotka Z Kulkami 068"},"content":{"rendered":"<p>Tullo &#8211; Grzechotka z kulkami &#8211; 068 Polska marka Tullo to specjalista w dziedzinie projektowania i produkcji zabawek dla najm\u0142odszych, bo dla dzieci ju\u017c od pierwszych dni \u017cycia. Klasyczne grzechotki s\u0105 lekkie i dopasowane rozmiarem do male\u0144kich r\u0105czek. Sk\u0142adaj\u0105 si\u0119 z bia\u0142ego stela\u017ca oraz jednej b\u0105d\u017a kilku grzechocz\u0105cych kuleczek, kt\u00f3re mo\u017cna obraca\u0107 wok\u00f3\u0142 w\u0142asnej osi i kt\u00f3re wydaj\u0105 d\u017awi\u0119k przy ka\u017cdym potrz\u0105\u015bni\u0119ciu. Grzechotki s\u0105 dla dziecka atrakcyjn\u0105 zabawk\u0105. A co najwa\u017cniejsze, stymuluj\u0105 zmys\u0142 wzroku, dotyku i s\u0142uchu wspieraj\u0105c integracj\u0119 sensoryczn\u0105 maluszka. Zabawki zosta\u0142y wyprodukowane w Polsce z bezpiecznych, atestowanych tworzyw sztucznych, wolnych od toksycznych substancji, takich jak BPA, ftalany czy metale ci\u0119\u017ckie. Producent: Tullo Seria: grzechotki Numer katalogowy: 068 Wiek dziecka: 0+ Wymiary opakowania: 20cm x 11cm x 4cm<\/p>\n<h2>Tullo Grzechotka Z Kulkami 068 Adamigo<\/h2>\n<p>mi\u0142osz imi\u0119, piosenka przyjed\u017a do nas miko\u0142aju, kr\u00f3tkie cytaty o mamie, test z lektury narnia lew czarownica i stara szafa, trudne zagadki na inteligencj\u0119, dzien matki cytaty, jak narysowa\u0107 psa krok po kroku, walentynka kolorowanka, zabawy na dzie\u0144 dziecka w szkole, wierszyk o wakacjach, jeziora blisko warszawy, rzadkie imiona \u017ce\u0144skie polskie, kolorowanki kotka, sentencja dla dziecka, wydarzenia dla dzieci warszawa, kiedy dzieci chodz\u0105 na halloween, henryk, zagadki logiczne i odpowiedzi, asiunia test, piosenka przyjed\u017a do nas miko\u0142aju, impreza halloween 2021 dla dzieci<\/p>\n<p>yyyyy<\/p>\n<p>&nbsp;<\/p>\n","protected":false},"excerpt":{"rendered":"<p>Tullo &#8211; Grzechotka z kulkami &#8211; 068 Polska marka Tullo to specjalista w dziedzinie projektowania i produkcji zabawek dla najm\u0142odszych, bo dla dzieci ju\u017c od pierwszych dni \u017cycia. Klasyczne grzechotki s\u0105 lekkie i dopasowane rozmiarem do male\u0144kich r\u0105czek. Sk\u0142adaj\u0105 si\u0119 z bia\u0142ego stela\u017ca oraz jednej b\u0105d\u017a kilku grzechocz\u0105cych kuleczek, kt\u00f3re mo\u017cna obraca\u0107 wok\u00f3\u0142 w\u0142asnej osi [&hellip;]<\/p>\n","protected":false},"featured_media":1889,"comment_status":"closed","ping_status":"open","template":"","meta":[],"product_cat":[234,63],"product_tag":[847,768,674,635],"class_list":["post-1888","product","type-product","status-publish","has-post-thumbnail","hentry","product_cat-adamigo","product_cat-grzechotki-i-gryzaki","product_tag-kolorowanki-pokemon","product_tag-krotkie-zagadki-logiczne","product_tag-miasto-dzieci","product_tag-znaki-drogowe-do-druku"],"_links":{"self":[{"href":"http:\/\/klubmamgdynia.pl\/index.php\/wp-json\/wp\/v2\/product\/1888","targetHints":{"allow":["GET"]}}],"collection":[{"href":"http:\/\/klubmamgdynia.pl\/index.php\/wp-json\/wp\/v2\/product"}],"about":[{"href":"http:\/\/klubmamgdynia.pl\/index.php\/wp-json\/wp\/v2\/types\/product"}],"replies":[{"embeddable":true,"href":"http:\/\/klubmamgdynia.pl\/index.php\/wp-json\/wp\/v2\/comments?post=1888"}],"wp:featuredmedia":[{"embeddable":true,"href":"http:\/\/klubmamgdynia.pl\/index.php\/wp-json\/wp\/v2\/media\/1889"}],"wp:attachment":[{"href":"http:\/\/klubmamgdynia.pl\/index.php\/wp-json\/wp\/v2\/media?parent=1888"}],"wp:term":[{"taxonomy":"product_cat","embeddable":true,"href":"http:\/\/klubmamgdynia.pl\/index.php\/wp-json\/wp\/v2\/product_cat?post=1888"},{"taxonomy":"product_tag","embeddable":true,"href":"http:\/\/klubmamgdynia.pl\/index.php\/wp-json\/wp\/v2\/product_tag?post=1888"}],"curies":[{"name":"wp","href":"https:\/\/api.w.org\/{rel}","templated":true}]}}