{"id":189,"date":"2011-02-23T19:58:12","date_gmt":"2011-02-23T18:58:12","guid":{"rendered":"http:\/\/klubmamgdynia.pl\/index.php\/produkt\/figurka-bandai-hg-1-144-gundam-age-3-normal\/"},"modified":"2026-04-06T18:43:48","modified_gmt":"2026-04-06T16:43:48","slug":"figurka-bandai-hg-1-144-gundam-age-3-normal","status":"publish","type":"product","link":"http:\/\/klubmamgdynia.pl\/index.php\/produkt\/figurka-bandai-hg-1-144-gundam-age-3-normal\/","title":{"rendered":"Figurka BANDAI HG 1\/144 Gundam AGE-3 Normal"},"content":{"rendered":"<p>Modele Gundam (\u30ac\u30f3\u30c0\u30e0) zwane r\u00f3wnie\u017c jako GUNPLA to modelowe zestawy przedstawiaj\u0105ce w unikalny spos\u00f3b pojazdy i postacie fikcyjnego wszech\u015bwiata Mobile Suit Gundam autorstwa Bandai. Te zestawy sta\u0142y si\u0119 popularne w\u015br\u00f3d mi\u0142o\u015bnik\u00f3w anime-mecha i entuzjast\u00f3w modeli w Japonii oraz innych krajach Azji.<\/p>\n<h2>Figurka BANDAI HG 1\/144 Gundam AGE-3 Normal Bandai<\/h2>\n<p>zgadywanki, miko\u0142ajki dla dzieci warszawa 2021, bajki dla niemowl\u0105t, zagadki do rozwi\u0105zania, zagadki dla dzieci 7 lat, miasto dzieci krak\u00f3w, prezent dla 7 latka, ozdoby \u015bwi\u0105teczne z rolek po papierze toaletowym, wiersze \u0142ama\u0144ce j\u0119zykowe dla dzieci, ozdoby wielkanocne kt\u00f3re mog\u0105 zrobi\u0107 dzieci, zabawki na roczek, ka\u0142u\u017cy\u015bci, wr\u00f3\u017cby andrzejkowe kolory, postacie z bajek, gaja imi\u0119, gdzie nad wod\u0119 ko\u0142o warszawy<\/p>\n<p>yyyyy<\/p>\n<p>&nbsp;<\/p>\n","protected":false},"excerpt":{"rendered":"<p>Modele Gundam (\u30ac\u30f3\u30c0\u30e0) zwane r\u00f3wnie\u017c jako GUNPLA to modelowe zestawy przedstawiaj\u0105ce w unikalny spos\u00f3b pojazdy i postacie fikcyjnego wszech\u015bwiata Mobile Suit Gundam autorstwa Bandai. Te zestawy sta\u0142y si\u0119 popularne w\u015br\u00f3d mi\u0142o\u015bnik\u00f3w anime-mecha i entuzjast\u00f3w modeli w Japonii oraz innych krajach Azji. Figurka BANDAI HG 1\/144 Gundam AGE-3 Normal Bandai zgadywanki, miko\u0142ajki dla dzieci warszawa 2021, [&hellip;]<\/p>\n","protected":false},"featured_media":190,"comment_status":"closed","ping_status":"open","template":"","meta":[],"product_cat":[96,97],"product_tag":[683,807,734,732],"class_list":["post-189","product","type-product","status-publish","has-post-thumbnail","hentry","product_cat-bandai","product_cat-figurki-kolekcjonerskie","product_tag-karaluchy-pod-poduchy","product_tag-logiczne-zagadki","product_tag-milan-imie","product_tag-prezent-dla-rocznego-chlopca"],"_links":{"self":[{"href":"http:\/\/klubmamgdynia.pl\/index.php\/wp-json\/wp\/v2\/product\/189","targetHints":{"allow":["GET"]}}],"collection":[{"href":"http:\/\/klubmamgdynia.pl\/index.php\/wp-json\/wp\/v2\/product"}],"about":[{"href":"http:\/\/klubmamgdynia.pl\/index.php\/wp-json\/wp\/v2\/types\/product"}],"replies":[{"embeddable":true,"href":"http:\/\/klubmamgdynia.pl\/index.php\/wp-json\/wp\/v2\/comments?post=189"}],"wp:featuredmedia":[{"embeddable":true,"href":"http:\/\/klubmamgdynia.pl\/index.php\/wp-json\/wp\/v2\/media\/190"}],"wp:attachment":[{"href":"http:\/\/klubmamgdynia.pl\/index.php\/wp-json\/wp\/v2\/media?parent=189"}],"wp:term":[{"taxonomy":"product_cat","embeddable":true,"href":"http:\/\/klubmamgdynia.pl\/index.php\/wp-json\/wp\/v2\/product_cat?post=189"},{"taxonomy":"product_tag","embeddable":true,"href":"http:\/\/klubmamgdynia.pl\/index.php\/wp-json\/wp\/v2\/product_tag?post=189"}],"curies":[{"name":"wp","href":"https:\/\/api.w.org\/{rel}","templated":true}]}}