{"id":1890,"date":"2019-11-03T16:15:13","date_gmt":"2019-11-03T15:15:13","guid":{"rendered":"http:\/\/klubmamgdynia.pl\/index.php\/produkt\/aden-anais-przytulanka-snuggle-knit-rosettes\/"},"modified":"2026-04-28T08:36:36","modified_gmt":"2026-04-28T06:36:36","slug":"aden-anais-przytulanka-snuggle-knit-rosettes","status":"publish","type":"product","link":"http:\/\/klubmamgdynia.pl\/index.php\/produkt\/aden-anais-przytulanka-snuggle-knit-rosettes\/","title":{"rendered":"Aden &amp; Anais Przytulanka Snuggle Knit Rosettes"},"content":{"rendered":"<p>aden+anais Przytulanka dzianinowa Snuggle Knit Lovey rosettesaden+anais\u00ae to paleta luksusowych produkt\u00f3w o doskona\u0142ej jako\u015bci wykonania i nietuzinkowym wzornictwie.Dzianinowe przytulanki aden+anais\u00ae wykonane s\u0105 z niezwykle mi\u0119kkiego i bardzo elastycznego materia\u0142u. Idealne dla wra\u017cliwej dzieci\u0119cej sk\u00f3ry i ma\u0142ych r\u0105czek. To jednocze\u015bnie zabawka i kocyk bezpiecze\u0144stwa, kt\u00f3ry ukoi i pocieszy maluchy w ka\u017cdym wieku.wymiary: 41x41cmsk\u0142ad: 76% wiskoza, 21% poliester, jersey z elastanem 3%Przed pierwszym u\u017cyciem kocyk nale\u017cy wypra\u0107.Nie wybiela\u0107, nie prasowa\u0107 i nie czy\u015bci\u0107 chemicznie.Pra\u0107 w temperaturze 30 stopni Celsjusza, suszy\u0107 rozwieszone.***aden+anais\u00ae \u0142\u0105czy tradycj\u0119 mu\u015blinu z modnymi aktualnymi wzorami i tworzy kolekcje produkt\u00f3w, kt\u00f3re s\u0105 r\u00f3wnie stylowe, co funkcjonalne i tak proste, jak i pi\u0119kne.aden+anais\u00ae jest wierne tkaninie jak\u0105 jest mu\u015blin, temu, jak wygl\u0105da, jaki jest w dotyku, jak dzia\u0142a oraz jak podnosi jako\u015b\u0107 \u017cycia dzieci i ich mam, niezale\u017cnie od tego, kim s\u0105 lub gdzie mieszkaj\u0105. Produkty aden+anais\u00ae otrzyma\u0142y wiele nagr\u00f3d.Bawe\u0142niany mu\u015blin to jedna z najstarszych na \u015bwiecie, najbardziej cenionych tkanin. Jej historia si\u0119ga 7000 lat wstecz do cywilizacji Doliny Indusu. By\u0142a u\u017cywana ju\u017c przez staro\u017cytnych Egipcjan do przewiania niemowl\u0105t. Ozdabia\u0142a szaty staro\u017cytnych Grek\u00f3w i Rzymian. Wykorzystywali j\u0105 XVII-wieczni krawcy we Francji do produkcji halek, a w \u015bredniowiecznej Europie ch\u0142opi szyli z niego ubrania. Mu\u015blin to tkanina, kt\u00f3ra \u0142\u0105czy ponadczasowo i mi\u0119dzykulturowo.<\/p>\n<h2>Aden &amp; Anais Przytulanka Snuggle Knit Rosettes Aden + Anais<\/h2>\n<p>nadia imi\u0119, kolorowanki, kolorowanki dla ch\u0142opc\u00f3w, kolorowanki miasto, mira imi\u0119, medrcy swiata, dyplomy do wydrukowania a4, lol surprise kolorowanka, nadia, bajki do czytania dla niemowl\u0105t, proste dekoracje bo\u017conarodzeniowe dla dzieci, zagadki dla dzieci do druku, tajemniczy ogr\u00f3d test z odpowiedziami, czapka g\u00f3rnika kolorowanka, babciu droga babciu tekst, aurora imi\u0119, mitologia grecka quiz, kolorowanki do pobrania, kolorowanki kotka, cytaty o macierzy\u0144stwie, u\u015bmiech dziecka wiersz<\/p>\n<p>yyyyy<\/p>\n<p>&nbsp;<\/p>\n","protected":false},"excerpt":{"rendered":"<p>aden+anais Przytulanka dzianinowa Snuggle Knit Lovey rosettesaden+anais\u00ae to paleta luksusowych produkt\u00f3w o doskona\u0142ej jako\u015bci wykonania i nietuzinkowym wzornictwie.Dzianinowe przytulanki aden+anais\u00ae wykonane s\u0105 z niezwykle mi\u0119kkiego i bardzo elastycznego materia\u0142u. Idealne dla wra\u017cliwej dzieci\u0119cej sk\u00f3ry i ma\u0142ych r\u0105czek. To jednocze\u015bnie zabawka i kocyk bezpiecze\u0144stwa, kt\u00f3ry ukoi i pocieszy maluchy w ka\u017cdym wieku.wymiary: 41x41cmsk\u0142ad: 76% wiskoza, 21% [&hellip;]<\/p>\n","protected":false},"featured_media":1891,"comment_status":"closed","ping_status":"open","template":"","meta":[],"product_cat":[480,26],"product_tag":[848,646,798],"class_list":["post-1890","product","type-product","status-publish","has-post-thumbnail","hentry","product_cat-aden-anais","product_cat-zabawki-do-wozka-lozeczka-i-fotelika","product_tag-cytat-o-rodzinie","product_tag-prezent-na-pierwsze-urodziny","product_tag-prezenty-dla-nastolatki"],"_links":{"self":[{"href":"http:\/\/klubmamgdynia.pl\/index.php\/wp-json\/wp\/v2\/product\/1890","targetHints":{"allow":["GET"]}}],"collection":[{"href":"http:\/\/klubmamgdynia.pl\/index.php\/wp-json\/wp\/v2\/product"}],"about":[{"href":"http:\/\/klubmamgdynia.pl\/index.php\/wp-json\/wp\/v2\/types\/product"}],"replies":[{"embeddable":true,"href":"http:\/\/klubmamgdynia.pl\/index.php\/wp-json\/wp\/v2\/comments?post=1890"}],"wp:featuredmedia":[{"embeddable":true,"href":"http:\/\/klubmamgdynia.pl\/index.php\/wp-json\/wp\/v2\/media\/1891"}],"wp:attachment":[{"href":"http:\/\/klubmamgdynia.pl\/index.php\/wp-json\/wp\/v2\/media?parent=1890"}],"wp:term":[{"taxonomy":"product_cat","embeddable":true,"href":"http:\/\/klubmamgdynia.pl\/index.php\/wp-json\/wp\/v2\/product_cat?post=1890"},{"taxonomy":"product_tag","embeddable":true,"href":"http:\/\/klubmamgdynia.pl\/index.php\/wp-json\/wp\/v2\/product_tag?post=1890"}],"curies":[{"name":"wp","href":"https:\/\/api.w.org\/{rel}","templated":true}]}}