{"id":1894,"date":"2023-02-26T08:21:25","date_gmt":"2023-02-26T07:21:25","guid":{"rendered":"http:\/\/klubmamgdynia.pl\/?post_type=product&#038;p=1894"},"modified":"2026-05-17T22:24:38","modified_gmt":"2026-05-17T20:24:38","slug":"arexx-zestaw-lampy-led-jsr-mlk-1szt","status":"publish","type":"product","link":"http:\/\/klubmamgdynia.pl\/index.php\/produkt\/arexx-zestaw-lampy-led-jsr-mlk-1szt\/","title":{"rendered":"Arexx Zestaw Lampy Led Jsr Mlk 1Szt."},"content":{"rendered":"<p>Zestaw magicznego \u015bwiat\u0142aSk\u0142adaj i ucz si\u0119 samZbuduj w\u0142asn\u0105 magiczn\u0105 lamp\u0119 i dowiedz si\u0119, jak dzia\u0142aj\u0105 wspania\u0142e lampy LED. Nie tylko fajnie jest w\u0142\u0105czy\u0107 lamp\u0119 w pokoju: r\u00f3wnie ekscytuj\u0105ce jest z\u0142o\u017cenie takiego urz\u0105dzenia.Ten produkt zosta\u0142 opracowany jako zestaw SCHOOLLABOR dla wszystkich zainteresowanych technologi\u0105. Celem tego produktu jest z\u0142o\u017cenie urz\u0105dzenia i obs\u0142uga go za pomoc\u0105 2 ogniw baterii AA.Uwaga! Opis tego produktu zosta\u0142 przet\u0142umaczony automatycznie. Je\u015bli mo\u017cemy poprawi\u0107 go dzi\u0119ki Tobie, prosimy o kontakt.Wskaz\u00f3wki: Ten produkt nie jest zabawk\u0105 i nie jest odpowiedni dla dzieci poni\u017cej 5 roku \u017cycia. U\u017cycie niezgodne z niniejsz\u0105 instrukcj\u0105 obs\u0142ugi mo\u017ce prowadzi\u0107 do uszkodze\u0144.<\/p>\n<h2>Arexx Zestaw Lampy Led Jsr Mlk 1Szt. Arexx<\/h2>\n<p>melania znaczenie imienia, maska iron man, cytaty korczak, cytaty o mi\u0142o\u015bci kubu\u015b puchatek, prezenty dla 15 latki, kuba imie, eneduerabe, piosenka dla mamy tekst, zimowe zagadki dla dzieci, znaki drogowe test online, zings kolorowanka, prezent na pierwsze urodziny, szybkie zagadki matematyczne, m.i.a., \u015bw przemys\u0142aw, nauka zegara, pytania zagadki<\/p>\n<p>yyyyy<\/p>\n<p>&nbsp;<\/p>\n","protected":false},"excerpt":{"rendered":"<p>Zestaw magicznego \u015bwiat\u0142aSk\u0142adaj i ucz si\u0119 samZbuduj w\u0142asn\u0105 magiczn\u0105 lamp\u0119 i dowiedz si\u0119, jak dzia\u0142aj\u0105 wspania\u0142e lampy LED. Nie tylko fajnie jest w\u0142\u0105czy\u0107 lamp\u0119 w pokoju: r\u00f3wnie ekscytuj\u0105ce jest z\u0142o\u017cenie takiego urz\u0105dzenia.Ten produkt zosta\u0142 opracowany jako zestaw SCHOOLLABOR dla wszystkich zainteresowanych technologi\u0105. Celem tego produktu jest z\u0142o\u017cenie urz\u0105dzenia i obs\u0142uga go za pomoc\u0105 2 ogniw [&hellip;]<\/p>\n","protected":false},"featured_media":1895,"comment_status":"closed","ping_status":"open","template":"","meta":[],"product_cat":[481,482],"product_tag":[831,828,856,803],"class_list":["post-1894","product","type-product","status-publish","has-post-thumbnail","hentry","product_cat-arexx","product_cat-gadzety","product_tag-bruno","product_tag-filmy-wigilijne-dla-dzieci","product_tag-prezent-dla-16-latki","product_tag-szlaczki-do-druku"],"_links":{"self":[{"href":"http:\/\/klubmamgdynia.pl\/index.php\/wp-json\/wp\/v2\/product\/1894","targetHints":{"allow":["GET"]}}],"collection":[{"href":"http:\/\/klubmamgdynia.pl\/index.php\/wp-json\/wp\/v2\/product"}],"about":[{"href":"http:\/\/klubmamgdynia.pl\/index.php\/wp-json\/wp\/v2\/types\/product"}],"replies":[{"embeddable":true,"href":"http:\/\/klubmamgdynia.pl\/index.php\/wp-json\/wp\/v2\/comments?post=1894"}],"wp:featuredmedia":[{"embeddable":true,"href":"http:\/\/klubmamgdynia.pl\/index.php\/wp-json\/wp\/v2\/media\/1895"}],"wp:attachment":[{"href":"http:\/\/klubmamgdynia.pl\/index.php\/wp-json\/wp\/v2\/media?parent=1894"}],"wp:term":[{"taxonomy":"product_cat","embeddable":true,"href":"http:\/\/klubmamgdynia.pl\/index.php\/wp-json\/wp\/v2\/product_cat?post=1894"},{"taxonomy":"product_tag","embeddable":true,"href":"http:\/\/klubmamgdynia.pl\/index.php\/wp-json\/wp\/v2\/product_tag?post=1894"}],"curies":[{"name":"wp","href":"https:\/\/api.w.org\/{rel}","templated":true}]}}