{"id":1896,"date":"2020-06-04T09:24:44","date_gmt":"2020-06-04T07:24:44","guid":{"rendered":"http:\/\/klubmamgdynia.pl\/index.php\/produkt\/jabadabado-zawieszka-do-wozka-krolik\/"},"modified":"2026-04-20T10:57:49","modified_gmt":"2026-04-20T08:57:49","slug":"jabadabado-zawieszka-do-wozka-krolik","status":"publish","type":"product","link":"http:\/\/klubmamgdynia.pl\/index.php\/produkt\/jabadabado-zawieszka-do-wozka-krolik\/","title":{"rendered":"Jabadabado Zawieszka Do W\u00f3zka Kr\u00f3lik"},"content":{"rendered":"<p>Zawieszka do w\u00f3zka kr\u00f3lik JabadabadoUrocza zawieszka z s\u0142odkimi zwierzakami ,to \u0142a\u0144cuch grzechotek do w\u00f3zka skandynawskiej marki Jabadabado . Jest to idealna zabawka dla ma\u0142ych odkrywc\u00f3w, zapewni wiele wra\u017ce\u0144 podczas spaceru w w\u00f3zku, jazdy samochodem lub zabawy na macie. Posiada uniwersalne klipsy, dzi\u0119ki kt\u00f3rym z \u0142atwo\u015bci\u0105 je przypniesz, tam gdzie tylko zechcesz. Poszczeg\u00f3lne elementy: kr\u00f3lik, mi\u015b i gwiazda wydaj\u0105 ciche d\u017awi\u0119ki i szeleszcz\u0105.Wymiary: 32 ncmWiek: 0+Jabadabado to szwedzka marka istniej\u0105ca na rynku od 1993 roku specjalizuj\u0105ca si\u0119 w projektowaniu i produkcji zabawek drewnianych, element\u00f3w wyposa\u017cenia pokoi dzieci\u0119cych. Wszystkie produkty Jabadabado cechuje oryginalny design, pi\u0119kna kolorystyka i niezwykle staranne wykonanie. Wszystkie zabawki marki Jabadabado stworzone s\u0105 z my\u015bl\u0105 o dzieciach i pobudzaj\u0105 do kreatywnej zabawy.<\/p>\n<h2>Jabadabado Zawieszka Do W\u00f3zka Kr\u00f3lik Jabadabado<\/h2>\n<p>platformy edukacyjne, ju\u017c blisko kol\u0119da tekst, malowanki do druku, quiz stolice europy, quiz o psie kt\u00f3ry je\u017adzi\u0142 kolej\u0105, znane misie z film\u00f3w animowanych, walentynka kolorowanka, prezenty na 1 roczek, gry dla m\u0142odzie\u017cy, dzie\u0144 nauczyciela cytaty, bajki dla dziewczynek<\/p>\n<p>yyyyy<\/p>\n<p>&nbsp;<\/p>\n","protected":false},"excerpt":{"rendered":"<p>Zawieszka do w\u00f3zka kr\u00f3lik JabadabadoUrocza zawieszka z s\u0142odkimi zwierzakami ,to \u0142a\u0144cuch grzechotek do w\u00f3zka skandynawskiej marki Jabadabado . Jest to idealna zabawka dla ma\u0142ych odkrywc\u00f3w, zapewni wiele wra\u017ce\u0144 podczas spaceru w w\u00f3zku, jazdy samochodem lub zabawy na macie. Posiada uniwersalne klipsy, dzi\u0119ki kt\u00f3rym z \u0142atwo\u015bci\u0105 je przypniesz, tam gdzie tylko zechcesz. Poszczeg\u00f3lne elementy: kr\u00f3lik, mi\u015b [&hellip;]<\/p>\n","protected":false},"featured_media":1897,"comment_status":"closed","ping_status":"open","template":"","meta":[],"product_cat":[483,26],"product_tag":[825,619,742,636,737],"class_list":["post-1896","product","type-product","status-publish","has-post-thumbnail","hentry","product_cat-jabadabado","product_cat-zabawki-do-wozka-lozeczka-i-fotelika","product_tag-bajka-na-dobranoc-do-czytania","product_tag-iwo-imie","product_tag-piosenki-dla-dzieci-tekst","product_tag-teksty-kolysanek","product_tag-test-z-lektury-felix-net-i-nika-oraz-gang-niewidzialnych-ludzi"],"_links":{"self":[{"href":"http:\/\/klubmamgdynia.pl\/index.php\/wp-json\/wp\/v2\/product\/1896","targetHints":{"allow":["GET"]}}],"collection":[{"href":"http:\/\/klubmamgdynia.pl\/index.php\/wp-json\/wp\/v2\/product"}],"about":[{"href":"http:\/\/klubmamgdynia.pl\/index.php\/wp-json\/wp\/v2\/types\/product"}],"replies":[{"embeddable":true,"href":"http:\/\/klubmamgdynia.pl\/index.php\/wp-json\/wp\/v2\/comments?post=1896"}],"wp:featuredmedia":[{"embeddable":true,"href":"http:\/\/klubmamgdynia.pl\/index.php\/wp-json\/wp\/v2\/media\/1897"}],"wp:attachment":[{"href":"http:\/\/klubmamgdynia.pl\/index.php\/wp-json\/wp\/v2\/media?parent=1896"}],"wp:term":[{"taxonomy":"product_cat","embeddable":true,"href":"http:\/\/klubmamgdynia.pl\/index.php\/wp-json\/wp\/v2\/product_cat?post=1896"},{"taxonomy":"product_tag","embeddable":true,"href":"http:\/\/klubmamgdynia.pl\/index.php\/wp-json\/wp\/v2\/product_tag?post=1896"}],"curies":[{"name":"wp","href":"https:\/\/api.w.org\/{rel}","templated":true}]}}