{"id":1898,"date":"2021-10-06T11:15:05","date_gmt":"2021-10-06T09:15:05","guid":{"rendered":"http:\/\/klubmamgdynia.pl\/index.php\/produkt\/chicco-polly-progres5-clouds\/"},"modified":"2026-05-17T23:20:30","modified_gmt":"2026-05-17T21:20:30","slug":"chicco-polly-progres5-clouds","status":"publish","type":"product","link":"http:\/\/klubmamgdynia.pl\/index.php\/produkt\/chicco-polly-progres5-clouds\/","title":{"rendered":"Chicco Polly Progres5 Clouds"},"content":{"rendered":"<p>8058664150816<\/p>\n<h2>Chicco Polly Progres5 Clouds Chicco<\/h2>\n<p>prezent na roczek nie zabawka, nauczyciel cytaty, atrakcje do 30 km od wroc\u0142awia, ko\u0142ysanki dla dzieci tekst, prosta zagadka, maska batmana do druku, dzie\u0144 pluszowego misia napis, tekst kolysanek, pieski pies kolorowanka, cytaty ma\u0142y ksi\u0105\u017ce, zagadki o zwierz\u0119tach domowych, sentencje o dzieciach, bajka o miko\u0142aju do czytania, zak\u0142adka do ksi\u0105\u017cki szablon do druku, szablony papierowe lalki do ubierania do wydruku, bajki do czytania dla niemowl\u0105t<\/p>\n<p>yyyyy<\/p>\n<p>&nbsp;<\/p>\n","protected":false},"excerpt":{"rendered":"<p>8058664150816 Chicco Polly Progres5 Clouds Chicco prezent na roczek nie zabawka, nauczyciel cytaty, atrakcje do 30 km od wroc\u0142awia, ko\u0142ysanki dla dzieci tekst, prosta zagadka, maska batmana do druku, dzie\u0144 pluszowego misia napis, tekst kolysanek, pieski pies kolorowanka, cytaty ma\u0142y ksi\u0105\u017ce, zagadki o zwierz\u0119tach domowych, sentencje o dzieciach, bajka o miko\u0142aju do czytania, zak\u0142adka do [&hellip;]<\/p>\n","protected":false},"featured_media":1899,"comment_status":"closed","ping_status":"open","template":"","meta":[],"product_cat":[312,158],"product_tag":[801,728,652,703,732,751],"class_list":["post-1898","product","type-product","status-publish","has-post-thumbnail","hentry","product_cat-chicco","product_cat-krzeselka-do-karmienia","product_tag-bajki-terapeutyczne-o-emocjach","product_tag-bezwarunkowa-milosc-do-dziecka-cytaty","product_tag-otto","product_tag-prezent-dla-nastolatki","product_tag-prezent-dla-rocznego-chlopca","product_tag-psi-patrol-kolorowanka"],"_links":{"self":[{"href":"http:\/\/klubmamgdynia.pl\/index.php\/wp-json\/wp\/v2\/product\/1898","targetHints":{"allow":["GET"]}}],"collection":[{"href":"http:\/\/klubmamgdynia.pl\/index.php\/wp-json\/wp\/v2\/product"}],"about":[{"href":"http:\/\/klubmamgdynia.pl\/index.php\/wp-json\/wp\/v2\/types\/product"}],"replies":[{"embeddable":true,"href":"http:\/\/klubmamgdynia.pl\/index.php\/wp-json\/wp\/v2\/comments?post=1898"}],"wp:featuredmedia":[{"embeddable":true,"href":"http:\/\/klubmamgdynia.pl\/index.php\/wp-json\/wp\/v2\/media\/1899"}],"wp:attachment":[{"href":"http:\/\/klubmamgdynia.pl\/index.php\/wp-json\/wp\/v2\/media?parent=1898"}],"wp:term":[{"taxonomy":"product_cat","embeddable":true,"href":"http:\/\/klubmamgdynia.pl\/index.php\/wp-json\/wp\/v2\/product_cat?post=1898"},{"taxonomy":"product_tag","embeddable":true,"href":"http:\/\/klubmamgdynia.pl\/index.php\/wp-json\/wp\/v2\/product_tag?post=1898"}],"curies":[{"name":"wp","href":"https:\/\/api.w.org\/{rel}","templated":true}]}}