{"id":1900,"date":"2021-07-09T18:43:35","date_gmt":"2021-07-09T16:43:35","guid":{"rendered":"http:\/\/klubmamgdynia.pl\/index.php\/produkt\/playmobil-70400-1-2-3-plac-zabaw-dla-bajek\/"},"modified":"2026-05-02T20:50:06","modified_gmt":"2026-05-02T18:50:06","slug":"playmobil-70400-1-2-3-plac-zabaw-dla-bajek","status":"publish","type":"product","link":"http:\/\/klubmamgdynia.pl\/index.php\/produkt\/playmobil-70400-1-2-3-plac-zabaw-dla-bajek\/","title":{"rendered":"Playmobil 70400 1 2 3 Plac Zabaw Dla Bajek"},"content":{"rendered":"<p>Zestawy PLAYMOBIL z serii 1.2.3 podzielone s\u0105 na trzy etapy rozwoju dziecka w pierwszych latach jego \u017cycia. Nowe mo\u017cliwo\u015bci \u0142\u0105czenia zestaw\u00f3w oraz wiele zawartych w nich akcesori\u00f3w sprawiaj\u0105, \u017ce z ka\u017cdym kolejnym etapem zabawki staj\u0105 si\u0119 coraz bardziej interesuj\u0105ce. Poziomy \u0141atwy start, Pierwsze wyzwanie i Ma\u0142y ekspert nast\u0119puj\u0105 po sobie i umo\u017cliwiaj\u0105 rodzicom obserwacj\u0119 wa\u017cnych faz rozwoju ich dzieci.Plac zabaw wr\u00f3\u017cek 70400. Na zaczarowanym placu zabaw zbieraj\u0105 si\u0119 zwierz\u0119ta. Wiewi\u00f3rka, sowa i jednoro\u017cec opowiadaj\u0105 niezwyk\u0142e, czarodziejskie historie. Zestaw z figurk\u0105 wr\u00f3\u017cki, zwierz\u0119tami, hu\u015btawk\u0105 i zje\u017cd\u017calni\u0105.Zawarto\u015b\u0107 i cechy zestawu:Figurki: 1 wr\u00f3\u017ckaZwierz\u0119ta: 1 jednoro\u017cec, 1 sowa, 1 wiewi\u00f3rkaAkcesoria: 1 drzewo wr\u00f3\u017cek z hu\u015btawk\u0105 i zje\u017cd\u017calni\u0105, 1 pokarm, 1 kwiat na trawie<\/p>\n<h2>Playmobil 70400 1 2 3 Plac Zabaw Dla Bajek Playmobil<\/h2>\n<p>wroc\u0142aw dla dzieci, stare wierszyki dla dzieci, jagna imi\u0119, cytaty na dzien dziecka, podchwytliwe zagadki dla dzieci, ma\u0142y ksi\u0105\u017c\u0119 cytaty o mi\u0142o\u015bci, test z lektury pies kt\u00f3ry je\u017adzi\u0142 kolej\u0105, zaproszenie na urodziny do druku, zadania logiczne dla dzieci<\/p>\n<p>yyyyy<\/p>\n<p>&nbsp;<\/p>\n","protected":false},"excerpt":{"rendered":"<p>Zestawy PLAYMOBIL z serii 1.2.3 podzielone s\u0105 na trzy etapy rozwoju dziecka w pierwszych latach jego \u017cycia. Nowe mo\u017cliwo\u015bci \u0142\u0105czenia zestaw\u00f3w oraz wiele zawartych w nich akcesori\u00f3w sprawiaj\u0105, \u017ce z ka\u017cdym kolejnym etapem zabawki staj\u0105 si\u0119 coraz bardziej interesuj\u0105ce. Poziomy \u0141atwy start, Pierwsze wyzwanie i Ma\u0142y ekspert nast\u0119puj\u0105 po sobie i umo\u017cliwiaj\u0105 rodzicom obserwacj\u0119 wa\u017cnych [&hellip;]<\/p>\n","protected":false},"featured_media":1901,"comment_status":"closed","ping_status":"open","template":"","meta":[],"product_cat":[113,466],"product_tag":[833,753,867,631],"class_list":["post-1900","product","type-product","status-publish","has-post-thumbnail","hentry","product_cat-klocki","product_cat-playmobil","product_tag-bajki-dla-dzieci-do-czytania","product_tag-kamila","product_tag-kolorowanki-dla-dziewczynek","product_tag-prezent-na-roczek"],"_links":{"self":[{"href":"http:\/\/klubmamgdynia.pl\/index.php\/wp-json\/wp\/v2\/product\/1900","targetHints":{"allow":["GET"]}}],"collection":[{"href":"http:\/\/klubmamgdynia.pl\/index.php\/wp-json\/wp\/v2\/product"}],"about":[{"href":"http:\/\/klubmamgdynia.pl\/index.php\/wp-json\/wp\/v2\/types\/product"}],"replies":[{"embeddable":true,"href":"http:\/\/klubmamgdynia.pl\/index.php\/wp-json\/wp\/v2\/comments?post=1900"}],"wp:featuredmedia":[{"embeddable":true,"href":"http:\/\/klubmamgdynia.pl\/index.php\/wp-json\/wp\/v2\/media\/1901"}],"wp:attachment":[{"href":"http:\/\/klubmamgdynia.pl\/index.php\/wp-json\/wp\/v2\/media?parent=1900"}],"wp:term":[{"taxonomy":"product_cat","embeddable":true,"href":"http:\/\/klubmamgdynia.pl\/index.php\/wp-json\/wp\/v2\/product_cat?post=1900"},{"taxonomy":"product_tag","embeddable":true,"href":"http:\/\/klubmamgdynia.pl\/index.php\/wp-json\/wp\/v2\/product_tag?post=1900"}],"curies":[{"name":"wp","href":"https:\/\/api.w.org\/{rel}","templated":true}]}}